{"id":12219,"date":"2021-12-23T17:49:38","date_gmt":"2021-12-23T16:49:38","guid":{"rendered":"https:\/\/beta.efaktura.nl\/koszty\/"},"modified":"2024-03-01T09:02:13","modified_gmt":"2024-03-01T08:02:13","slug":"expenses","status":"publish","type":"page","link":"https:\/\/efaktura.nl\/en\/expenses\/","title":{"rendered":"Expenses"},"content":{"rendered":"\n<div class=\"wp-block-group\"><div class=\"wp-block-group__inner-container is-layout-constrained wp-block-group-is-layout-constrained\">\n<h1 class=\"wp-block-heading has-text-align-center\">Your business doesn\u2019t generate any expenses? That\u2019s impossible!<\/h1>\n\n\n\n<p class=\"has-text-align-center wstep wp-block-paragraph\">Controlling your company\u2019s expenses means paying less tax.<\/p>\n\n\n\n<div class=\"wp-block-columns w990 is-layout-flex wp-container-core-columns-is-layout-8f761849 wp-block-columns-is-layout-flex\">\n<div class=\"wp-block-column is-vertically-aligned-center is-layout-flow wp-block-column-is-layout-flow\" style=\"--col-width:25%;flex-basis:25%\">\n<p class=\"has-text-align-center odreczny has-big-font-size wp-block-paragraph\">Upload photographs of receipts and invoices, complete expense description.<\/p>\n\n\n<div class=\"wp-block-image desktophide blok\">\n<figure class=\"alignright size-full\" data-aos=\"zoom-in\" data-aos-duration=\"1000\"><img loading=\"lazy\" decoding=\"async\" width=\"62\" height=\"58\" src=\"http:\/\/efaktura.nl\/wp-content\/uploads\/expenses-arrow-bottom-right.png\" alt=\"Strza\u0142ka w d\u00f3\u0142\" class=\"wp-image-9674\"\/><\/figure>\n<\/div>\n\n<div class=\"wp-block-image tablethide \">\n<figure class=\"aligncenter size-full\" data-aos=\"zoom-in\" data-aos-duration=\"1000\"><img loading=\"lazy\" decoding=\"async\" width=\"95\" height=\"66\" src=\"http:\/\/efaktura.nl\/wp-content\/uploads\/expenses-arrow-left.png\" alt=\"Strza\u0142ka w prawo\" class=\"wp-image-9619\"\/><\/figure>\n<\/div><\/div>\n\n\n\n<div class=\"wp-block-column is-layout-flow wp-block-column-is-layout-flow\" style=\"--col-width:50%;flex-basis:50%\"><div class=\"wp-block-image\">\n<figure class=\"aligncenter size-full\"><img loading=\"lazy\" decoding=\"async\" width=\"536\" height=\"350\" src=\"http:\/\/efaktura.nl\/wp-content\/uploads\/efaktura-expenses.png\" alt=\"Rozliczanie koszt\u00f3w firmy w Holandii, Belgii lub Niemczech\" class=\"wp-image-9613\" style=\"aspect-ratio:1.5314285714285714;object-fit:contain\" srcset=\"https:\/\/efaktura.nl\/wp-content\/uploads\/efaktura-expenses.png 536w, https:\/\/efaktura.nl\/wp-content\/uploads\/efaktura-expenses-300x196.png 300w, https:\/\/efaktura.nl\/wp-content\/uploads\/efaktura-expenses-480x313.png 480w\" sizes=\"auto, (max-width: 536px) 100vw, 536px\" \/><\/figure>\n<\/div><\/div>\n\n\n\n<div class=\"wp-block-column is-vertically-aligned-center is-layout-flow wp-block-column-is-layout-flow\" style=\"--col-width:25%;flex-basis:25%\"><div class=\"wp-block-image tablethide \">\n<figure class=\"aligncenter size-full\" data-aos=\"zoom-in\" data-aos-duration=\"1000\"><img loading=\"lazy\" decoding=\"async\" width=\"108\" height=\"85\" src=\"http:\/\/efaktura.nl\/wp-content\/uploads\/arrow-inv-right.png\" alt=\"Strza\u0142ka w lewo\" class=\"wp-image-8681\"\/><\/figure>\n<\/div>\n\n<div class=\"wp-block-image desktophide blok\">\n<figure class=\"alignleft size-full\" data-aos=\"zoom-in\" data-aos-duration=\"1000\"><img loading=\"lazy\" decoding=\"async\" width=\"59\" height=\"61\" src=\"http:\/\/efaktura.nl\/wp-content\/uploads\/expenses-arrow-top-left.png\" alt=\"Strza\u0142ka do g\u00f3ry\" class=\"wp-image-9677\"\/><\/figure>\n<\/div>\n\n\n<p class=\"has-text-align-center odreczny has-big-font-size wp-block-paragraph\">Your documents in digital version are as important as the paper ones!<\/p>\n<\/div>\n<\/div>\n\n\n\n<div style=\"height:25px\" aria-hidden=\"true\" class=\"wp-block-spacer\"><\/div>\n\n\n\n<div class=\"wp-block-buttons is-content-justification-center is-layout-flex wp-container-core-buttons-is-layout-fe48e5de wp-block-buttons-is-layout-flex\">\n<div class=\"wp-block-button\"><a class=\"wp-block-button__link wp-element-button\" href=\"https:\/\/app.efaktura.nl\/?lang=en#\/register\">REGISTER COSTS<\/a><\/div>\n<\/div>\n<\/div><\/div>\n\n\n\n<div class=\"wp-block-group has-background\" style=\"background-color:#f2f2f2\"><div class=\"wp-block-group__inner-container is-layout-constrained wp-block-group-is-layout-constrained\">\n<h2 class=\"wp-block-heading has-text-align-center\">Why is expense registration so important?<\/h2>\n\n\n\n<div style=\"height:40px\" aria-hidden=\"true\" class=\"wp-block-spacer\"><\/div>\n\n\n\n<div class=\"wp-block-columns is-layout-flex wp-container-core-columns-is-layout-8f761849 wp-block-columns-is-layout-flex\">\n<div class=\"wp-block-column is-layout-flow wp-block-column-is-layout-flow\"><div class=\"wp-block-image\">\n<figure class=\"aligncenter size-full is-resized\"><img loading=\"lazy\" decoding=\"async\" width=\"91\" height=\"120\" src=\"http:\/\/efaktura.nl\/wp-content\/uploads\/expenses-file-color2.png\" alt=\"Dokumenty kosztowe\" class=\"wp-image-10895\" style=\"object-fit:contain;width:83px;height:110px\"\/><\/figure>\n<\/div>\n\n\n<h3 class=\"wp-block-heading has-text-align-center\">How do you organize your expense documents?<\/h3>\n\n\n\n<p class=\"has-text-align-center wp-block-paragraph\">Having a simple and convenient way for doing it will boost your planning skills and give you a far better control over the company\u2019s expenses.<\/p>\n<\/div>\n\n\n\n<div class=\"wp-block-column is-layout-flow wp-block-column-is-layout-flow\"><div class=\"wp-block-image\">\n<figure class=\"aligncenter size-full is-resized\"><img loading=\"lazy\" decoding=\"async\" width=\"118\" height=\"120\" src=\"http:\/\/efaktura.nl\/wp-content\/uploads\/expenses-project-color2.png\" alt=\"Dokumenty kosztowe w projekcie\" class=\"wp-image-10898\" style=\"object-fit:contain;width:108px;height:110px\"\/><\/figure>\n<\/div>\n\n\n<h3 class=\"wp-block-heading has-text-align-center\">Bumped into undervaluation?<\/h3>\n\n\n\n<p class=\"has-text-align-center wp-block-paragraph\">In eFaktura any expense can be attached to a specific client or project.<\/p>\n\n\n\n<p class=\"has-text-align-center wp-block-paragraph\">Check your actual expenses while making the final project settlement. Include them in your invoice and make profit.<\/p>\n<\/div>\n\n\n\n<div class=\"wp-block-column is-layout-flow wp-block-column-is-layout-flow\"><div class=\"wp-block-image\">\n<figure class=\"aligncenter size-full\"><img loading=\"lazy\" decoding=\"async\" width=\"126\" height=\"110\" src=\"http:\/\/efaktura.nl\/wp-content\/uploads\/expenses-accountant-color2.png\" alt=\"Dokumenty kosztowe online\" class=\"wp-image-10892\"\/><\/figure>\n<\/div>\n\n\n<h3 class=\"wp-block-heading has-text-align-center\">Manage your time like a boss.<\/h3>\n\n\n\n<p class=\"has-text-align-center wp-block-paragraph\">Register your costs online and share them with your accountant by sending him an email with a complete statement.<\/p>\n\n\n\n<p class=\"has-text-align-center wp-block-paragraph\">Have you already connected your profile with an accountant in eFaktura? You\u2019re one click away from doing it.<\/p>\n<\/div>\n<\/div>\n<\/div><\/div>\n\n\n\n<div class=\"wp-block-group\"><div class=\"wp-block-group__inner-container is-layout-constrained wp-block-group-is-layout-constrained\">\n<h2 class=\"wp-block-heading has-text-align-center\">Register your costs online.<\/h2>\n\n\n\n<p class=\"has-text-align-center wp-block-paragraph\">Switch from receipts to a digital cost statement.<\/p>\n\n\n\n<div style=\"height:25px\" aria-hidden=\"true\" class=\"wp-block-spacer\"><\/div>\n\n\n\n<div class=\"wp-block-columns is-layout-flex wp-container-core-columns-is-layout-8f761849 wp-block-columns-is-layout-flex\">\n<div class=\"wp-block-column is-vertically-aligned-center is-layout-flow wp-block-column-is-layout-flow\" style=\"--col-width:22%;flex-basis:22%\"><div class=\"wp-block-image\">\n<figure class=\"aligncenter size-full\"><img loading=\"lazy\" decoding=\"async\" width=\"335\" height=\"473\" src=\"https:\/\/efaktura.nl\/wp-content\/uploads\/expenses-recipes-en.png\" alt=\"\" class=\"wp-image-12733\" srcset=\"https:\/\/efaktura.nl\/wp-content\/uploads\/expenses-recipes-en.png 335w, https:\/\/efaktura.nl\/wp-content\/uploads\/expenses-recipes-en-212x300.png 212w\" sizes=\"auto, (max-width: 335px) 100vw, 335px\" \/><\/figure>\n<\/div><\/div>\n\n\n\n<div class=\"wp-block-column is-vertically-aligned-center has-background is-layout-flow wp-block-column-is-layout-flow\" style=\"--col-width:78%;background-color:#f2f2f2;padding-top:var(--wp--preset--spacing--40);padding-right:var(--wp--preset--spacing--30);padding-bottom:var(--wp--preset--spacing--40);padding-left:var(--wp--preset--spacing--30);flex-basis:78%\"><div class=\"wp-block-image\">\n<figure class=\"aligncenter size-large\"><img loading=\"lazy\" decoding=\"async\" width=\"1024\" height=\"455\" src=\"https:\/\/efaktura.nl\/wp-content\/uploads\/expenses-archives2-en-1024x455.png\" alt=\"\" class=\"wp-image-12736\" srcset=\"https:\/\/efaktura.nl\/wp-content\/uploads\/expenses-archives2-en-1024x455.png 1024w, https:\/\/efaktura.nl\/wp-content\/uploads\/expenses-archives2-en-300x133.png 300w, https:\/\/efaktura.nl\/wp-content\/uploads\/expenses-archives2-en-768x342.png 768w, https:\/\/efaktura.nl\/wp-content\/uploads\/expenses-archives2-en-1080x480.png 1080w, https:\/\/efaktura.nl\/wp-content\/uploads\/expenses-archives2-en-980x436.png 980w, https:\/\/efaktura.nl\/wp-content\/uploads\/expenses-archives2-en-480x214.png 480w, https:\/\/efaktura.nl\/wp-content\/uploads\/expenses-archives2-en.png 1205w\" sizes=\"auto, (max-width: 1024px) 100vw, 1024px\" \/><\/figure>\n<\/div><\/div>\n<\/div>\n<\/div><\/div>\n\n\n\n<div class=\"wp-block-group\"><div class=\"wp-block-group__inner-container is-layout-constrained wp-block-group-is-layout-constrained\">\n<h2 class=\"wp-block-heading has-text-align-center\">How it works?<\/h2>\n\n\n\n<div style=\"height:25px\" aria-hidden=\"true\" class=\"wp-block-spacer\"><\/div>\n\n\n\n<div class=\"wp-block-cb-carousel sameheight\" data-slick=\"{&quot;slidesToShow&quot;:5,&quot;slidesToScroll&quot;:1,&quot;speed&quot;:300,&quot;arrows&quot;:false,&quot;dots&quot;:true,&quot;autoplay&quot;:false,&quot;autoplaySpeed&quot;:3000,&quot;infinite&quot;:false,&quot;responsive&quot;:[{&quot;breakpoint&quot;:991,&quot;settings&quot;:{&quot;slidesToShow&quot;:1,&quot;slidesToScroll&quot;:1}}]}\">\n<div class=\"wp-block-cb-slide\"><div class=\"wp-block-image\">\n<figure class=\"aligncenter size-full\"><img loading=\"lazy\" decoding=\"async\" width=\"250\" height=\"452\" src=\"https:\/\/efaktura.nl\/wp-content\/uploads\/how-to-expenses1-en.png\" alt=\"\" class=\"wp-image-12741\" style=\"object-fit:cover\" srcset=\"https:\/\/efaktura.nl\/wp-content\/uploads\/how-to-expenses1-en.png 250w, https:\/\/efaktura.nl\/wp-content\/uploads\/how-to-expenses1-en-166x300.png 166w\" sizes=\"auto, (max-width: 250px) 100vw, 250px\" \/><\/figure>\n<\/div>\n\n\n<div style=\"height:15px\" aria-hidden=\"true\" class=\"wp-block-spacer\"><\/div>\n\n\n\n<h3 class=\"wp-block-heading has-text-align-center odreczny has-big-font-size\">Select ADD <br>EXPENSE from<br> the menu bar.<\/h3>\n<\/div>\n\n\n\n<div class=\"wp-block-cb-slide\"><div class=\"wp-block-image\">\n<figure class=\"aligncenter size-full\"><img loading=\"lazy\" decoding=\"async\" width=\"224\" height=\"452\" src=\"https:\/\/efaktura.nl\/wp-content\/uploads\/how-to-expenses2-en.png\" alt=\"\" class=\"wp-image-12744\" style=\"object-fit:cover\" srcset=\"https:\/\/efaktura.nl\/wp-content\/uploads\/how-to-expenses2-en.png 224w, https:\/\/efaktura.nl\/wp-content\/uploads\/how-to-expenses2-en-149x300.png 149w\" sizes=\"auto, (max-width: 224px) 100vw, 224px\" \/><\/figure>\n<\/div>\n\n\n<div style=\"height:15px\" aria-hidden=\"true\" class=\"wp-block-spacer\"><\/div>\n\n\n\n<h3 class=\"wp-block-heading has-text-align-center odreczny has-big-font-size\">Take a photo of your<br> receipt or upload<br> files directly from <br>your hard drive.<\/h3>\n<\/div>\n\n\n\n<div class=\"wp-block-cb-slide\"><div class=\"wp-block-image\">\n<figure class=\"aligncenter size-full\"><img loading=\"lazy\" decoding=\"async\" width=\"224\" height=\"452\" src=\"https:\/\/efaktura.nl\/wp-content\/uploads\/how-to-expenses3-en.png\" alt=\"\" class=\"wp-image-12747\" style=\"object-fit:cover\" srcset=\"https:\/\/efaktura.nl\/wp-content\/uploads\/how-to-expenses3-en.png 224w, https:\/\/efaktura.nl\/wp-content\/uploads\/how-to-expenses3-en-149x300.png 149w\" sizes=\"auto, (max-width: 224px) 100vw, 224px\" \/><\/figure>\n<\/div>\n\n\n<div style=\"height:15px\" aria-hidden=\"true\" class=\"wp-block-spacer\"><\/div>\n\n\n\n<h3 class=\"wp-block-heading has-text-align-center odreczny has-big-font-size\">Enter information<br> in the \u201c+ Show <br>details\u201d section.<\/h3>\n<\/div>\n\n\n\n<div class=\"wp-block-cb-slide\"><div class=\"wp-block-image\">\n<figure class=\"aligncenter size-full\"><img loading=\"lazy\" decoding=\"async\" width=\"224\" height=\"452\" src=\"https:\/\/efaktura.nl\/wp-content\/uploads\/how-to-expenses4-en.png\" alt=\"\" class=\"wp-image-12750\" style=\"object-fit:cover\" srcset=\"https:\/\/efaktura.nl\/wp-content\/uploads\/how-to-expenses4-en.png 224w, https:\/\/efaktura.nl\/wp-content\/uploads\/how-to-expenses4-en-149x300.png 149w\" sizes=\"auto, (max-width: 224px) 100vw, 224px\" \/><\/figure>\n<\/div>\n\n\n<div style=\"height:15px\" aria-hidden=\"true\" class=\"wp-block-spacer\"><\/div>\n\n\n\n<h3 class=\"wp-block-heading has-text-align-center odreczny has-big-font-size\">Add client\u2019s and<br> project data with <br>corresponding<br> receipt details.<\/h3>\n<\/div>\n\n\n\n<div class=\"wp-block-cb-slide\"><div class=\"wp-block-image\">\n<figure class=\"aligncenter size-full\"><img loading=\"lazy\" decoding=\"async\" width=\"224\" height=\"452\" src=\"https:\/\/efaktura.nl\/wp-content\/uploads\/how-to-expenses5-en.png\" alt=\"\" class=\"wp-image-12753\" style=\"object-fit:cover\" srcset=\"https:\/\/efaktura.nl\/wp-content\/uploads\/how-to-expenses5-en.png 224w, https:\/\/efaktura.nl\/wp-content\/uploads\/how-to-expenses5-en-149x300.png 149w\" sizes=\"auto, (max-width: 224px) 100vw, 224px\" \/><\/figure>\n<\/div>\n\n\n<div style=\"height:15px\" aria-hidden=\"true\" class=\"wp-block-spacer\"><\/div>\n\n\n\n<h3 class=\"wp-block-heading has-text-align-center odreczny has-big-font-size\">Download the <br>expenses report <br>sheet in pdf format.<\/h3>\n<\/div>\n<\/div>\n\n\n\n<div style=\"height:25px\" aria-hidden=\"true\" class=\"wp-block-spacer\"><\/div>\n\n\n\n<div class=\"wp-block-buttons is-content-justification-center is-layout-flex wp-container-core-buttons-is-layout-fe48e5de wp-block-buttons-is-layout-flex\">\n<div class=\"wp-block-button\"><a class=\"wp-block-button__link wp-element-button\" href=\"https:\/\/app.efaktura.nl\/?lang=en#\/register\">REGISTER EXPENSES<\/a><\/div>\n<\/div>\n<\/div><\/div>\n\n\n\n<div class=\"wp-block-group has-white-color has-text-color has-background\" style=\"background-color:#465e79\"><div class=\"wp-block-group__inner-container is-layout-constrained wp-block-group-is-layout-constrained\">\n<div class=\"wp-block-columns is-layout-flex wp-container-core-columns-is-layout-8f761849 wp-block-columns-is-layout-flex\">\n<div class=\"wp-block-column is-layout-flow wp-block-column-is-layout-flow\" style=\"--col-width:15%;padding-right:0;padding-left:0;flex-basis:15%\"><div class=\"wp-block-image\">\n<figure class=\"aligncenter size-full is-resized\"><img loading=\"lazy\" decoding=\"async\" width=\"205\" height=\"175\" src=\"https:\/\/efaktura.nl\/wp-content\/uploads\/accountant.png\" alt=\"Ksi\u0119gowy\" class=\"wp-image-111\" style=\"width:120px\"\/><\/figure>\n<\/div><\/div>\n\n\n\n<div class=\"wp-block-column is-layout-flow wp-block-column-is-layout-flow\" style=\"--col-width:85%;flex-basis:85%\">\n<h2 class=\"wp-block-heading center\">Connect with your accountant<\/h2>\n\n\n\n<p class=\"wp-block-paragraph\">You can invite your accountant via the settings panel.<\/p>\n\n\n\n<p class=\"wp-block-paragraph\">Thanks to account merging your accountant will have direct access to your documents \u2013 He can download and even correct them if there\u2019s any need to.<\/p>\n<\/div>\n<\/div>\n\n\n\n<div class=\"wp-block-buttons is-content-justification-center is-layout-flex wp-container-core-buttons-is-layout-fe48e5de wp-block-buttons-is-layout-flex\">\n<div class=\"wp-block-button\"><a class=\"wp-block-button__link wp-element-button\" href=\"https:\/\/app.efaktura.nl\/?lang=en\/#\/register\">CONNECT WITH MY ACCOUNTANT<\/a><\/div>\n<\/div>\n<\/div><\/div>\n","protected":false},"excerpt":{"rendered":"<p>Your business doesn\u2019t generate any expenses? That\u2019s impossible! Controlling your company\u2019s expenses means paying less tax. Upload photographs of receipts and invoices, complete expense description. Your documents in&#8230;<\/p>\n","protected":false},"author":2,"featured_media":0,"parent":0,"menu_order":0,"comment_status":"closed","ping_status":"closed","template":"","meta":{"_acf_changed":false,"_crdt_document":"","inline_featured_image":false,"footnotes":""},"class_list":["post-12219","page","type-page","status-publish","hentry"],"acf":[],"yoast_head":"<!-- This site is optimized with the Yoast SEO plugin v27.4 - https:\/\/yoast.com\/product\/yoast-seo-wordpress\/ -->\n<title>Expenses - eFaktura.nl<\/title>\n<meta name=\"description\" content=\"Controlling your company\u2019s expenses means paying less tax. Upload photographs of receipts and invoices, complete expense description.\" \/>\n<meta name=\"robots\" content=\"index, follow, max-snippet:-1, max-image-preview:large, max-video-preview:-1\" \/>\n<link rel=\"canonical\" href=\"https:\/\/efaktura.nl\/en\/expenses\/\" \/>\n<meta property=\"og:locale\" content=\"en_GB\" \/>\n<meta property=\"og:type\" content=\"article\" \/>\n<meta property=\"og:title\" content=\"Expenses - eFaktura.nl\" \/>\n<meta property=\"og:description\" content=\"Controlling your company\u2019s expenses means paying less tax. Upload photographs of receipts and invoices, complete expense description.\" \/>\n<meta property=\"og:url\" content=\"https:\/\/efaktura.nl\/en\/expenses\/\" \/>\n<meta property=\"og:site_name\" content=\"eFaktura.nl\" \/>\n<meta property=\"article:publisher\" content=\"https:\/\/www.facebook.com\/efaktura.nl\" \/>\n<meta property=\"article:modified_time\" content=\"2024-03-01T08:02:13+00:00\" \/>\n<meta property=\"og:image\" content=\"http:\/\/efaktura.nl\/wp-content\/uploads\/Projekt-bez-nazwy10.jpg\" \/>\n<meta name=\"twitter:card\" content=\"summary_large_image\" \/>\n<script type=\"application\/ld+json\" class=\"yoast-schema-graph\">{\"@context\":\"https:\\\/\\\/schema.org\",\"@graph\":[{\"@type\":\"WebPage\",\"@id\":\"https:\\\/\\\/efaktura.nl\\\/en\\\/expenses\\\/\",\"url\":\"https:\\\/\\\/efaktura.nl\\\/en\\\/expenses\\\/\",\"name\":\"Expenses - eFaktura.nl\",\"isPartOf\":{\"@id\":\"https:\\\/\\\/efaktura.nl\\\/en\\\/#website\"},\"primaryImageOfPage\":{\"@id\":\"https:\\\/\\\/efaktura.nl\\\/en\\\/expenses\\\/#primaryimage\"},\"image\":{\"@id\":\"https:\\\/\\\/efaktura.nl\\\/en\\\/expenses\\\/#primaryimage\"},\"thumbnailUrl\":\"http:\\\/\\\/efaktura.nl\\\/wp-content\\\/uploads\\\/expenses-arrow-bottom-right.png\",\"datePublished\":\"2021-12-23T16:49:38+00:00\",\"dateModified\":\"2024-03-01T08:02:13+00:00\",\"description\":\"Controlling your company\u2019s expenses means paying less tax. Upload photographs of receipts and invoices, complete expense description.\",\"breadcrumb\":{\"@id\":\"https:\\\/\\\/efaktura.nl\\\/en\\\/expenses\\\/#breadcrumb\"},\"inLanguage\":\"en-GB\",\"potentialAction\":[{\"@type\":\"ReadAction\",\"target\":[\"https:\\\/\\\/efaktura.nl\\\/en\\\/expenses\\\/\"]}]},{\"@type\":\"ImageObject\",\"inLanguage\":\"en-GB\",\"@id\":\"https:\\\/\\\/efaktura.nl\\\/en\\\/expenses\\\/#primaryimage\",\"url\":\"http:\\\/\\\/efaktura.nl\\\/wp-content\\\/uploads\\\/expenses-arrow-bottom-right.png\",\"contentUrl\":\"http:\\\/\\\/efaktura.nl\\\/wp-content\\\/uploads\\\/expenses-arrow-bottom-right.png\"},{\"@type\":\"BreadcrumbList\",\"@id\":\"https:\\\/\\\/efaktura.nl\\\/en\\\/expenses\\\/#breadcrumb\",\"itemListElement\":[{\"@type\":\"ListItem\",\"position\":1,\"name\":\"Strona g\u0142\u00f3wna\",\"item\":\"https:\\\/\\\/efaktura.nl\\\/en\\\/\"},{\"@type\":\"ListItem\",\"position\":2,\"name\":\"Expenses\"}]},{\"@type\":\"WebSite\",\"@id\":\"https:\\\/\\\/efaktura.nl\\\/en\\\/#website\",\"url\":\"https:\\\/\\\/efaktura.nl\\\/en\\\/\",\"name\":\"eFaktura.nl\",\"description\":\"\",\"publisher\":{\"@id\":\"https:\\\/\\\/efaktura.nl\\\/en\\\/#organization\"},\"potentialAction\":[{\"@type\":\"SearchAction\",\"target\":{\"@type\":\"EntryPoint\",\"urlTemplate\":\"https:\\\/\\\/efaktura.nl\\\/en\\\/?s={search_term_string}\"},\"query-input\":{\"@type\":\"PropertyValueSpecification\",\"valueRequired\":true,\"valueName\":\"search_term_string\"}}],\"inLanguage\":\"en-GB\"},{\"@type\":\"Organization\",\"@id\":\"https:\\\/\\\/efaktura.nl\\\/en\\\/#organization\",\"name\":\"eFaktura\",\"url\":\"https:\\\/\\\/efaktura.nl\\\/en\\\/\",\"logo\":{\"@type\":\"ImageObject\",\"inLanguage\":\"en-GB\",\"@id\":\"https:\\\/\\\/efaktura.nl\\\/en\\\/#\\\/schema\\\/logo\\\/image\\\/\",\"url\":\"https:\\\/\\\/efaktura.nl\\\/wp-content\\\/uploads\\\/logo-efaktura-25.svg\",\"contentUrl\":\"https:\\\/\\\/efaktura.nl\\\/wp-content\\\/uploads\\\/logo-efaktura-25.svg\",\"width\":264,\"height\":31,\"caption\":\"eFaktura\"},\"image\":{\"@id\":\"https:\\\/\\\/efaktura.nl\\\/en\\\/#\\\/schema\\\/logo\\\/image\\\/\"},\"sameAs\":[\"https:\\\/\\\/www.facebook.com\\\/efaktura.nl\",\"https:\\\/\\\/www.instagram.com\\\/efaktura.eu\\\/\",\"https:\\\/\\\/www.youtube.com\\\/channel\\\/UCpx6sOnTCmDMkAG2QEyW9PA\"]}]}<\/script>\n<!-- \/ Yoast SEO plugin. -->","yoast_head_json":{"title":"Expenses - eFaktura.nl","description":"Controlling your company\u2019s expenses means paying less tax. Upload photographs of receipts and invoices, complete expense description.","robots":{"index":"index","follow":"follow","max-snippet":"max-snippet:-1","max-image-preview":"max-image-preview:large","max-video-preview":"max-video-preview:-1"},"canonical":"https:\/\/efaktura.nl\/en\/expenses\/","og_locale":"en_GB","og_type":"article","og_title":"Expenses - eFaktura.nl","og_description":"Controlling your company\u2019s expenses means paying less tax. Upload photographs of receipts and invoices, complete expense description.","og_url":"https:\/\/efaktura.nl\/en\/expenses\/","og_site_name":"eFaktura.nl","article_publisher":"https:\/\/www.facebook.com\/efaktura.nl","article_modified_time":"2024-03-01T08:02:13+00:00","og_image":[{"url":"http:\/\/efaktura.nl\/wp-content\/uploads\/Projekt-bez-nazwy10.jpg","type":"","width":"","height":""}],"twitter_card":"summary_large_image","schema":{"@context":"https:\/\/schema.org","@graph":[{"@type":"WebPage","@id":"https:\/\/efaktura.nl\/en\/expenses\/","url":"https:\/\/efaktura.nl\/en\/expenses\/","name":"Expenses - eFaktura.nl","isPartOf":{"@id":"https:\/\/efaktura.nl\/en\/#website"},"primaryImageOfPage":{"@id":"https:\/\/efaktura.nl\/en\/expenses\/#primaryimage"},"image":{"@id":"https:\/\/efaktura.nl\/en\/expenses\/#primaryimage"},"thumbnailUrl":"http:\/\/efaktura.nl\/wp-content\/uploads\/expenses-arrow-bottom-right.png","datePublished":"2021-12-23T16:49:38+00:00","dateModified":"2024-03-01T08:02:13+00:00","description":"Controlling your company\u2019s expenses means paying less tax. Upload photographs of receipts and invoices, complete expense description.","breadcrumb":{"@id":"https:\/\/efaktura.nl\/en\/expenses\/#breadcrumb"},"inLanguage":"en-GB","potentialAction":[{"@type":"ReadAction","target":["https:\/\/efaktura.nl\/en\/expenses\/"]}]},{"@type":"ImageObject","inLanguage":"en-GB","@id":"https:\/\/efaktura.nl\/en\/expenses\/#primaryimage","url":"http:\/\/efaktura.nl\/wp-content\/uploads\/expenses-arrow-bottom-right.png","contentUrl":"http:\/\/efaktura.nl\/wp-content\/uploads\/expenses-arrow-bottom-right.png"},{"@type":"BreadcrumbList","@id":"https:\/\/efaktura.nl\/en\/expenses\/#breadcrumb","itemListElement":[{"@type":"ListItem","position":1,"name":"Strona g\u0142\u00f3wna","item":"https:\/\/efaktura.nl\/en\/"},{"@type":"ListItem","position":2,"name":"Expenses"}]},{"@type":"WebSite","@id":"https:\/\/efaktura.nl\/en\/#website","url":"https:\/\/efaktura.nl\/en\/","name":"eFaktura.nl","description":"","publisher":{"@id":"https:\/\/efaktura.nl\/en\/#organization"},"potentialAction":[{"@type":"SearchAction","target":{"@type":"EntryPoint","urlTemplate":"https:\/\/efaktura.nl\/en\/?s={search_term_string}"},"query-input":{"@type":"PropertyValueSpecification","valueRequired":true,"valueName":"search_term_string"}}],"inLanguage":"en-GB"},{"@type":"Organization","@id":"https:\/\/efaktura.nl\/en\/#organization","name":"eFaktura","url":"https:\/\/efaktura.nl\/en\/","logo":{"@type":"ImageObject","inLanguage":"en-GB","@id":"https:\/\/efaktura.nl\/en\/#\/schema\/logo\/image\/","url":"https:\/\/efaktura.nl\/wp-content\/uploads\/logo-efaktura-25.svg","contentUrl":"https:\/\/efaktura.nl\/wp-content\/uploads\/logo-efaktura-25.svg","width":264,"height":31,"caption":"eFaktura"},"image":{"@id":"https:\/\/efaktura.nl\/en\/#\/schema\/logo\/image\/"},"sameAs":["https:\/\/www.facebook.com\/efaktura.nl","https:\/\/www.instagram.com\/efaktura.eu\/","https:\/\/www.youtube.com\/channel\/UCpx6sOnTCmDMkAG2QEyW9PA"]}]}},"_links":{"self":[{"href":"https:\/\/efaktura.nl\/en\/wp-json\/wp\/v2\/pages\/12219","targetHints":{"allow":["GET"]}}],"collection":[{"href":"https:\/\/efaktura.nl\/en\/wp-json\/wp\/v2\/pages"}],"about":[{"href":"https:\/\/efaktura.nl\/en\/wp-json\/wp\/v2\/types\/page"}],"author":[{"embeddable":true,"href":"https:\/\/efaktura.nl\/en\/wp-json\/wp\/v2\/users\/2"}],"replies":[{"embeddable":true,"href":"https:\/\/efaktura.nl\/en\/wp-json\/wp\/v2\/comments?post=12219"}],"version-history":[{"count":0,"href":"https:\/\/efaktura.nl\/en\/wp-json\/wp\/v2\/pages\/12219\/revisions"}],"wp:attachment":[{"href":"https:\/\/efaktura.nl\/en\/wp-json\/wp\/v2\/media?parent=12219"}],"curies":[{"name":"wp","href":"https:\/\/api.w.org\/{rel}","templated":true}]}}