{"id":26125,"date":"2024-04-18T11:10:50","date_gmt":"2024-04-18T09:10:50","guid":{"rendered":"https:\/\/efaktura.nl\/?page_id=26125"},"modified":"2024-04-18T11:16:19","modified_gmt":"2024-04-18T09:16:19","slug":"recommend-and-get-dicount","status":"publish","type":"page","link":"https:\/\/efaktura.nl\/en\/recommend-and-get-dicount\/","title":{"rendered":"Recommend and get dicount"},"content":{"rendered":"\n<div class=\"wp-block-group af\"><div class=\"wp-block-group__inner-container is-layout-constrained wp-block-group-is-layout-constrained\">\n<h1 class=\"wp-block-heading has-text-align-center\">Join the Recommend <strong>eFaktura.nl program<\/strong> and get discount!<\/h1>\n\n\n\n<p class=\"has-text-align-center wstep wp-block-paragraph\">Do you like how eFaktura.nl simplifies business administration? Recommend it to your friends and start saving by promoting the best online invoicing solution!<\/p>\n\n\n\n<div class=\"wp-block-columns w990 is-layout-flex wp-container-core-columns-is-layout-8f761849 wp-block-columns-is-layout-flex\">\n<div class=\"wp-block-column is-vertically-aligned-center is-layout-flow wp-block-column-is-layout-flow\" style=\"--col-width:30%;flex-basis:30%\">\n<p class=\"has-text-align-center odreczny has-big-font-size wp-block-paragraph\">Earn 30 free days for each active friend.<\/p>\n\n\n<div class=\"wp-block-image desktophide obrot2\">\n<figure class=\"aligncenter size-full\" data-aos=\"zoom-in\" data-aos-duration=\"1000\"><img loading=\"lazy\" decoding=\"async\" width=\"62\" height=\"58\" src=\"http:\/\/efaktura.nl\/wp-content\/uploads\/expenses-arrow-bottom-right.png\" alt=\"Strza\u0142ka w d\u00f3\u0142\" class=\"wp-image-9674\"\/><\/figure>\n<\/div>\n\n<div class=\"wp-block-image tablethide \">\n<figure class=\"aligncenter size-full\" data-aos=\"zoom-in\" data-aos-duration=\"1000\"><img loading=\"lazy\" decoding=\"async\" width=\"95\" height=\"66\" src=\"http:\/\/efaktura.nl\/wp-content\/uploads\/expenses-arrow-left.png\" alt=\"Strza\u0142ka w prawo\" class=\"wp-image-9619\"\/><\/figure>\n<\/div><\/div>\n\n\n\n<div class=\"wp-block-column is-vertically-aligned-center is-layout-flow wp-block-column-is-layout-flow\" style=\"--col-width:40%;flex-basis:40%\">\n<figure class=\"wp-block-video\"><video height=\"550\" style=\"aspect-ratio: 550 \/ 550;\" width=\"550\" autoplay loop muted src=\"https:\/\/efaktura.nl\/wp-content\/uploads\/aff_animacja.mp4\" playsinline><\/video><\/figure>\n<\/div>\n\n\n\n<div class=\"wp-block-column is-vertically-aligned-center is-layout-flow wp-block-column-is-layout-flow\" style=\"--col-width:30%;flex-basis:30%\"><div class=\"wp-block-image tablethide \">\n<figure class=\"aligncenter size-full\" data-aos=\"zoom-in\" data-aos-duration=\"1000\"><img loading=\"lazy\" decoding=\"async\" width=\"108\" height=\"85\" src=\"http:\/\/efaktura.nl\/wp-content\/uploads\/arrow-inv-right.png\" alt=\"Strza\u0142ka w lewo\" class=\"wp-image-8681\"\/><\/figure>\n<\/div>\n\n<div class=\"wp-block-image desktophide \">\n<figure class=\"aligncenter size-full\" data-aos=\"zoom-in\" data-aos-duration=\"1000\"><img loading=\"lazy\" decoding=\"async\" width=\"59\" height=\"61\" src=\"http:\/\/efaktura.nl\/wp-content\/uploads\/expenses-arrow-top-left.png\" alt=\"Strza\u0142ka do g\u00f3ry\" class=\"wp-image-9677\"\/><\/figure>\n<\/div>\n\n\n<p class=\"has-text-align-center odreczny has-big-font-size wp-block-paragraph\"><strong>eFaktura.nl for half price<\/strong> for everyone who joins from your invitation.<\/p>\n<\/div>\n<\/div>\n\n\n\n<div class=\"wp-block-buttons is-content-justification-center is-layout-flex wp-container-core-buttons-is-layout-fe48e5de wp-block-buttons-is-layout-flex\">\n<div class=\"wp-block-button\"><a class=\"wp-block-button__link wp-element-button\" href=\"https:\/\/app.efaktura.nl\/#\/affiliateDashboard\">I RECOMMEND AND GET DISCOUNT<\/a><\/div>\n<\/div>\n<\/div><\/div>\n\n\n\n<div class=\"wp-block-group w1100 af has-background\" style=\"background-color:#f2f2f2\"><div class=\"wp-block-group__inner-container is-layout-constrained wp-block-group-is-layout-constrained\">\n<h2 class=\"wp-block-heading has-text-align-center\">How does <strong>the Recommend eFaktura.nl<\/strong> program work?<\/h2>\n\n\n\n<div style=\"height:35px\" aria-hidden=\"true\" class=\"wp-block-spacer\"><\/div>\n\n\n\n<div class=\"wp-block-columns is-layout-flex wp-container-core-columns-is-layout-8f761849 wp-block-columns-is-layout-flex\">\n<div class=\"wp-block-column is-vertically-aligned-center center is-layout-flow wp-block-column-is-layout-flow\" style=\"--col-width:40%;flex-basis:40%\"><div class=\"wp-block-image\">\n<figure class=\"aligncenter size-full\" data-aos=\"zoom-in\" data-aos-duration=\"1000\"><img loading=\"lazy\" decoding=\"async\" width=\"990\" height=\"715\" src=\"https:\/\/efaktura.nl\/wp-content\/uploads\/afiliacja1.png\" alt=\"Za\u0142\u00f3\u017c konto w aplikacji eFaktura\" class=\"wp-image-23299\" style=\"object-fit:cover\" srcset=\"https:\/\/efaktura.nl\/wp-content\/uploads\/afiliacja1.png 990w, https:\/\/efaktura.nl\/wp-content\/uploads\/afiliacja1-300x217.png 300w, https:\/\/efaktura.nl\/wp-content\/uploads\/afiliacja1-768x555.png 768w, https:\/\/efaktura.nl\/wp-content\/uploads\/afiliacja1-692x500.png 692w\" sizes=\"auto, (max-width: 990px) 100vw, 990px\" \/><\/figure>\n<\/div><\/div>\n\n\n\n<div class=\"wp-block-column is-vertically-aligned-center center is-layout-flow wp-block-column-is-layout-flow\">\n<p class=\"duza wp-block-paragraph\">1<\/p>\n\n\n\n<h3 class=\"wp-block-heading\">CREATE AN ACCOUNT at eFaktura.nl<\/h3>\n\n\n\n<p class=\"wp-block-paragraph\">The program is intended for active users of eFaktura.nl.<\/p>\n<\/div>\n<\/div>\n\n\n\n<div class=\"wp-block-columns are-vertically-aligned-center is-layout-flex wp-container-core-columns-is-layout-8f761849 wp-block-columns-is-layout-flex\">\n<div class=\"wp-block-column is-vertically-aligned-center center is-layout-flow wp-block-column-is-layout-flow\" style=\"--col-width:40%;flex-basis:40%\"><div class=\"wp-block-image\">\n<figure class=\"aligncenter size-full\" data-aos=\"zoom-in\" data-aos-duration=\"1000\"><img loading=\"lazy\" decoding=\"async\" width=\"990\" height=\"715\" src=\"https:\/\/efaktura.nl\/wp-content\/uploads\/afiliacja2.png\" alt=\"Przeka\u017c zaproszenie do eFaktura\" class=\"wp-image-23287\" style=\"object-fit:cover\" srcset=\"https:\/\/efaktura.nl\/wp-content\/uploads\/afiliacja2.png 990w, https:\/\/efaktura.nl\/wp-content\/uploads\/afiliacja2-300x217.png 300w, https:\/\/efaktura.nl\/wp-content\/uploads\/afiliacja2-768x555.png 768w, https:\/\/efaktura.nl\/wp-content\/uploads\/afiliacja2-692x500.png 692w\" sizes=\"auto, (max-width: 990px) 100vw, 990px\" \/><\/figure>\n<\/div><\/div>\n\n\n\n<div class=\"wp-block-column is-vertically-aligned-center center is-layout-flow wp-block-column-is-layout-flow\">\n<p class=\"duza wp-block-paragraph\">2<\/p>\n\n\n\n<h3 class=\"wp-block-heading\">PASS ON THE INVITATION IN A SIMPLE WAY<\/h3>\n\n\n\n<p class=\"wp-block-paragraph\">In the program, under the RECOMMEND eFaktura.nl tab, you will find <strong>a QR code and a link to register<\/strong> an account for a friend \u2013 share it however you like.<\/p>\n<\/div>\n<\/div>\n\n\n\n<div class=\"wp-block-columns are-vertically-aligned-center is-layout-flex wp-container-core-columns-is-layout-8f761849 wp-block-columns-is-layout-flex\">\n<div class=\"wp-block-column is-vertically-aligned-center center is-layout-flow wp-block-column-is-layout-flow\" style=\"--col-width:40%;flex-basis:40%\"><div class=\"wp-block-image\">\n<figure class=\"aligncenter size-full\" data-aos=\"zoom-in\" data-aos-duration=\"1000\"><img loading=\"lazy\" decoding=\"async\" width=\"990\" height=\"715\" src=\"https:\/\/efaktura.nl\/wp-content\/uploads\/afiliacja3.png\" alt=\"Testuj aplikacj\u0119 do wystawiania faktur\" class=\"wp-image-23293\" style=\"object-fit:cover\" srcset=\"https:\/\/efaktura.nl\/wp-content\/uploads\/afiliacja3.png 990w, https:\/\/efaktura.nl\/wp-content\/uploads\/afiliacja3-300x217.png 300w, https:\/\/efaktura.nl\/wp-content\/uploads\/afiliacja3-768x555.png 768w, https:\/\/efaktura.nl\/wp-content\/uploads\/afiliacja3-692x500.png 692w\" sizes=\"auto, (max-width: 990px) 100vw, 990px\" \/><\/figure>\n<\/div><\/div>\n\n\n\n<div class=\"wp-block-column is-vertically-aligned-center center is-layout-flow wp-block-column-is-layout-flow\">\n<p class=\"duza wp-block-paragraph\">3<\/p>\n\n\n\n<h3 class=\"wp-block-heading\">A\u00a0FRIEND CREATES AN ACCOUNT AND TESTS THE PROGRAM<\/h3>\n\n\n\n<p class=\"wp-block-paragraph\">If they stay with eFaktura.nl and subscribe within the 30 free days, a bonus activates on your account \u2013 <strong>30 DAYS FOR FREE.<\/strong><\/p>\n<\/div>\n<\/div>\n\n\n\n<div class=\"wp-block-columns are-vertically-aligned-center is-layout-flex wp-container-core-columns-is-layout-8f761849 wp-block-columns-is-layout-flex\">\n<div class=\"wp-block-column is-vertically-aligned-center center is-layout-flow wp-block-column-is-layout-flow\" style=\"--col-width:40%;flex-basis:40%\"><div class=\"wp-block-image\">\n<figure class=\"aligncenter size-full\" data-aos=\"zoom-in\" data-aos-duration=\"1000\"><img loading=\"lazy\" decoding=\"async\" width=\"990\" height=\"715\" src=\"https:\/\/efaktura.nl\/wp-content\/uploads\/afiliacja4.png\" alt=\"Tu ka\u017cdy zyskuje\" class=\"wp-image-23275\" style=\"object-fit:cover\" srcset=\"https:\/\/efaktura.nl\/wp-content\/uploads\/afiliacja4.png 990w, https:\/\/efaktura.nl\/wp-content\/uploads\/afiliacja4-300x217.png 300w, https:\/\/efaktura.nl\/wp-content\/uploads\/afiliacja4-768x555.png 768w, https:\/\/efaktura.nl\/wp-content\/uploads\/afiliacja4-692x500.png 692w\" sizes=\"auto, (max-width: 990px) 100vw, 990px\" \/><\/figure>\n<\/div><\/div>\n\n\n\n<div class=\"wp-block-column is-vertically-aligned-center center is-layout-flow wp-block-column-is-layout-flow\">\n<p class=\"duza wp-block-paragraph\">4<\/p>\n\n\n\n<h3 class=\"wp-block-heading\">EVERYONE BENEFITS HERE!<\/h3>\n\n\n\n<p class=\"wp-block-paragraph\">In the next billing period, we will not charge your account. Your friend will get a <strong>50% DISCOUNT FOR HALF A YEAR<\/strong> on the selected package at eFaktura.nl.<\/p>\n<\/div>\n<\/div>\n\n\n\n<div class=\"wp-block-columns are-vertically-aligned-center is-layout-flex wp-container-core-columns-is-layout-8f761849 wp-block-columns-is-layout-flex\">\n<div class=\"wp-block-column is-vertically-aligned-center center is-layout-flow wp-block-column-is-layout-flow\" style=\"--col-width:40%;flex-basis:40%\"><div class=\"wp-block-image\">\n<figure class=\"aligncenter size-full\" data-aos=\"zoom-in\" data-aos-duration=\"1000\"><img loading=\"lazy\" decoding=\"async\" width=\"990\" height=\"715\" src=\"https:\/\/efaktura.nl\/wp-content\/uploads\/afiliacja5.png\" alt=\"Pomno\u017cymy Twoje zni\u017cki\" class=\"wp-image-23281\" style=\"object-fit:cover\" srcset=\"https:\/\/efaktura.nl\/wp-content\/uploads\/afiliacja5.png 990w, https:\/\/efaktura.nl\/wp-content\/uploads\/afiliacja5-300x217.png 300w, https:\/\/efaktura.nl\/wp-content\/uploads\/afiliacja5-768x555.png 768w, https:\/\/efaktura.nl\/wp-content\/uploads\/afiliacja5-692x500.png 692w\" sizes=\"auto, (max-width: 990px) 100vw, 990px\" \/><\/figure>\n<\/div><\/div>\n\n\n\n<div class=\"wp-block-column is-vertically-aligned-center center is-layout-flow wp-block-column-is-layout-flow\">\n<p class=\"duza wp-block-paragraph\">5<\/p>\n\n\n\n<h3 class=\"wp-block-heading\">LIKE SAVING? WE WILL MULTIPLY YOUR DISCOUNTS!<\/h3>\n\n\n\n<p class=\"wp-block-paragraph\">Recommend the program to many friends to collect more free months. Recommend eFaktura.nl \u2013 see how easy it is.<\/p>\n<\/div>\n<\/div>\n<\/div><\/div>\n\n\n\n<div class=\"wp-block-group w1100\"><div class=\"wp-block-group__inner-container is-layout-constrained wp-block-group-is-layout-constrained\">\n<h2 class=\"wp-block-heading has-text-align-center\"><strong>Why is it worth joining us?<\/strong><\/h2>\n\n\n\n<div style=\"height:25px\" aria-hidden=\"true\" class=\"wp-block-spacer\"><\/div>\n\n\n\n<ul class=\"strzalki srodek wp-block-list\">\n<li>Gain 30 free days for each successful recommendation.<\/li>\n\n\n\n<li>Give your friend a chance to join eFaktura.nl at half price.<\/li>\n\n\n\n<li>Issue professional documents according to tax guidelines.<\/li>\n\n\n\n<li>Save time by connecting with the accounting office.<\/li>\n<\/ul>\n\n\n\n<div style=\"height:25px\" aria-hidden=\"true\" class=\"wp-block-spacer\"><\/div>\n\n\n\n<div class=\"wp-block-buttons is-content-justification-center is-layout-flex wp-container-core-buttons-is-layout-fe48e5de wp-block-buttons-is-layout-flex\">\n<div class=\"wp-block-button\"><a class=\"wp-block-button__link wp-element-button\" href=\"https:\/\/app.efaktura.nl\/#\/affiliateDashboard\">I WANT TO JOIN<\/a><\/div>\n<\/div>\n<\/div><\/div>\n\n\n\n<div class=\"wp-block-group w1100 has-background\" style=\"background-color:#f2f2f2\"><div class=\"wp-block-group__inner-container is-layout-constrained wp-block-group-is-layout-constrained\">\n<h2 class=\"wp-block-heading\"><strong>FAQ<\/strong><\/h2>\n\n\n\n<div style=\"height:25px\" aria-hidden=\"true\" class=\"wp-block-spacer\"><\/div>\n\n\n\n<div class=\"schema-faq wp-block-yoast-faq-block\"><div class=\"schema-faq-section\" id=\"faq-question-1698219385716\"><strong class=\"schema-faq-question\">How is the discount realized?<\/strong> <p class=\"schema-faq-answer\">If your friend stays with us and subscribes, we will not charge you in the next billing month.<\/p> <\/div> <div class=\"schema-faq-section\" id=\"faq-question-1698219464440\"><strong class=\"schema-faq-question\">How can I track how many people have used my recommendation?<\/strong> <p class=\"schema-faq-answer\">Log in to the program and look at the affiliate panel. There you will find all the information about the status of the invitations you have sent and the discounts received.<\/p> <\/div> <div class=\"schema-faq-section\" id=\"faq-question-1698219476644\"><strong class=\"schema-faq-question\">What is the maximum number of discounts I can receive?<\/strong> <p class=\"schema-faq-answer\">There are no limits to the discounts. The more friends you invite, the more you gain.<\/p> <\/div> <\/div>\n\n\n\n<p class=\"wp-block-paragraph\">Affiliate program terms and conditions<\/p>\n<\/div><\/div>\n","protected":false},"excerpt":{"rendered":"<p>Join the Recommend eFaktura.nl program and get discount! Do you like how eFaktura.nl simplifies business administration? Recommend it to your friends and start saving by promoting the best&#8230;<\/p>\n","protected":false},"author":7,"featured_media":0,"parent":0,"menu_order":0,"comment_status":"closed","ping_status":"closed","template":"","meta":{"_acf_changed":false,"_crdt_document":"","inline_featured_image":false,"footnotes":""},"class_list":["post-26125","page","type-page","status-publish","hentry"],"acf":[],"yoast_head":"<!-- This site is optimized with the Yoast SEO plugin v27.4 - https:\/\/yoast.com\/product\/yoast-seo-wordpress\/ -->\n<title>Recommend and get dicount - eFaktura.nl<\/title>\n<meta name=\"robots\" content=\"index, follow, max-snippet:-1, max-image-preview:large, max-video-preview:-1\" \/>\n<link rel=\"canonical\" href=\"https:\/\/efaktura.nl\/en\/recommend-and-get-dicount\/\" \/>\n<meta property=\"og:locale\" content=\"en_GB\" \/>\n<meta property=\"og:type\" content=\"article\" \/>\n<meta property=\"og:title\" content=\"Recommend and get dicount - eFaktura.nl\" \/>\n<meta property=\"og:description\" content=\"Join the Recommend eFaktura.nl program and get discount! Do you like how eFaktura.nl simplifies business administration? Recommend it to your friends and start saving by promoting the best...\" \/>\n<meta property=\"og:url\" content=\"https:\/\/efaktura.nl\/en\/recommend-and-get-dicount\/\" \/>\n<meta property=\"og:site_name\" content=\"eFaktura.nl\" \/>\n<meta property=\"article:publisher\" content=\"https:\/\/www.facebook.com\/efaktura.nl\" \/>\n<meta property=\"article:modified_time\" content=\"2024-04-18T09:16:19+00:00\" \/>\n<meta property=\"og:image\" content=\"http:\/\/efaktura.nl\/wp-content\/uploads\/expenses-arrow-bottom-right.png\" \/>\n<meta name=\"twitter:card\" content=\"summary_large_image\" \/>\n<script type=\"application\/ld+json\" class=\"yoast-schema-graph\">{\"@context\":\"https:\\\/\\\/schema.org\",\"@graph\":[{\"@type\":[\"WebPage\",\"FAQPage\"],\"@id\":\"https:\\\/\\\/efaktura.nl\\\/en\\\/recommend-and-get-dicount\\\/\",\"url\":\"https:\\\/\\\/efaktura.nl\\\/en\\\/recommend-and-get-dicount\\\/\",\"name\":\"Recommend and get dicount - eFaktura.nl\",\"isPartOf\":{\"@id\":\"https:\\\/\\\/efaktura.nl\\\/en\\\/#website\"},\"primaryImageOfPage\":{\"@id\":\"https:\\\/\\\/efaktura.nl\\\/en\\\/recommend-and-get-dicount\\\/#primaryimage\"},\"image\":{\"@id\":\"https:\\\/\\\/efaktura.nl\\\/en\\\/recommend-and-get-dicount\\\/#primaryimage\"},\"thumbnailUrl\":\"http:\\\/\\\/efaktura.nl\\\/wp-content\\\/uploads\\\/expenses-arrow-bottom-right.png\",\"datePublished\":\"2024-04-18T09:10:50+00:00\",\"dateModified\":\"2024-04-18T09:16:19+00:00\",\"breadcrumb\":{\"@id\":\"https:\\\/\\\/efaktura.nl\\\/en\\\/recommend-and-get-dicount\\\/#breadcrumb\"},\"mainEntity\":[{\"@id\":\"https:\\\/\\\/efaktura.nl\\\/en\\\/recommend-and-get-dicount\\\/#faq-question-1698219385716\"},{\"@id\":\"https:\\\/\\\/efaktura.nl\\\/en\\\/recommend-and-get-dicount\\\/#faq-question-1698219464440\"},{\"@id\":\"https:\\\/\\\/efaktura.nl\\\/en\\\/recommend-and-get-dicount\\\/#faq-question-1698219476644\"}],\"inLanguage\":\"en-GB\",\"potentialAction\":[{\"@type\":\"ReadAction\",\"target\":[\"https:\\\/\\\/efaktura.nl\\\/en\\\/recommend-and-get-dicount\\\/\"]}]},{\"@type\":\"ImageObject\",\"inLanguage\":\"en-GB\",\"@id\":\"https:\\\/\\\/efaktura.nl\\\/en\\\/recommend-and-get-dicount\\\/#primaryimage\",\"url\":\"http:\\\/\\\/efaktura.nl\\\/wp-content\\\/uploads\\\/expenses-arrow-bottom-right.png\",\"contentUrl\":\"http:\\\/\\\/efaktura.nl\\\/wp-content\\\/uploads\\\/expenses-arrow-bottom-right.png\"},{\"@type\":\"BreadcrumbList\",\"@id\":\"https:\\\/\\\/efaktura.nl\\\/en\\\/recommend-and-get-dicount\\\/#breadcrumb\",\"itemListElement\":[{\"@type\":\"ListItem\",\"position\":1,\"name\":\"Strona g\u0142\u00f3wna\",\"item\":\"https:\\\/\\\/efaktura.nl\\\/en\\\/\"},{\"@type\":\"ListItem\",\"position\":2,\"name\":\"Recommend and get dicount\"}]},{\"@type\":\"WebSite\",\"@id\":\"https:\\\/\\\/efaktura.nl\\\/en\\\/#website\",\"url\":\"https:\\\/\\\/efaktura.nl\\\/en\\\/\",\"name\":\"eFaktura.nl\",\"description\":\"\",\"publisher\":{\"@id\":\"https:\\\/\\\/efaktura.nl\\\/en\\\/#organization\"},\"potentialAction\":[{\"@type\":\"SearchAction\",\"target\":{\"@type\":\"EntryPoint\",\"urlTemplate\":\"https:\\\/\\\/efaktura.nl\\\/en\\\/?s={search_term_string}\"},\"query-input\":{\"@type\":\"PropertyValueSpecification\",\"valueRequired\":true,\"valueName\":\"search_term_string\"}}],\"inLanguage\":\"en-GB\"},{\"@type\":\"Organization\",\"@id\":\"https:\\\/\\\/efaktura.nl\\\/en\\\/#organization\",\"name\":\"eFaktura\",\"url\":\"https:\\\/\\\/efaktura.nl\\\/en\\\/\",\"logo\":{\"@type\":\"ImageObject\",\"inLanguage\":\"en-GB\",\"@id\":\"https:\\\/\\\/efaktura.nl\\\/en\\\/#\\\/schema\\\/logo\\\/image\\\/\",\"url\":\"https:\\\/\\\/efaktura.nl\\\/wp-content\\\/uploads\\\/logo-efaktura-25.svg\",\"contentUrl\":\"https:\\\/\\\/efaktura.nl\\\/wp-content\\\/uploads\\\/logo-efaktura-25.svg\",\"width\":264,\"height\":31,\"caption\":\"eFaktura\"},\"image\":{\"@id\":\"https:\\\/\\\/efaktura.nl\\\/en\\\/#\\\/schema\\\/logo\\\/image\\\/\"},\"sameAs\":[\"https:\\\/\\\/www.facebook.com\\\/efaktura.nl\",\"https:\\\/\\\/www.instagram.com\\\/efaktura.eu\\\/\",\"https:\\\/\\\/www.youtube.com\\\/channel\\\/UCpx6sOnTCmDMkAG2QEyW9PA\"]},{\"@type\":\"Question\",\"@id\":\"https:\\\/\\\/efaktura.nl\\\/en\\\/recommend-and-get-dicount\\\/#faq-question-1698219385716\",\"position\":1,\"url\":\"https:\\\/\\\/efaktura.nl\\\/en\\\/recommend-and-get-dicount\\\/#faq-question-1698219385716\",\"name\":\"How is the discount realized?\",\"answerCount\":1,\"acceptedAnswer\":{\"@type\":\"Answer\",\"text\":\"If your friend stays with us and subscribes, we will not charge you in the next billing month.\",\"inLanguage\":\"en-GB\"},\"inLanguage\":\"en-GB\"},{\"@type\":\"Question\",\"@id\":\"https:\\\/\\\/efaktura.nl\\\/en\\\/recommend-and-get-dicount\\\/#faq-question-1698219464440\",\"position\":2,\"url\":\"https:\\\/\\\/efaktura.nl\\\/en\\\/recommend-and-get-dicount\\\/#faq-question-1698219464440\",\"name\":\"How can I track how many people have used my recommendation?\",\"answerCount\":1,\"acceptedAnswer\":{\"@type\":\"Answer\",\"text\":\"Log in to the program and look at the affiliate panel. There you will find all the information about the status of the invitations you have sent and the discounts received.\",\"inLanguage\":\"en-GB\"},\"inLanguage\":\"en-GB\"},{\"@type\":\"Question\",\"@id\":\"https:\\\/\\\/efaktura.nl\\\/en\\\/recommend-and-get-dicount\\\/#faq-question-1698219476644\",\"position\":3,\"url\":\"https:\\\/\\\/efaktura.nl\\\/en\\\/recommend-and-get-dicount\\\/#faq-question-1698219476644\",\"name\":\"What is the maximum number of discounts I can receive?\",\"answerCount\":1,\"acceptedAnswer\":{\"@type\":\"Answer\",\"text\":\"There are no limits to the discounts. The more friends you invite, the more you gain.\",\"inLanguage\":\"en-GB\"},\"inLanguage\":\"en-GB\"}]}<\/script>\n<!-- \/ Yoast SEO plugin. -->","yoast_head_json":{"title":"Recommend and get dicount - eFaktura.nl","robots":{"index":"index","follow":"follow","max-snippet":"max-snippet:-1","max-image-preview":"max-image-preview:large","max-video-preview":"max-video-preview:-1"},"canonical":"https:\/\/efaktura.nl\/en\/recommend-and-get-dicount\/","og_locale":"en_GB","og_type":"article","og_title":"Recommend and get dicount - eFaktura.nl","og_description":"Join the Recommend eFaktura.nl program and get discount! Do you like how eFaktura.nl simplifies business administration? Recommend it to your friends and start saving by promoting the best...","og_url":"https:\/\/efaktura.nl\/en\/recommend-and-get-dicount\/","og_site_name":"eFaktura.nl","article_publisher":"https:\/\/www.facebook.com\/efaktura.nl","article_modified_time":"2024-04-18T09:16:19+00:00","og_image":[{"url":"http:\/\/efaktura.nl\/wp-content\/uploads\/expenses-arrow-bottom-right.png","type":"","width":"","height":""}],"twitter_card":"summary_large_image","schema":{"@context":"https:\/\/schema.org","@graph":[{"@type":["WebPage","FAQPage"],"@id":"https:\/\/efaktura.nl\/en\/recommend-and-get-dicount\/","url":"https:\/\/efaktura.nl\/en\/recommend-and-get-dicount\/","name":"Recommend and get dicount - eFaktura.nl","isPartOf":{"@id":"https:\/\/efaktura.nl\/en\/#website"},"primaryImageOfPage":{"@id":"https:\/\/efaktura.nl\/en\/recommend-and-get-dicount\/#primaryimage"},"image":{"@id":"https:\/\/efaktura.nl\/en\/recommend-and-get-dicount\/#primaryimage"},"thumbnailUrl":"http:\/\/efaktura.nl\/wp-content\/uploads\/expenses-arrow-bottom-right.png","datePublished":"2024-04-18T09:10:50+00:00","dateModified":"2024-04-18T09:16:19+00:00","breadcrumb":{"@id":"https:\/\/efaktura.nl\/en\/recommend-and-get-dicount\/#breadcrumb"},"mainEntity":[{"@id":"https:\/\/efaktura.nl\/en\/recommend-and-get-dicount\/#faq-question-1698219385716"},{"@id":"https:\/\/efaktura.nl\/en\/recommend-and-get-dicount\/#faq-question-1698219464440"},{"@id":"https:\/\/efaktura.nl\/en\/recommend-and-get-dicount\/#faq-question-1698219476644"}],"inLanguage":"en-GB","potentialAction":[{"@type":"ReadAction","target":["https:\/\/efaktura.nl\/en\/recommend-and-get-dicount\/"]}]},{"@type":"ImageObject","inLanguage":"en-GB","@id":"https:\/\/efaktura.nl\/en\/recommend-and-get-dicount\/#primaryimage","url":"http:\/\/efaktura.nl\/wp-content\/uploads\/expenses-arrow-bottom-right.png","contentUrl":"http:\/\/efaktura.nl\/wp-content\/uploads\/expenses-arrow-bottom-right.png"},{"@type":"BreadcrumbList","@id":"https:\/\/efaktura.nl\/en\/recommend-and-get-dicount\/#breadcrumb","itemListElement":[{"@type":"ListItem","position":1,"name":"Strona g\u0142\u00f3wna","item":"https:\/\/efaktura.nl\/en\/"},{"@type":"ListItem","position":2,"name":"Recommend and get dicount"}]},{"@type":"WebSite","@id":"https:\/\/efaktura.nl\/en\/#website","url":"https:\/\/efaktura.nl\/en\/","name":"eFaktura.nl","description":"","publisher":{"@id":"https:\/\/efaktura.nl\/en\/#organization"},"potentialAction":[{"@type":"SearchAction","target":{"@type":"EntryPoint","urlTemplate":"https:\/\/efaktura.nl\/en\/?s={search_term_string}"},"query-input":{"@type":"PropertyValueSpecification","valueRequired":true,"valueName":"search_term_string"}}],"inLanguage":"en-GB"},{"@type":"Organization","@id":"https:\/\/efaktura.nl\/en\/#organization","name":"eFaktura","url":"https:\/\/efaktura.nl\/en\/","logo":{"@type":"ImageObject","inLanguage":"en-GB","@id":"https:\/\/efaktura.nl\/en\/#\/schema\/logo\/image\/","url":"https:\/\/efaktura.nl\/wp-content\/uploads\/logo-efaktura-25.svg","contentUrl":"https:\/\/efaktura.nl\/wp-content\/uploads\/logo-efaktura-25.svg","width":264,"height":31,"caption":"eFaktura"},"image":{"@id":"https:\/\/efaktura.nl\/en\/#\/schema\/logo\/image\/"},"sameAs":["https:\/\/www.facebook.com\/efaktura.nl","https:\/\/www.instagram.com\/efaktura.eu\/","https:\/\/www.youtube.com\/channel\/UCpx6sOnTCmDMkAG2QEyW9PA"]},{"@type":"Question","@id":"https:\/\/efaktura.nl\/en\/recommend-and-get-dicount\/#faq-question-1698219385716","position":1,"url":"https:\/\/efaktura.nl\/en\/recommend-and-get-dicount\/#faq-question-1698219385716","name":"How is the discount realized?","answerCount":1,"acceptedAnswer":{"@type":"Answer","text":"If your friend stays with us and subscribes, we will not charge you in the next billing month.","inLanguage":"en-GB"},"inLanguage":"en-GB"},{"@type":"Question","@id":"https:\/\/efaktura.nl\/en\/recommend-and-get-dicount\/#faq-question-1698219464440","position":2,"url":"https:\/\/efaktura.nl\/en\/recommend-and-get-dicount\/#faq-question-1698219464440","name":"How can I track how many people have used my recommendation?","answerCount":1,"acceptedAnswer":{"@type":"Answer","text":"Log in to the program and look at the affiliate panel. There you will find all the information about the status of the invitations you have sent and the discounts received.","inLanguage":"en-GB"},"inLanguage":"en-GB"},{"@type":"Question","@id":"https:\/\/efaktura.nl\/en\/recommend-and-get-dicount\/#faq-question-1698219476644","position":3,"url":"https:\/\/efaktura.nl\/en\/recommend-and-get-dicount\/#faq-question-1698219476644","name":"What is the maximum number of discounts I can receive?","answerCount":1,"acceptedAnswer":{"@type":"Answer","text":"There are no limits to the discounts. The more friends you invite, the more you gain.","inLanguage":"en-GB"},"inLanguage":"en-GB"}]}},"_links":{"self":[{"href":"https:\/\/efaktura.nl\/en\/wp-json\/wp\/v2\/pages\/26125","targetHints":{"allow":["GET"]}}],"collection":[{"href":"https:\/\/efaktura.nl\/en\/wp-json\/wp\/v2\/pages"}],"about":[{"href":"https:\/\/efaktura.nl\/en\/wp-json\/wp\/v2\/types\/page"}],"author":[{"embeddable":true,"href":"https:\/\/efaktura.nl\/en\/wp-json\/wp\/v2\/users\/7"}],"replies":[{"embeddable":true,"href":"https:\/\/efaktura.nl\/en\/wp-json\/wp\/v2\/comments?post=26125"}],"version-history":[{"count":0,"href":"https:\/\/efaktura.nl\/en\/wp-json\/wp\/v2\/pages\/26125\/revisions"}],"wp:attachment":[{"href":"https:\/\/efaktura.nl\/en\/wp-json\/wp\/v2\/media?parent=26125"}],"curies":[{"name":"wp","href":"https:\/\/api.w.org\/{rel}","templated":true}]}}