{"id":12214,"date":"2021-12-23T17:50:17","date_gmt":"2021-12-23T16:50:17","guid":{"rendered":"https:\/\/beta.efaktura.nl\/godzinowka\/"},"modified":"2023-11-06T11:02:02","modified_gmt":"2023-11-06T10:02:02","slug":"urenregistratie","status":"publish","type":"page","link":"https:\/\/efaktura.nl\/nl\/urenregistratie\/","title":{"rendered":"Urenregistratie"},"content":{"rendered":"\n<div class=\"wp-block-group\"><div class=\"wp-block-group__inner-container is-layout-constrained wp-block-group-is-layout-constrained\">\n<h1 class=\"wp-block-heading has-text-align-center\">Je werktijd is kostbaar!<\/h1>\n\n\n\n<p class=\"has-text-align-center wstep wp-block-paragraph\">Gewerkte uren vormen de basis van je factuur<\/p>\n\n\n\n<div class=\"wp-block-columns w990 is-layout-flex wp-container-core-columns-is-layout-8f761849 wp-block-columns-is-layout-flex\">\n<div class=\"wp-block-column is-vertically-aligned-center is-layout-flow wp-block-column-is-layout-flow\" style=\"--col-width:25%;flex-basis:25%\">\n<p class=\"has-text-align-center odreczny has-big-font-size wp-block-paragraph\">Werkuren registreren \u2013 snel en effici\u00ebnt<\/p>\n\n\n<div class=\"wp-block-image desktophide blok\">\n<figure class=\"alignright size-full\" data-aos=\"zoom-in\" data-aos-duration=\"1000\"><img loading=\"lazy\" decoding=\"async\" width=\"62\" height=\"58\" src=\"http:\/\/efaktura.nl\/wp-content\/uploads\/expenses-arrow-bottom-right.png\" alt=\"Strza\u0142ka w d\u00f3\u0142\" class=\"wp-image-9674\"\/><\/figure>\n<\/div>\n\n<div class=\"wp-block-image tablethide \">\n<figure class=\"aligncenter size-full\" data-aos=\"zoom-in\" data-aos-duration=\"1000\"><img loading=\"lazy\" decoding=\"async\" width=\"95\" height=\"66\" src=\"http:\/\/efaktura.nl\/wp-content\/uploads\/expenses-arrow-left.png\" alt=\"Strza\u0142ka w prawo\" class=\"wp-image-9619\"\/><\/figure>\n<\/div><\/div>\n\n\n\n<div class=\"wp-block-column is-layout-flow wp-block-column-is-layout-flow\" style=\"--col-width:50%;flex-basis:50%\"><div class=\"wp-block-image\">\n<figure class=\"aligncenter size-full\"><img loading=\"lazy\" decoding=\"async\" width=\"536\" height=\"341\" src=\"http:\/\/efaktura.nl\/wp-content\/uploads\/hours-1.png\" alt=\"Godzin\u00f3wka w Holandii\" class=\"wp-image-9988\" style=\"aspect-ratio:1.5314285714285714;object-fit:contain\" srcset=\"https:\/\/efaktura.nl\/wp-content\/uploads\/hours-1.png 536w, https:\/\/efaktura.nl\/wp-content\/uploads\/hours-1-300x191.png 300w, https:\/\/efaktura.nl\/wp-content\/uploads\/hours-1-480x305.png 480w\" sizes=\"auto, (max-width: 536px) 100vw, 536px\" \/><\/figure>\n<\/div><\/div>\n\n\n\n<div class=\"wp-block-column is-vertically-aligned-center is-layout-flow wp-block-column-is-layout-flow\" style=\"--col-width:25%;flex-basis:25%\"><div class=\"wp-block-image tablethide \">\n<figure class=\"aligncenter size-full\" data-aos=\"zoom-in\" data-aos-duration=\"1000\"><img loading=\"lazy\" decoding=\"async\" width=\"108\" height=\"85\" src=\"http:\/\/efaktura.nl\/wp-content\/uploads\/arrow-inv-right.png\" alt=\"Strza\u0142ka w lewo\" class=\"wp-image-8681\"\/><\/figure>\n<\/div>\n\n<div class=\"wp-block-image desktophide blok\">\n<figure class=\"alignleft size-full\" data-aos=\"zoom-in\" data-aos-duration=\"1000\"><img loading=\"lazy\" decoding=\"async\" width=\"59\" height=\"61\" src=\"http:\/\/efaktura.nl\/wp-content\/uploads\/expenses-arrow-top-left.png\" alt=\"Strza\u0142ka do g\u00f3ry\" class=\"wp-image-9677\"\/><\/figure>\n<\/div>\n\n\n<p class=\"has-text-align-center odreczny has-big-font-size wp-block-paragraph\">Verander je gewerkte uren in een factuur<\/p>\n<\/div>\n<\/div>\n\n\n\n<div style=\"height:25px\" aria-hidden=\"true\" class=\"wp-block-spacer\"><\/div>\n\n\n\n<div class=\"wp-block-buttons is-content-justification-center is-layout-flex wp-container-core-buttons-is-layout-fe48e5de wp-block-buttons-is-layout-flex\">\n<div class=\"wp-block-button\"><a class=\"wp-block-button__link wp-element-button\" href=\"https:\/\/app.efaktura.nl\/?lang=nl#\/register\">WERKUREN REGISTREREN<\/a><\/div>\n<\/div>\n<\/div><\/div>\n\n\n\n<div class=\"wp-block-group has-background\" style=\"background-color:#f2f2f2\"><div class=\"wp-block-group__inner-container is-layout-constrained wp-block-group-is-layout-constrained\">\n<h2 class=\"wp-block-heading has-text-align-center\">Waarom is het belangrijk om gewerkte uren te registreren?<\/h2>\n\n\n\n<div style=\"height:40px\" aria-hidden=\"true\" class=\"wp-block-spacer\"><\/div>\n\n\n\n<div class=\"wp-block-columns is-layout-flex wp-container-core-columns-is-layout-8f761849 wp-block-columns-is-layout-flex\">\n<div class=\"wp-block-column is-layout-flow wp-block-column-is-layout-flow\"><div class=\"wp-block-image\">\n<figure class=\"aligncenter size-full\"><img loading=\"lazy\" decoding=\"async\" width=\"144\" height=\"122\" src=\"http:\/\/efaktura.nl\/wp-content\/uploads\/hours-tax.png\" alt=\"Podatki a czas pracy w Holandii oraz Belgii\" class=\"wp-image-10963\"\/><\/figure>\n<\/div>\n\n\n<h3 class=\"wp-block-heading has-text-align-center\">Belastingen versus werktijd<\/h3>\n\n\n\n<p class=\"has-text-align-center wp-block-paragraph\">Voor sommige heffingskortingen geldt de voorwaarde dat je aan een bepaald urencriterium dient te voldoen. Je moet kunnen aantonen dat je\u00a0<strong>1225<\/strong>\u00a0uur per jaar aan je eigen bedrijf hebt besteed.<\/p>\n<\/div>\n\n\n\n<div class=\"wp-block-column is-layout-flow wp-block-column-is-layout-flow\"><div class=\"wp-block-image\">\n<figure class=\"aligncenter size-full\"><img loading=\"lazy\" decoding=\"async\" width=\"130\" height=\"122\" src=\"http:\/\/efaktura.nl\/wp-content\/uploads\/hours-invoice.png\" alt=\"Faktura godzinowa w Holandii oraz Belgii\" class=\"wp-image-10966\"\/><\/figure>\n<\/div>\n\n\n<h3 class=\"wp-block-heading has-text-align-center\">Urenregistratie omzetten in een factuur<\/h3>\n\n\n\n<p class=\"has-text-align-center wp-block-paragraph\">Factureer je op basis van gewerkte uren? Beheer je uren systematisch en overzichtelijk in een handige kalender om bewust te zijn van je uurtarief.<\/p>\n<\/div>\n<\/div>\n<\/div><\/div>\n\n\n\n<div class=\"wp-block-group\"><div class=\"wp-block-group__inner-container is-layout-constrained wp-block-group-is-layout-constrained\">\n<p class=\"has-text-align-center wp-block-paragraph\" style=\"text-transform:uppercase\">VERSPIL HIER GEEN TIJD AAN<\/p>\n\n\n\n<h2 class=\"wp-block-heading has-text-align-center\">Neem de volledige controle over je werktijd!<\/h2>\n\n\n\n<div style=\"height:25px\" aria-hidden=\"true\" class=\"wp-block-spacer\"><\/div>\n\n\n\n<div class=\"wp-block-columns is-layout-flex wp-container-core-columns-is-layout-8f761849 wp-block-columns-is-layout-flex\">\n<div class=\"wp-block-column is-layout-flow wp-block-column-is-layout-flow\" style=\"--col-width:12%;flex-basis:12%\"><\/div>\n\n\n\n<div class=\"wp-block-column is-vertically-aligned-center is-layout-flow wp-block-column-is-layout-flow\" style=\"--col-width:30%;padding-right:var(--wp--preset--spacing--30);padding-left:var(--wp--preset--spacing--30);flex-basis:30%\">\n<figure class=\"wp-block-image size-full center\"><img loading=\"lazy\" decoding=\"async\" width=\"100\" height=\"113\" src=\"http:\/\/efaktura.nl\/wp-content\/uploads\/hours-logo-big.png\" alt=\"Godzin\u00f3wka w Holandii\" class=\"wp-image-9991\"\/><\/figure>\n\n\n\n<h3 class=\"wp-block-heading center\">Heb je de urenregistratie doorlopend bijgehouden?<\/h3>\n\n\n\n<p class=\"center wp-block-paragraph\">Als je een factuur direct vanuit het systeem verstuurt, wordt jouw urenregistratie automatisch toegevoegd.<\/p>\n<\/div>\n\n\n\n<div class=\"wp-block-column mobilehide is-layout-flow wp-block-column-is-layout-flow\" style=\"--col-width:6%;flex-basis:6%\"><\/div>\n\n\n\n<div class=\"wp-block-column is-vertically-aligned-center is-layout-flow wp-block-column-is-layout-flow\" style=\"--col-width:50%;padding-top:var(--wp--preset--spacing--40);padding-right:var(--wp--preset--spacing--30);padding-bottom:var(--wp--preset--spacing--40);padding-left:var(--wp--preset--spacing--30);flex-basis:50%\">\n<div class=\"wp-block-columns w990 is-layout-flex wp-container-core-columns-is-layout-8f761849 wp-block-columns-is-layout-flex\">\n<div class=\"wp-block-column is-layout-flow wp-block-column-is-layout-flow\">\n<div style=\"height:40px\" aria-hidden=\"true\" class=\"wp-block-spacer\"><\/div>\n\n\n\n<div class=\"wp-block-columns are-vertically-aligned-center is-not-stacked-on-mobile bezmarginesu is-layout-flex wp-container-core-columns-is-layout-8f761849 wp-block-columns-is-layout-flex\">\n<div class=\"wp-block-column is-vertically-aligned-center is-layout-flow wp-block-column-is-layout-flow\" style=\"--col-width:91px;flex-basis:91px\" data-aos=\"fade\">\n<figure class=\"wp-block-image size-full\"><img loading=\"lazy\" decoding=\"async\" width=\"81\" height=\"98\" src=\"http:\/\/efaktura.nl\/wp-content\/uploads\/add.png\" alt=\"1 punkt\" class=\"wp-image-9994\"\/><\/figure>\n<\/div>\n\n\n\n<div class=\"wp-block-column is-vertically-aligned-center is-layout-flow wp-block-column-is-layout-flow\" style=\"--col-width:66.66%;flex-basis:66.66%\">\n<h3 class=\"wp-block-heading\">Voeg uren<\/h3>\n\n\n\n<p class=\"wp-block-paragraph\">klantgegevens en project toe<\/p>\n<\/div>\n<\/div>\n\n\n\n<div class=\"wp-block-columns is-not-stacked-on-mobile bezmarginesu is-layout-flex wp-container-core-columns-is-layout-8f761849 wp-block-columns-is-layout-flex\">\n<div class=\"wp-block-column is-layout-flow wp-block-column-is-layout-flow\" style=\"--col-width:91px;flex-basis:91px\">\n<figure class=\"wp-block-image size-full\"><img loading=\"lazy\" decoding=\"async\" width=\"79\" height=\"98\" src=\"http:\/\/efaktura.nl\/wp-content\/uploads\/send-1.png\" alt=\"2 punkt\" class=\"wp-image-10000\"\/><\/figure>\n<\/div>\n\n\n\n<div class=\"wp-block-column is-vertically-aligned-center is-layout-flow wp-block-column-is-layout-flow\" style=\"--col-width:66.66%;flex-basis:66.66%\">\n<h3 class=\"wp-block-heading\"><br>Stuur de geregistreerde uren<\/h3>\n\n\n\n<p class=\"wp-block-paragraph\">naar je klant ter goedkeuring<\/p>\n<\/div>\n<\/div>\n\n\n\n<div class=\"wp-block-columns is-not-stacked-on-mobile bezmarginesu is-layout-flex wp-container-core-columns-is-layout-8f761849 wp-block-columns-is-layout-flex\">\n<div class=\"wp-block-column is-layout-flow wp-block-column-is-layout-flow\" style=\"--col-width:91px;flex-basis:91px\">\n<figure class=\"wp-block-image size-full\"><img loading=\"lazy\" decoding=\"async\" width=\"75\" height=\"69\" src=\"http:\/\/efaktura.nl\/wp-content\/uploads\/click.png\" alt=\"3 punkt\" class=\"wp-image-9997\"\/><\/figure>\n<\/div>\n\n\n\n<div class=\"wp-block-column is-vertically-aligned-center is-layout-flow wp-block-column-is-layout-flow\" style=\"--col-width:66.66%;flex-basis:66.66%\">\n<h3 class=\"wp-block-heading\"><br>KLIK! Maak een factuur aan<\/h3>\n\n\n\n<p class=\"wp-block-paragraph\">op basis van de goedgekeurde urenregistratie<\/p>\n<\/div>\n<\/div>\n<\/div>\n<\/div>\n<\/div>\n\n\n\n<div class=\"wp-block-column is-layout-flow wp-block-column-is-layout-flow\" style=\"--col-width:12%;flex-basis:12%\"><\/div>\n<\/div>\n\n\n\n<div class=\"wp-block-buttons is-content-justification-center is-layout-flex wp-container-core-buttons-is-layout-fe48e5de wp-block-buttons-is-layout-flex\">\n<div class=\"wp-block-button\"><a class=\"wp-block-button__link wp-element-button\" href=\"https:\/\/app.efaktura.nl\/?lang=nl#\/register\">WERKUREN REGISTREREN<\/a><\/div>\n<\/div>\n<\/div><\/div>\n\n\n\n<div class=\"wp-block-group\"><div class=\"wp-block-group__inner-container is-layout-constrained wp-block-group-is-layout-constrained\">\n<h2 class=\"wp-block-heading has-text-align-center\">Bekijk hoe urenregistratie bij eFaktura werkt<\/h2>\n\n\n\n<div style=\"height:25px\" aria-hidden=\"true\" class=\"wp-block-spacer\"><\/div>\n\n\n\n<div class=\"wp-block-cb-carousel sameheight\" data-slick=\"{&quot;slidesToShow&quot;:5,&quot;slidesToScroll&quot;:1,&quot;speed&quot;:300,&quot;arrows&quot;:false,&quot;dots&quot;:true,&quot;autoplay&quot;:false,&quot;autoplaySpeed&quot;:3000,&quot;infinite&quot;:false,&quot;responsive&quot;:[{&quot;breakpoint&quot;:991,&quot;settings&quot;:{&quot;slidesToShow&quot;:1,&quot;slidesToScroll&quot;:1}}]}\">\n<div class=\"wp-block-cb-slide\"><div class=\"wp-block-image\">\n<figure class=\"aligncenter size-full\"><img loading=\"lazy\" decoding=\"async\" width=\"250\" height=\"452\" src=\"https:\/\/efaktura.nl\/wp-content\/uploads\/how-to-hours1-nl.png\" alt=\"\" class=\"wp-image-13071\" style=\"object-fit:cover\" srcset=\"https:\/\/efaktura.nl\/wp-content\/uploads\/how-to-hours1-nl.png 250w, https:\/\/efaktura.nl\/wp-content\/uploads\/how-to-hours1-nl-166x300.png 166w\" sizes=\"auto, (max-width: 250px) 100vw, 250px\" \/><\/figure>\n<\/div>\n\n\n<div style=\"height:15px\" aria-hidden=\"true\" class=\"wp-block-spacer\"><\/div>\n\n\n\n<h3 class=\"wp-block-heading has-text-align-center odreczny has-big-font-size\">Selecteer UREN<br> TOEVOEGEN in<br> het menu.<\/h3>\n<\/div>\n\n\n\n<div class=\"wp-block-cb-slide\"><div class=\"wp-block-image\">\n<figure class=\"aligncenter size-full\"><img loading=\"lazy\" decoding=\"async\" width=\"224\" height=\"452\" src=\"https:\/\/efaktura.nl\/wp-content\/uploads\/how-to-hours2-nl.png\" alt=\"\" class=\"wp-image-13074\" style=\"object-fit:cover\" srcset=\"https:\/\/efaktura.nl\/wp-content\/uploads\/how-to-hours2-nl.png 224w, https:\/\/efaktura.nl\/wp-content\/uploads\/how-to-hours2-nl-149x300.png 149w\" sizes=\"auto, (max-width: 224px) 100vw, 224px\" \/><\/figure>\n<\/div>\n\n\n<div style=\"height:15px\" aria-hidden=\"true\" class=\"wp-block-spacer\"><\/div>\n\n\n\n<h3 class=\"wp-block-heading has-text-align-center odreczny has-big-font-size\">Kies het project<br> waarvoor je uren wilt<br>  toevoegen.<\/h3>\n<\/div>\n\n\n\n<div class=\"wp-block-cb-slide\"><div class=\"wp-block-image\">\n<figure class=\"aligncenter size-full\"><img loading=\"lazy\" decoding=\"async\" width=\"250\" height=\"452\" src=\"https:\/\/efaktura.nl\/wp-content\/uploads\/how-to-hours3-nl.png\" alt=\"\" class=\"wp-image-13077\" style=\"object-fit:cover\" srcset=\"https:\/\/efaktura.nl\/wp-content\/uploads\/how-to-hours3-nl.png 250w, https:\/\/efaktura.nl\/wp-content\/uploads\/how-to-hours3-nl-166x300.png 166w\" sizes=\"auto, (max-width: 250px) 100vw, 250px\" \/><\/figure>\n<\/div>\n\n\n<div style=\"height:15px\" aria-hidden=\"true\" class=\"wp-block-spacer\"><\/div>\n\n\n\n<h3 class=\"wp-block-heading has-text-align-center odreczny has-big-font-size\">Vul de uren in<\/h3>\n<\/div>\n\n\n\n<div class=\"wp-block-cb-slide\"><div class=\"wp-block-image\">\n<figure class=\"aligncenter size-full\"><img loading=\"lazy\" decoding=\"async\" width=\"224\" height=\"452\" src=\"https:\/\/efaktura.nl\/wp-content\/uploads\/how-to-hours4-nl.png\" alt=\"\" class=\"wp-image-13080\" style=\"object-fit:cover\" srcset=\"https:\/\/efaktura.nl\/wp-content\/uploads\/how-to-hours4-nl.png 224w, https:\/\/efaktura.nl\/wp-content\/uploads\/how-to-hours4-nl-149x300.png 149w\" sizes=\"auto, (max-width: 224px) 100vw, 224px\" \/><\/figure>\n<\/div>\n\n\n<div style=\"height:15px\" aria-hidden=\"true\" class=\"wp-block-spacer\"><\/div>\n\n\n\n<h3 class=\"wp-block-heading has-text-align-center odreczny has-big-font-size\">Selecteer de periode<br> die je met de klant<br> wilt afrekenen en<br> maak een<br> urenregistratie voor<br> hem.<\/h3>\n<\/div>\n\n\n\n<div class=\"wp-block-cb-slide\"><div class=\"wp-block-image\">\n<figure class=\"aligncenter size-full\"><img loading=\"lazy\" decoding=\"async\" width=\"224\" height=\"452\" src=\"https:\/\/efaktura.nl\/wp-content\/uploads\/how-to-hours5-nl.png\" alt=\"\" class=\"wp-image-13083\" style=\"object-fit:cover\" srcset=\"https:\/\/efaktura.nl\/wp-content\/uploads\/how-to-hours5-nl.png 224w, https:\/\/efaktura.nl\/wp-content\/uploads\/how-to-hours5-nl-149x300.png 149w\" sizes=\"auto, (max-width: 224px) 100vw, 224px\" \/><\/figure>\n<\/div>\n\n\n<div style=\"height:15px\" aria-hidden=\"true\" class=\"wp-block-spacer\"><\/div>\n\n\n\n<h3 class=\"wp-block-heading has-text-align-center odreczny has-big-font-size\">Geef je uren ter<br> goedkeuring aan de<br> klant en maak er<br> met \u00e9\u00e9n KLIK een<br> factuur van.<\/h3>\n<\/div>\n<\/div>\n\n\n\n<div style=\"height:25px\" aria-hidden=\"true\" class=\"wp-block-spacer\"><\/div>\n\n\n\n<div class=\"wp-block-buttons is-content-justification-center is-layout-flex wp-container-core-buttons-is-layout-fe48e5de wp-block-buttons-is-layout-flex\">\n<div class=\"wp-block-button\"><a class=\"wp-block-button__link wp-element-button\" href=\"https:\/\/app.efaktura.nl\/?lang=nl#\/register\">WERKUREN REGISTREREN<\/a><\/div>\n<\/div>\n<\/div><\/div>\n","protected":false},"excerpt":{"rendered":"<p>Je werktijd is kostbaar! Gewerkte uren vormen de basis van je factuur Werkuren registreren \u2013 snel en effici\u00ebnt Verander je gewerkte uren in een factuur Waarom is het&#8230;<\/p>\n","protected":false},"author":2,"featured_media":0,"parent":0,"menu_order":0,"comment_status":"closed","ping_status":"closed","template":"","meta":{"_acf_changed":false,"_crdt_document":"","inline_featured_image":false,"footnotes":""},"class_list":["post-12214","page","type-page","status-publish","hentry"],"acf":[],"yoast_head":"<!-- This site is optimized with the Yoast SEO plugin v27.4 - https:\/\/yoast.com\/product\/yoast-seo-wordpress\/ -->\n<title>Urenregistratie - eFaktura.nl<\/title>\n<meta name=\"robots\" content=\"index, follow, max-snippet:-1, max-image-preview:large, max-video-preview:-1\" \/>\n<link rel=\"canonical\" href=\"https:\/\/efaktura.nl\/nl\/urenregistratie\/\" \/>\n<meta property=\"og:locale\" content=\"nl_NL\" \/>\n<meta property=\"og:type\" content=\"article\" \/>\n<meta property=\"og:title\" content=\"Urenregistratie - eFaktura.nl\" \/>\n<meta property=\"og:description\" content=\"Je werktijd is kostbaar! Gewerkte uren vormen de basis van je factuur Werkuren registreren \u2013 snel en effici\u00ebnt Verander je gewerkte uren in een factuur Waarom is het...\" \/>\n<meta property=\"og:url\" content=\"https:\/\/efaktura.nl\/nl\/urenregistratie\/\" \/>\n<meta property=\"og:site_name\" content=\"eFaktura.nl\" \/>\n<meta property=\"article:publisher\" content=\"https:\/\/www.facebook.com\/efaktura.nl\" \/>\n<meta property=\"article:modified_time\" content=\"2023-11-06T10:02:02+00:00\" \/>\n<meta property=\"og:image\" content=\"http:\/\/efaktura.nl\/wp-content\/uploads\/expenses-arrow-bottom-right.png\" \/>\n<meta name=\"twitter:card\" content=\"summary_large_image\" \/>\n<script type=\"application\/ld+json\" class=\"yoast-schema-graph\">{\"@context\":\"https:\\\/\\\/schema.org\",\"@graph\":[{\"@type\":\"WebPage\",\"@id\":\"https:\\\/\\\/efaktura.nl\\\/nl\\\/urenregistratie\\\/\",\"url\":\"https:\\\/\\\/efaktura.nl\\\/nl\\\/urenregistratie\\\/\",\"name\":\"Urenregistratie - eFaktura.nl\",\"isPartOf\":{\"@id\":\"https:\\\/\\\/efaktura.nl\\\/nl\\\/#website\"},\"primaryImageOfPage\":{\"@id\":\"https:\\\/\\\/efaktura.nl\\\/nl\\\/urenregistratie\\\/#primaryimage\"},\"image\":{\"@id\":\"https:\\\/\\\/efaktura.nl\\\/nl\\\/urenregistratie\\\/#primaryimage\"},\"thumbnailUrl\":\"http:\\\/\\\/efaktura.nl\\\/wp-content\\\/uploads\\\/expenses-arrow-bottom-right.png\",\"datePublished\":\"2021-12-23T16:50:17+00:00\",\"dateModified\":\"2023-11-06T10:02:02+00:00\",\"breadcrumb\":{\"@id\":\"https:\\\/\\\/efaktura.nl\\\/nl\\\/urenregistratie\\\/#breadcrumb\"},\"inLanguage\":\"nl-NL\",\"potentialAction\":[{\"@type\":\"ReadAction\",\"target\":[\"https:\\\/\\\/efaktura.nl\\\/nl\\\/urenregistratie\\\/\"]}]},{\"@type\":\"ImageObject\",\"inLanguage\":\"nl-NL\",\"@id\":\"https:\\\/\\\/efaktura.nl\\\/nl\\\/urenregistratie\\\/#primaryimage\",\"url\":\"http:\\\/\\\/efaktura.nl\\\/wp-content\\\/uploads\\\/expenses-arrow-bottom-right.png\",\"contentUrl\":\"http:\\\/\\\/efaktura.nl\\\/wp-content\\\/uploads\\\/expenses-arrow-bottom-right.png\"},{\"@type\":\"BreadcrumbList\",\"@id\":\"https:\\\/\\\/efaktura.nl\\\/nl\\\/urenregistratie\\\/#breadcrumb\",\"itemListElement\":[{\"@type\":\"ListItem\",\"position\":1,\"name\":\"Strona g\u0142\u00f3wna\",\"item\":\"https:\\\/\\\/efaktura.nl\\\/nl\\\/new-home\\\/\"},{\"@type\":\"ListItem\",\"position\":2,\"name\":\"Urenregistratie\"}]},{\"@type\":\"WebSite\",\"@id\":\"https:\\\/\\\/efaktura.nl\\\/nl\\\/#website\",\"url\":\"https:\\\/\\\/efaktura.nl\\\/nl\\\/\",\"name\":\"eFaktura.nl\",\"description\":\"\",\"publisher\":{\"@id\":\"https:\\\/\\\/efaktura.nl\\\/nl\\\/#organization\"},\"potentialAction\":[{\"@type\":\"SearchAction\",\"target\":{\"@type\":\"EntryPoint\",\"urlTemplate\":\"https:\\\/\\\/efaktura.nl\\\/nl\\\/?s={search_term_string}\"},\"query-input\":{\"@type\":\"PropertyValueSpecification\",\"valueRequired\":true,\"valueName\":\"search_term_string\"}}],\"inLanguage\":\"nl-NL\"},{\"@type\":\"Organization\",\"@id\":\"https:\\\/\\\/efaktura.nl\\\/nl\\\/#organization\",\"name\":\"eFaktura\",\"url\":\"https:\\\/\\\/efaktura.nl\\\/nl\\\/\",\"logo\":{\"@type\":\"ImageObject\",\"inLanguage\":\"nl-NL\",\"@id\":\"https:\\\/\\\/efaktura.nl\\\/nl\\\/#\\\/schema\\\/logo\\\/image\\\/\",\"url\":\"https:\\\/\\\/efaktura.nl\\\/wp-content\\\/uploads\\\/logo-efaktura-25.svg\",\"contentUrl\":\"https:\\\/\\\/efaktura.nl\\\/wp-content\\\/uploads\\\/logo-efaktura-25.svg\",\"width\":264,\"height\":31,\"caption\":\"eFaktura\"},\"image\":{\"@id\":\"https:\\\/\\\/efaktura.nl\\\/nl\\\/#\\\/schema\\\/logo\\\/image\\\/\"},\"sameAs\":[\"https:\\\/\\\/www.facebook.com\\\/efaktura.nl\",\"https:\\\/\\\/www.instagram.com\\\/efaktura.eu\\\/\",\"https:\\\/\\\/www.youtube.com\\\/channel\\\/UCpx6sOnTCmDMkAG2QEyW9PA\"]}]}<\/script>\n<!-- \/ Yoast SEO plugin. -->","yoast_head_json":{"title":"Urenregistratie - eFaktura.nl","robots":{"index":"index","follow":"follow","max-snippet":"max-snippet:-1","max-image-preview":"max-image-preview:large","max-video-preview":"max-video-preview:-1"},"canonical":"https:\/\/efaktura.nl\/nl\/urenregistratie\/","og_locale":"nl_NL","og_type":"article","og_title":"Urenregistratie - eFaktura.nl","og_description":"Je werktijd is kostbaar! Gewerkte uren vormen de basis van je factuur Werkuren registreren \u2013 snel en effici\u00ebnt Verander je gewerkte uren in een factuur Waarom is het...","og_url":"https:\/\/efaktura.nl\/nl\/urenregistratie\/","og_site_name":"eFaktura.nl","article_publisher":"https:\/\/www.facebook.com\/efaktura.nl","article_modified_time":"2023-11-06T10:02:02+00:00","og_image":[{"url":"http:\/\/efaktura.nl\/wp-content\/uploads\/expenses-arrow-bottom-right.png","type":"","width":"","height":""}],"twitter_card":"summary_large_image","schema":{"@context":"https:\/\/schema.org","@graph":[{"@type":"WebPage","@id":"https:\/\/efaktura.nl\/nl\/urenregistratie\/","url":"https:\/\/efaktura.nl\/nl\/urenregistratie\/","name":"Urenregistratie - eFaktura.nl","isPartOf":{"@id":"https:\/\/efaktura.nl\/nl\/#website"},"primaryImageOfPage":{"@id":"https:\/\/efaktura.nl\/nl\/urenregistratie\/#primaryimage"},"image":{"@id":"https:\/\/efaktura.nl\/nl\/urenregistratie\/#primaryimage"},"thumbnailUrl":"http:\/\/efaktura.nl\/wp-content\/uploads\/expenses-arrow-bottom-right.png","datePublished":"2021-12-23T16:50:17+00:00","dateModified":"2023-11-06T10:02:02+00:00","breadcrumb":{"@id":"https:\/\/efaktura.nl\/nl\/urenregistratie\/#breadcrumb"},"inLanguage":"nl-NL","potentialAction":[{"@type":"ReadAction","target":["https:\/\/efaktura.nl\/nl\/urenregistratie\/"]}]},{"@type":"ImageObject","inLanguage":"nl-NL","@id":"https:\/\/efaktura.nl\/nl\/urenregistratie\/#primaryimage","url":"http:\/\/efaktura.nl\/wp-content\/uploads\/expenses-arrow-bottom-right.png","contentUrl":"http:\/\/efaktura.nl\/wp-content\/uploads\/expenses-arrow-bottom-right.png"},{"@type":"BreadcrumbList","@id":"https:\/\/efaktura.nl\/nl\/urenregistratie\/#breadcrumb","itemListElement":[{"@type":"ListItem","position":1,"name":"Strona g\u0142\u00f3wna","item":"https:\/\/efaktura.nl\/nl\/new-home\/"},{"@type":"ListItem","position":2,"name":"Urenregistratie"}]},{"@type":"WebSite","@id":"https:\/\/efaktura.nl\/nl\/#website","url":"https:\/\/efaktura.nl\/nl\/","name":"eFaktura.nl","description":"","publisher":{"@id":"https:\/\/efaktura.nl\/nl\/#organization"},"potentialAction":[{"@type":"SearchAction","target":{"@type":"EntryPoint","urlTemplate":"https:\/\/efaktura.nl\/nl\/?s={search_term_string}"},"query-input":{"@type":"PropertyValueSpecification","valueRequired":true,"valueName":"search_term_string"}}],"inLanguage":"nl-NL"},{"@type":"Organization","@id":"https:\/\/efaktura.nl\/nl\/#organization","name":"eFaktura","url":"https:\/\/efaktura.nl\/nl\/","logo":{"@type":"ImageObject","inLanguage":"nl-NL","@id":"https:\/\/efaktura.nl\/nl\/#\/schema\/logo\/image\/","url":"https:\/\/efaktura.nl\/wp-content\/uploads\/logo-efaktura-25.svg","contentUrl":"https:\/\/efaktura.nl\/wp-content\/uploads\/logo-efaktura-25.svg","width":264,"height":31,"caption":"eFaktura"},"image":{"@id":"https:\/\/efaktura.nl\/nl\/#\/schema\/logo\/image\/"},"sameAs":["https:\/\/www.facebook.com\/efaktura.nl","https:\/\/www.instagram.com\/efaktura.eu\/","https:\/\/www.youtube.com\/channel\/UCpx6sOnTCmDMkAG2QEyW9PA"]}]}},"_links":{"self":[{"href":"https:\/\/efaktura.nl\/nl\/wp-json\/wp\/v2\/pages\/12214","targetHints":{"allow":["GET"]}}],"collection":[{"href":"https:\/\/efaktura.nl\/nl\/wp-json\/wp\/v2\/pages"}],"about":[{"href":"https:\/\/efaktura.nl\/nl\/wp-json\/wp\/v2\/types\/page"}],"author":[{"embeddable":true,"href":"https:\/\/efaktura.nl\/nl\/wp-json\/wp\/v2\/users\/2"}],"replies":[{"embeddable":true,"href":"https:\/\/efaktura.nl\/nl\/wp-json\/wp\/v2\/comments?post=12214"}],"version-history":[{"count":0,"href":"https:\/\/efaktura.nl\/nl\/wp-json\/wp\/v2\/pages\/12214\/revisions"}],"wp:attachment":[{"href":"https:\/\/efaktura.nl\/nl\/wp-json\/wp\/v2\/media?parent=12214"}],"curies":[{"name":"wp","href":"https:\/\/api.w.org\/{rel}","templated":true}]}}