{"id":12218,"date":"2021-12-23T17:49:38","date_gmt":"2021-12-23T16:49:38","guid":{"rendered":"https:\/\/beta.efaktura.nl\/koszty\/"},"modified":"2023-11-07T13:16:43","modified_gmt":"2023-11-07T12:16:43","slug":"uitgaven","status":"publish","type":"page","link":"https:\/\/efaktura.nl\/nl\/uitgaven\/","title":{"rendered":"Uitgaven"},"content":{"rendered":"\n<div class=\"wp-block-group\"><div class=\"wp-block-group__inner-container is-layout-constrained wp-block-group-is-layout-constrained\">\n<h1 class=\"wp-block-heading has-text-align-center\">Heeft je bedrijf geen uitgaven? Dat kan niet!<\/h1>\n\n\n\n<p class=\"has-text-align-center wstep wp-block-paragraph\">Controle in bedrijfsuitgaven betekent minder belasting betalen.<\/p>\n\n\n\n<div class=\"wp-block-columns w990 is-layout-flex wp-container-core-columns-is-layout-8f761849 wp-block-columns-is-layout-flex\">\n<div class=\"wp-block-column is-vertically-aligned-center is-layout-flow wp-block-column-is-layout-flow\" style=\"--col-width:25%;flex-basis:25%\">\n<p class=\"has-text-align-center odreczny has-big-font-size wp-block-paragraph\">Maak een foto van de bon of een factuur en vul de details in.<\/p>\n\n\n<div class=\"wp-block-image desktophide blok\">\n<figure class=\"alignright size-full\" data-aos=\"zoom-in\" data-aos-duration=\"1000\"><img loading=\"lazy\" decoding=\"async\" width=\"62\" height=\"58\" src=\"http:\/\/efaktura.nl\/wp-content\/uploads\/expenses-arrow-bottom-right.png\" alt=\"Strza\u0142ka w d\u00f3\u0142\" class=\"wp-image-9674\"\/><\/figure>\n<\/div>\n\n<div class=\"wp-block-image tablethide \">\n<figure class=\"aligncenter size-full\" data-aos=\"zoom-in\" data-aos-duration=\"1000\"><img loading=\"lazy\" decoding=\"async\" width=\"95\" height=\"66\" src=\"http:\/\/efaktura.nl\/wp-content\/uploads\/expenses-arrow-left.png\" alt=\"Strza\u0142ka w prawo\" class=\"wp-image-9619\"\/><\/figure>\n<\/div><\/div>\n\n\n\n<div class=\"wp-block-column is-layout-flow wp-block-column-is-layout-flow\" style=\"--col-width:50%;flex-basis:50%\"><div class=\"wp-block-image\">\n<figure class=\"aligncenter size-full\"><img loading=\"lazy\" decoding=\"async\" width=\"536\" height=\"350\" src=\"http:\/\/efaktura.nl\/wp-content\/uploads\/efaktura-expenses.png\" alt=\"Rozliczanie koszt\u00f3w firmy w Holandii, Belgii lub Niemczech\" class=\"wp-image-9613\" style=\"aspect-ratio:1.5314285714285714;object-fit:contain\" srcset=\"https:\/\/efaktura.nl\/wp-content\/uploads\/efaktura-expenses.png 536w, https:\/\/efaktura.nl\/wp-content\/uploads\/efaktura-expenses-300x196.png 300w, https:\/\/efaktura.nl\/wp-content\/uploads\/efaktura-expenses-480x313.png 480w\" sizes=\"auto, (max-width: 536px) 100vw, 536px\" \/><\/figure>\n<\/div><\/div>\n\n\n\n<div class=\"wp-block-column is-vertically-aligned-center is-layout-flow wp-block-column-is-layout-flow\" style=\"--col-width:25%;flex-basis:25%\"><div class=\"wp-block-image tablethide \">\n<figure class=\"aligncenter size-full\" data-aos=\"zoom-in\" data-aos-duration=\"1000\"><img loading=\"lazy\" decoding=\"async\" width=\"108\" height=\"85\" src=\"http:\/\/efaktura.nl\/wp-content\/uploads\/arrow-inv-right.png\" alt=\"Strza\u0142ka w lewo\" class=\"wp-image-8681\"\/><\/figure>\n<\/div>\n\n<div class=\"wp-block-image desktophide blok\">\n<figure class=\"alignleft size-full\" data-aos=\"zoom-in\" data-aos-duration=\"1000\"><img loading=\"lazy\" decoding=\"async\" width=\"59\" height=\"61\" src=\"http:\/\/efaktura.nl\/wp-content\/uploads\/expenses-arrow-top-left.png\" alt=\"Strza\u0142ka do g\u00f3ry\" class=\"wp-image-9677\"\/><\/figure>\n<\/div>\n\n\n<p class=\"has-text-align-center odreczny has-big-font-size wp-block-paragraph\">Digitale versie van je documenten is net zo belangrijk als de geprinte versie!<\/p>\n<\/div>\n<\/div>\n\n\n\n<div style=\"height:25px\" aria-hidden=\"true\" class=\"wp-block-spacer\"><\/div>\n\n\n\n<div class=\"wp-block-buttons is-content-justification-center is-layout-flex wp-container-core-buttons-is-layout-fe48e5de wp-block-buttons-is-layout-flex\">\n<div class=\"wp-block-button\"><a class=\"wp-block-button__link wp-element-button\" href=\"https:\/\/app.efaktura.nl\/?lang=nl#\/register\">UITGAVEN REGISTREREN<\/a><\/div>\n<\/div>\n<\/div><\/div>\n\n\n\n<div class=\"wp-block-group has-background\" style=\"background-color:#f2f2f2\"><div class=\"wp-block-group__inner-container is-layout-constrained wp-block-group-is-layout-constrained\">\n<h2 class=\"wp-block-heading has-text-align-center\">Waarom is uitgavenregistratie belangrijk?<\/h2>\n\n\n\n<div style=\"height:40px\" aria-hidden=\"true\" class=\"wp-block-spacer\"><\/div>\n\n\n\n<div class=\"wp-block-columns is-layout-flex wp-container-core-columns-is-layout-8f761849 wp-block-columns-is-layout-flex\">\n<div class=\"wp-block-column is-layout-flow wp-block-column-is-layout-flow\"><div class=\"wp-block-image\">\n<figure class=\"aligncenter size-full is-resized\"><img loading=\"lazy\" decoding=\"async\" width=\"91\" height=\"120\" src=\"http:\/\/efaktura.nl\/wp-content\/uploads\/expenses-file-color2.png\" alt=\"Dokumenty kosztowe\" class=\"wp-image-10895\" style=\"object-fit:contain;width:83px;height:110px\"\/><\/figure>\n<\/div>\n\n\n<h3 class=\"wp-block-heading has-text-align-center\">Hoe houd je<br> je administratie bij?<\/h3>\n\n\n\n<p class=\"has-text-align-center wp-block-paragraph\">Op een eenvoudige en handige manier houd je controle over je administratie en de uitgaven van je bedrijf.&nbsp;<\/p>\n<\/div>\n\n\n\n<div class=\"wp-block-column is-layout-flow wp-block-column-is-layout-flow\"><div class=\"wp-block-image\">\n<figure class=\"aligncenter size-full is-resized\"><img loading=\"lazy\" decoding=\"async\" width=\"118\" height=\"120\" src=\"http:\/\/efaktura.nl\/wp-content\/uploads\/expenses-project-color2.png\" alt=\"Dokumenty kosztowe w projekcie\" class=\"wp-image-10898\" style=\"object-fit:contain;width:108px;height:110px\"\/><\/figure>\n<\/div>\n\n\n<h3 class=\"wp-block-heading has-text-align-center\">Bij welk project heb je je uitgaven onderschat?<\/h3>\n\n\n\n<p class=\"has-text-align-center wp-block-paragraph\">Met eFaktura kun je elke uitgave koppelen aan klant en project.&nbsp;Check bij elk project welke kosten je werkelijk hebt gemaakt, neem ze op in je factuur en verdien meer.<\/p>\n<\/div>\n\n\n\n<div class=\"wp-block-column is-layout-flow wp-block-column-is-layout-flow\"><div class=\"wp-block-image\">\n<figure class=\"aligncenter size-full\"><img loading=\"lazy\" decoding=\"async\" width=\"126\" height=\"110\" src=\"http:\/\/efaktura.nl\/wp-content\/uploads\/expenses-accountant-color2.png\" alt=\"Dokumenty kosztowe online\" class=\"wp-image-10892\"\/><\/figure>\n<\/div>\n\n\n<h3 class=\"wp-block-heading has-text-align-center\">Niet meer zoeken<br> naar bonnetjes.<\/h3>\n\n\n\n<p class=\"has-text-align-center wp-block-paragraph\">Door uitgaven in het systeem te registreren, kun je ze delen met je boekhouder. Zo verspillen jullie geen tijd meer tijdens het maken van een aangifte.&nbsp;<\/p>\n<\/div>\n<\/div>\n<\/div><\/div>\n\n\n\n<div class=\"wp-block-group\"><div class=\"wp-block-group__inner-container is-layout-constrained wp-block-group-is-layout-constrained\">\n<p class=\"has-text-align-center wstep wp-block-paragraph\">WELKOM IN DE TOEKOMST<\/p>\n\n\n\n<h2 class=\"wp-block-heading has-text-align-center\">Registreer je uitgaven online.<\/h2>\n\n\n\n<p class=\"has-text-align-center wp-block-paragraph\">Vervang je bonnetjes in digitale kostenoverzichten.<\/p>\n\n\n\n<div style=\"height:25px\" aria-hidden=\"true\" class=\"wp-block-spacer\"><\/div>\n\n\n\n<div class=\"wp-block-columns is-layout-flex wp-container-core-columns-is-layout-8f761849 wp-block-columns-is-layout-flex\">\n<div class=\"wp-block-column is-vertically-aligned-center is-layout-flow wp-block-column-is-layout-flow\" style=\"--col-width:22%;flex-basis:22%\"><div class=\"wp-block-image\">\n<figure class=\"aligncenter size-full\"><img loading=\"lazy\" decoding=\"async\" width=\"335\" height=\"473\" src=\"https:\/\/efaktura.nl\/wp-content\/uploads\/Group-1646.png\" alt=\"\" class=\"wp-image-15044\" srcset=\"https:\/\/efaktura.nl\/wp-content\/uploads\/Group-1646.png 335w, https:\/\/efaktura.nl\/wp-content\/uploads\/Group-1646-212x300.png 212w\" sizes=\"auto, (max-width: 335px) 100vw, 335px\" \/><\/figure>\n<\/div><\/div>\n\n\n\n<div class=\"wp-block-column is-vertically-aligned-center has-background is-layout-flow wp-block-column-is-layout-flow\" style=\"--col-width:78%;background-color:#ebebeb;padding-top:var(--wp--preset--spacing--40);padding-right:var(--wp--preset--spacing--30);padding-bottom:var(--wp--preset--spacing--40);padding-left:var(--wp--preset--spacing--30);flex-basis:78%\"><div class=\"wp-block-image\">\n<figure class=\"aligncenter size-large\"><img loading=\"lazy\" decoding=\"async\" width=\"1024\" height=\"455\" src=\"https:\/\/efaktura.nl\/wp-content\/uploads\/Group-1647-1024x455.png\" alt=\"\" class=\"wp-image-15047\" srcset=\"https:\/\/efaktura.nl\/wp-content\/uploads\/Group-1647-1024x455.png 1024w, https:\/\/efaktura.nl\/wp-content\/uploads\/Group-1647-300x133.png 300w, https:\/\/efaktura.nl\/wp-content\/uploads\/Group-1647-768x342.png 768w, https:\/\/efaktura.nl\/wp-content\/uploads\/Group-1647-1080x480.png 1080w, https:\/\/efaktura.nl\/wp-content\/uploads\/Group-1647-980x436.png 980w, https:\/\/efaktura.nl\/wp-content\/uploads\/Group-1647-480x214.png 480w, https:\/\/efaktura.nl\/wp-content\/uploads\/Group-1647.png 1205w\" sizes=\"auto, (max-width: 1024px) 100vw, 1024px\" \/><\/figure>\n<\/div><\/div>\n<\/div>\n<\/div><\/div>\n\n\n\n<div class=\"wp-block-group\"><div class=\"wp-block-group__inner-container is-layout-constrained wp-block-group-is-layout-constrained\">\n<h2 class=\"wp-block-heading has-text-align-center\">Hoe werkt het?<\/h2>\n\n\n\n<div style=\"height:25px\" aria-hidden=\"true\" class=\"wp-block-spacer\"><\/div>\n\n\n\n<div class=\"wp-block-cb-carousel sameheight\" data-slick=\"{&quot;slidesToShow&quot;:5,&quot;slidesToScroll&quot;:1,&quot;speed&quot;:300,&quot;arrows&quot;:false,&quot;dots&quot;:true,&quot;autoplay&quot;:false,&quot;autoplaySpeed&quot;:3000,&quot;infinite&quot;:false,&quot;responsive&quot;:[{&quot;breakpoint&quot;:991,&quot;settings&quot;:{&quot;slidesToShow&quot;:1,&quot;slidesToScroll&quot;:1}}]}\">\n<div class=\"wp-block-cb-slide\"><div class=\"wp-block-image\">\n<figure class=\"aligncenter size-full\"><img loading=\"lazy\" decoding=\"async\" width=\"250\" height=\"452\" src=\"https:\/\/efaktura.nl\/wp-content\/uploads\/how-to-expenses1-nl.png\" alt=\"\" class=\"wp-image-13016\" style=\"object-fit:cover\" srcset=\"https:\/\/efaktura.nl\/wp-content\/uploads\/how-to-expenses1-nl.png 250w, https:\/\/efaktura.nl\/wp-content\/uploads\/how-to-expenses1-nl-166x300.png 166w\" sizes=\"auto, (max-width: 250px) 100vw, 250px\" \/><\/figure>\n<\/div>\n\n\n<div style=\"height:15px\" aria-hidden=\"true\" class=\"wp-block-spacer\"><\/div>\n\n\n\n<h3 class=\"wp-block-heading has-text-align-center odreczny has-big-font-size\">Selecteer UITGAVE<br>  TOEVOEGEN in<br> het menu<\/h3>\n<\/div>\n\n\n\n<div class=\"wp-block-cb-slide\"><div class=\"wp-block-image\">\n<figure class=\"aligncenter size-full\"><img loading=\"lazy\" decoding=\"async\" width=\"224\" height=\"452\" src=\"https:\/\/efaktura.nl\/wp-content\/uploads\/how-to-expenses2-nl.png\" alt=\"\" class=\"wp-image-13019\" style=\"object-fit:cover\" srcset=\"https:\/\/efaktura.nl\/wp-content\/uploads\/how-to-expenses2-nl.png 224w, https:\/\/efaktura.nl\/wp-content\/uploads\/how-to-expenses2-nl-149x300.png 149w\" sizes=\"auto, (max-width: 224px) 100vw, 224px\" \/><\/figure>\n<\/div>\n\n\n<div style=\"height:15px\" aria-hidden=\"true\" class=\"wp-block-spacer\"><\/div>\n\n\n\n<h3 class=\"wp-block-heading has-text-align-center odreczny has-big-font-size\">Maak een foto van<br> de bon of voeg een<br> bestand toe.<\/h3>\n<\/div>\n\n\n\n<div class=\"wp-block-cb-slide\"><div class=\"wp-block-image\">\n<figure class=\"aligncenter size-full\"><img loading=\"lazy\" decoding=\"async\" width=\"224\" height=\"452\" src=\"https:\/\/efaktura.nl\/wp-content\/uploads\/how-to-expenses3-nl.png\" alt=\"\" class=\"wp-image-13022\" style=\"object-fit:cover\" srcset=\"https:\/\/efaktura.nl\/wp-content\/uploads\/how-to-expenses3-nl.png 224w, https:\/\/efaktura.nl\/wp-content\/uploads\/how-to-expenses3-nl-149x300.png 149w\" sizes=\"auto, (max-width: 224px) 100vw, 224px\" \/><\/figure>\n<\/div>\n\n\n<div style=\"height:15px\" aria-hidden=\"true\" class=\"wp-block-spacer\"><\/div>\n\n\n\n<h3 class=\"wp-block-heading has-text-align-center odreczny has-big-font-size\">Vul de informatie in<br> &#8220;+ details inzien&#8221;<\/h3>\n<\/div>\n\n\n\n<div class=\"wp-block-cb-slide\"><div class=\"wp-block-image\">\n<figure class=\"aligncenter size-full\"><img loading=\"lazy\" decoding=\"async\" width=\"224\" height=\"452\" src=\"https:\/\/efaktura.nl\/wp-content\/uploads\/how-to-expenses4-nl.png\" alt=\"\" class=\"wp-image-13025\" style=\"object-fit:cover\" srcset=\"https:\/\/efaktura.nl\/wp-content\/uploads\/how-to-expenses4-nl.png 224w, https:\/\/efaktura.nl\/wp-content\/uploads\/how-to-expenses4-nl-149x300.png 149w\" sizes=\"auto, (max-width: 224px) 100vw, 224px\" \/><\/figure>\n<\/div>\n\n\n<div style=\"height:15px\" aria-hidden=\"true\" class=\"wp-block-spacer\"><\/div>\n\n\n\n<h3 class=\"wp-block-heading has-text-align-center odreczny has-big-font-size\">Voeg de klant toe en<br> het project waarop<br>  de bon betrekking<br>  heeft.<\/h3>\n<\/div>\n\n\n\n<div class=\"wp-block-cb-slide\"><div class=\"wp-block-image\">\n<figure class=\"aligncenter size-full\"><img loading=\"lazy\" decoding=\"async\" width=\"224\" height=\"452\" src=\"https:\/\/efaktura.nl\/wp-content\/uploads\/how-to-expenses5-nl.png\" alt=\"\" class=\"wp-image-13028\" style=\"object-fit:cover\" srcset=\"https:\/\/efaktura.nl\/wp-content\/uploads\/how-to-expenses5-nl.png 224w, https:\/\/efaktura.nl\/wp-content\/uploads\/how-to-expenses5-nl-149x300.png 149w\" sizes=\"auto, (max-width: 224px) 100vw, 224px\" \/><\/figure>\n<\/div>\n\n\n<div style=\"height:15px\" aria-hidden=\"true\" class=\"wp-block-spacer\"><\/div>\n\n\n\n<h3 class=\"wp-block-heading has-text-align-center odreczny has-big-font-size\">Download alle<br>  uitgaven als pdf.<\/h3>\n<\/div>\n<\/div>\n\n\n\n<div style=\"height:25px\" aria-hidden=\"true\" class=\"wp-block-spacer\"><\/div>\n\n\n\n<div class=\"wp-block-buttons is-content-justification-center is-layout-flex wp-container-core-buttons-is-layout-fe48e5de wp-block-buttons-is-layout-flex\">\n<div class=\"wp-block-button\"><a class=\"wp-block-button__link wp-element-button\" href=\"https:\/\/app.efaktura.nl\/?lang=nl#\/register\">UITGAVEN REGISTREREN<\/a><\/div>\n<\/div>\n<\/div><\/div>\n\n\n\n<div class=\"wp-block-group has-white-color has-text-color has-background\" style=\"background-color:#465e79\"><div class=\"wp-block-group__inner-container is-layout-constrained wp-block-group-is-layout-constrained\">\n<div class=\"wp-block-columns is-layout-flex wp-container-core-columns-is-layout-8f761849 wp-block-columns-is-layout-flex\">\n<div class=\"wp-block-column is-vertically-aligned-center is-layout-flow wp-block-column-is-layout-flow\" style=\"--col-width:15%;padding-right:0;padding-left:0;flex-basis:15%\"><div class=\"wp-block-image\">\n<figure class=\"aligncenter size-full is-resized\"><img loading=\"lazy\" decoding=\"async\" width=\"205\" height=\"175\" src=\"https:\/\/efaktura.nl\/wp-content\/uploads\/accountant.png\" alt=\"Ksi\u0119gowy\" class=\"wp-image-111\" style=\"width:120px\"\/><\/figure>\n<\/div><\/div>\n\n\n\n<div class=\"wp-block-column is-layout-flow wp-block-column-is-layout-flow\" style=\"--col-width:85%;flex-basis:85%\">\n<h2 class=\"wp-block-heading center\"><br>Link je account met je boekhouder<\/h2>\n\n\n\n<p class=\"center wp-block-paragraph\">Ga naar instellingen en nodig je boekhouder uit om gebruik te maken van eFaktura.<br>Door jullie accounts te verbinden krijgt je boekhouder toegang tot jouw documenten en kan hij\/zij ze downloaden en indien nodig zelfs corrigeren.<\/p>\n<\/div>\n<\/div>\n\n\n\n<div class=\"wp-block-buttons is-content-justification-center is-layout-flex wp-container-core-buttons-is-layout-fe48e5de wp-block-buttons-is-layout-flex\">\n<div class=\"wp-block-button\"><a class=\"wp-block-button__link wp-element-button\" href=\"https:\/\/app.efaktura.nl\/?lang=nl\/#\/register\">MET MIJN BOEKHOUDER VERBINDEN<\/a><\/div>\n<\/div>\n<\/div><\/div>\n","protected":false},"excerpt":{"rendered":"<p>Heeft je bedrijf geen uitgaven? Dat kan niet! Controle in bedrijfsuitgaven betekent minder belasting betalen. Maak een foto van de bon of een factuur en vul de details&#8230;<\/p>\n","protected":false},"author":2,"featured_media":0,"parent":0,"menu_order":0,"comment_status":"closed","ping_status":"closed","template":"","meta":{"_acf_changed":false,"_crdt_document":"","inline_featured_image":false,"footnotes":""},"class_list":["post-12218","page","type-page","status-publish","hentry"],"acf":[],"yoast_head":"<!-- This site is optimized with the Yoast SEO plugin v27.4 - https:\/\/yoast.com\/product\/yoast-seo-wordpress\/ -->\n<title>Uitgaven - eFaktura.nl<\/title>\n<meta name=\"robots\" content=\"index, follow, max-snippet:-1, max-image-preview:large, max-video-preview:-1\" \/>\n<link rel=\"canonical\" href=\"https:\/\/efaktura.nl\/nl\/uitgaven\/\" \/>\n<meta property=\"og:locale\" content=\"nl_NL\" \/>\n<meta property=\"og:type\" content=\"article\" \/>\n<meta property=\"og:title\" content=\"Uitgaven - eFaktura.nl\" \/>\n<meta property=\"og:description\" content=\"Heeft je bedrijf geen uitgaven? Dat kan niet! Controle in bedrijfsuitgaven betekent minder belasting betalen. Maak een foto van de bon of een factuur en vul de details...\" \/>\n<meta property=\"og:url\" content=\"https:\/\/efaktura.nl\/nl\/uitgaven\/\" \/>\n<meta property=\"og:site_name\" content=\"eFaktura.nl\" \/>\n<meta property=\"article:publisher\" content=\"https:\/\/www.facebook.com\/efaktura.nl\" \/>\n<meta property=\"article:modified_time\" content=\"2023-11-07T12:16:43+00:00\" \/>\n<meta property=\"og:image\" content=\"http:\/\/efaktura.nl\/wp-content\/uploads\/expenses-arrow-bottom-right.png\" \/>\n<meta name=\"twitter:card\" content=\"summary_large_image\" \/>\n<script type=\"application\/ld+json\" class=\"yoast-schema-graph\">{\"@context\":\"https:\\\/\\\/schema.org\",\"@graph\":[{\"@type\":\"WebPage\",\"@id\":\"https:\\\/\\\/efaktura.nl\\\/nl\\\/uitgaven\\\/\",\"url\":\"https:\\\/\\\/efaktura.nl\\\/nl\\\/uitgaven\\\/\",\"name\":\"Uitgaven - eFaktura.nl\",\"isPartOf\":{\"@id\":\"https:\\\/\\\/efaktura.nl\\\/nl\\\/#website\"},\"primaryImageOfPage\":{\"@id\":\"https:\\\/\\\/efaktura.nl\\\/nl\\\/uitgaven\\\/#primaryimage\"},\"image\":{\"@id\":\"https:\\\/\\\/efaktura.nl\\\/nl\\\/uitgaven\\\/#primaryimage\"},\"thumbnailUrl\":\"http:\\\/\\\/efaktura.nl\\\/wp-content\\\/uploads\\\/expenses-arrow-bottom-right.png\",\"datePublished\":\"2021-12-23T16:49:38+00:00\",\"dateModified\":\"2023-11-07T12:16:43+00:00\",\"breadcrumb\":{\"@id\":\"https:\\\/\\\/efaktura.nl\\\/nl\\\/uitgaven\\\/#breadcrumb\"},\"inLanguage\":\"nl-NL\",\"potentialAction\":[{\"@type\":\"ReadAction\",\"target\":[\"https:\\\/\\\/efaktura.nl\\\/nl\\\/uitgaven\\\/\"]}]},{\"@type\":\"ImageObject\",\"inLanguage\":\"nl-NL\",\"@id\":\"https:\\\/\\\/efaktura.nl\\\/nl\\\/uitgaven\\\/#primaryimage\",\"url\":\"http:\\\/\\\/efaktura.nl\\\/wp-content\\\/uploads\\\/expenses-arrow-bottom-right.png\",\"contentUrl\":\"http:\\\/\\\/efaktura.nl\\\/wp-content\\\/uploads\\\/expenses-arrow-bottom-right.png\"},{\"@type\":\"BreadcrumbList\",\"@id\":\"https:\\\/\\\/efaktura.nl\\\/nl\\\/uitgaven\\\/#breadcrumb\",\"itemListElement\":[{\"@type\":\"ListItem\",\"position\":1,\"name\":\"Strona g\u0142\u00f3wna\",\"item\":\"https:\\\/\\\/efaktura.nl\\\/nl\\\/\"},{\"@type\":\"ListItem\",\"position\":2,\"name\":\"Uitgaven\"}]},{\"@type\":\"WebSite\",\"@id\":\"https:\\\/\\\/efaktura.nl\\\/nl\\\/#website\",\"url\":\"https:\\\/\\\/efaktura.nl\\\/nl\\\/\",\"name\":\"eFaktura.nl\",\"description\":\"\",\"publisher\":{\"@id\":\"https:\\\/\\\/efaktura.nl\\\/nl\\\/#organization\"},\"potentialAction\":[{\"@type\":\"SearchAction\",\"target\":{\"@type\":\"EntryPoint\",\"urlTemplate\":\"https:\\\/\\\/efaktura.nl\\\/nl\\\/?s={search_term_string}\"},\"query-input\":{\"@type\":\"PropertyValueSpecification\",\"valueRequired\":true,\"valueName\":\"search_term_string\"}}],\"inLanguage\":\"nl-NL\"},{\"@type\":\"Organization\",\"@id\":\"https:\\\/\\\/efaktura.nl\\\/nl\\\/#organization\",\"name\":\"eFaktura\",\"url\":\"https:\\\/\\\/efaktura.nl\\\/nl\\\/\",\"logo\":{\"@type\":\"ImageObject\",\"inLanguage\":\"nl-NL\",\"@id\":\"https:\\\/\\\/efaktura.nl\\\/nl\\\/#\\\/schema\\\/logo\\\/image\\\/\",\"url\":\"https:\\\/\\\/efaktura.nl\\\/wp-content\\\/uploads\\\/logo-efaktura-25.svg\",\"contentUrl\":\"https:\\\/\\\/efaktura.nl\\\/wp-content\\\/uploads\\\/logo-efaktura-25.svg\",\"width\":264,\"height\":31,\"caption\":\"eFaktura\"},\"image\":{\"@id\":\"https:\\\/\\\/efaktura.nl\\\/nl\\\/#\\\/schema\\\/logo\\\/image\\\/\"},\"sameAs\":[\"https:\\\/\\\/www.facebook.com\\\/efaktura.nl\",\"https:\\\/\\\/www.instagram.com\\\/efaktura.eu\\\/\",\"https:\\\/\\\/www.youtube.com\\\/channel\\\/UCpx6sOnTCmDMkAG2QEyW9PA\"]}]}<\/script>\n<!-- \/ Yoast SEO plugin. -->","yoast_head_json":{"title":"Uitgaven - eFaktura.nl","robots":{"index":"index","follow":"follow","max-snippet":"max-snippet:-1","max-image-preview":"max-image-preview:large","max-video-preview":"max-video-preview:-1"},"canonical":"https:\/\/efaktura.nl\/nl\/uitgaven\/","og_locale":"nl_NL","og_type":"article","og_title":"Uitgaven - eFaktura.nl","og_description":"Heeft je bedrijf geen uitgaven? Dat kan niet! Controle in bedrijfsuitgaven betekent minder belasting betalen. Maak een foto van de bon of een factuur en vul de details...","og_url":"https:\/\/efaktura.nl\/nl\/uitgaven\/","og_site_name":"eFaktura.nl","article_publisher":"https:\/\/www.facebook.com\/efaktura.nl","article_modified_time":"2023-11-07T12:16:43+00:00","og_image":[{"url":"http:\/\/efaktura.nl\/wp-content\/uploads\/expenses-arrow-bottom-right.png","type":"","width":"","height":""}],"twitter_card":"summary_large_image","schema":{"@context":"https:\/\/schema.org","@graph":[{"@type":"WebPage","@id":"https:\/\/efaktura.nl\/nl\/uitgaven\/","url":"https:\/\/efaktura.nl\/nl\/uitgaven\/","name":"Uitgaven - eFaktura.nl","isPartOf":{"@id":"https:\/\/efaktura.nl\/nl\/#website"},"primaryImageOfPage":{"@id":"https:\/\/efaktura.nl\/nl\/uitgaven\/#primaryimage"},"image":{"@id":"https:\/\/efaktura.nl\/nl\/uitgaven\/#primaryimage"},"thumbnailUrl":"http:\/\/efaktura.nl\/wp-content\/uploads\/expenses-arrow-bottom-right.png","datePublished":"2021-12-23T16:49:38+00:00","dateModified":"2023-11-07T12:16:43+00:00","breadcrumb":{"@id":"https:\/\/efaktura.nl\/nl\/uitgaven\/#breadcrumb"},"inLanguage":"nl-NL","potentialAction":[{"@type":"ReadAction","target":["https:\/\/efaktura.nl\/nl\/uitgaven\/"]}]},{"@type":"ImageObject","inLanguage":"nl-NL","@id":"https:\/\/efaktura.nl\/nl\/uitgaven\/#primaryimage","url":"http:\/\/efaktura.nl\/wp-content\/uploads\/expenses-arrow-bottom-right.png","contentUrl":"http:\/\/efaktura.nl\/wp-content\/uploads\/expenses-arrow-bottom-right.png"},{"@type":"BreadcrumbList","@id":"https:\/\/efaktura.nl\/nl\/uitgaven\/#breadcrumb","itemListElement":[{"@type":"ListItem","position":1,"name":"Strona g\u0142\u00f3wna","item":"https:\/\/efaktura.nl\/nl\/"},{"@type":"ListItem","position":2,"name":"Uitgaven"}]},{"@type":"WebSite","@id":"https:\/\/efaktura.nl\/nl\/#website","url":"https:\/\/efaktura.nl\/nl\/","name":"eFaktura.nl","description":"","publisher":{"@id":"https:\/\/efaktura.nl\/nl\/#organization"},"potentialAction":[{"@type":"SearchAction","target":{"@type":"EntryPoint","urlTemplate":"https:\/\/efaktura.nl\/nl\/?s={search_term_string}"},"query-input":{"@type":"PropertyValueSpecification","valueRequired":true,"valueName":"search_term_string"}}],"inLanguage":"nl-NL"},{"@type":"Organization","@id":"https:\/\/efaktura.nl\/nl\/#organization","name":"eFaktura","url":"https:\/\/efaktura.nl\/nl\/","logo":{"@type":"ImageObject","inLanguage":"nl-NL","@id":"https:\/\/efaktura.nl\/nl\/#\/schema\/logo\/image\/","url":"https:\/\/efaktura.nl\/wp-content\/uploads\/logo-efaktura-25.svg","contentUrl":"https:\/\/efaktura.nl\/wp-content\/uploads\/logo-efaktura-25.svg","width":264,"height":31,"caption":"eFaktura"},"image":{"@id":"https:\/\/efaktura.nl\/nl\/#\/schema\/logo\/image\/"},"sameAs":["https:\/\/www.facebook.com\/efaktura.nl","https:\/\/www.instagram.com\/efaktura.eu\/","https:\/\/www.youtube.com\/channel\/UCpx6sOnTCmDMkAG2QEyW9PA"]}]}},"_links":{"self":[{"href":"https:\/\/efaktura.nl\/nl\/wp-json\/wp\/v2\/pages\/12218","targetHints":{"allow":["GET"]}}],"collection":[{"href":"https:\/\/efaktura.nl\/nl\/wp-json\/wp\/v2\/pages"}],"about":[{"href":"https:\/\/efaktura.nl\/nl\/wp-json\/wp\/v2\/types\/page"}],"author":[{"embeddable":true,"href":"https:\/\/efaktura.nl\/nl\/wp-json\/wp\/v2\/users\/2"}],"replies":[{"embeddable":true,"href":"https:\/\/efaktura.nl\/nl\/wp-json\/wp\/v2\/comments?post=12218"}],"version-history":[{"count":0,"href":"https:\/\/efaktura.nl\/nl\/wp-json\/wp\/v2\/pages\/12218\/revisions"}],"wp:attachment":[{"href":"https:\/\/efaktura.nl\/nl\/wp-json\/wp\/v2\/media?parent=12218"}],"curies":[{"name":"wp","href":"https:\/\/api.w.org\/{rel}","templated":true}]}}