{"id":26135,"date":"2024-04-18T11:28:24","date_gmt":"2024-04-18T09:28:24","guid":{"rendered":"https:\/\/efaktura.nl\/?page_id=26135"},"modified":"2024-04-18T11:28:26","modified_gmt":"2024-04-18T09:28:26","slug":"app-anbevelen-en-besparen","status":"publish","type":"page","link":"https:\/\/efaktura.nl\/nl\/app-anbevelen-en-besparen\/","title":{"rendered":"App anbevelen en besparen"},"content":{"rendered":"\n<div class=\"wp-block-group af\"><div class=\"wp-block-group__inner-container is-layout-constrained wp-block-group-is-layout-constrained\">\n<h1 class=\"wp-block-heading has-text-align-center\">Sluit je aan bij het <strong>Aanbevelingsprogramma van eFaktura.nl<\/strong> en bespaar!<\/h1>\n\n\n\n<p class=\"has-text-align-center wstep wp-block-paragraph\">Vind je het leuk hoe eFaktura.nl de bedrijfsadministratie vereenvoudigt? Beveel het aan bij je vrienden en begin met besparen door de beste online facturatie oplossing te promoten!<\/p>\n\n\n\n<div class=\"wp-block-columns w990 is-layout-flex wp-container-core-columns-is-layout-8f761849 wp-block-columns-is-layout-flex\">\n<div class=\"wp-block-column is-vertically-aligned-center is-layout-flow wp-block-column-is-layout-flow\" style=\"--col-width:30%;flex-basis:30%\">\n<p class=\"has-text-align-center odreczny has-big-font-size wp-block-paragraph\">Verdien 30 gratis dagen voor elke actieve vriend.<\/p>\n\n\n<div class=\"wp-block-image desktophide obrot2\">\n<figure class=\"aligncenter size-full\" data-aos=\"zoom-in\" data-aos-duration=\"1000\"><img loading=\"lazy\" decoding=\"async\" width=\"62\" height=\"58\" src=\"http:\/\/efaktura.nl\/wp-content\/uploads\/expenses-arrow-bottom-right.png\" alt=\"Strza\u0142ka w d\u00f3\u0142\" class=\"wp-image-9674\"\/><\/figure>\n<\/div>\n\n<div class=\"wp-block-image tablethide \">\n<figure class=\"aligncenter size-full\" data-aos=\"zoom-in\" data-aos-duration=\"1000\"><img loading=\"lazy\" decoding=\"async\" width=\"95\" height=\"66\" src=\"http:\/\/efaktura.nl\/wp-content\/uploads\/expenses-arrow-left.png\" alt=\"Strza\u0142ka w prawo\" class=\"wp-image-9619\"\/><\/figure>\n<\/div><\/div>\n\n\n\n<div class=\"wp-block-column is-vertically-aligned-center is-layout-flow wp-block-column-is-layout-flow\" style=\"--col-width:40%;flex-basis:40%\">\n<figure class=\"wp-block-video\"><video height=\"550\" style=\"aspect-ratio: 550 \/ 550;\" width=\"550\" autoplay loop muted src=\"https:\/\/efaktura.nl\/wp-content\/uploads\/aff_animacja.mp4\" playsinline><\/video><\/figure>\n<\/div>\n\n\n\n<div class=\"wp-block-column is-vertically-aligned-center is-layout-flow wp-block-column-is-layout-flow\" style=\"--col-width:30%;flex-basis:30%\"><div class=\"wp-block-image tablethide \">\n<figure class=\"aligncenter size-full\" data-aos=\"zoom-in\" data-aos-duration=\"1000\"><img loading=\"lazy\" decoding=\"async\" width=\"108\" height=\"85\" src=\"http:\/\/efaktura.nl\/wp-content\/uploads\/arrow-inv-right.png\" alt=\"Strza\u0142ka w lewo\" class=\"wp-image-8681\"\/><\/figure>\n<\/div>\n\n<div class=\"wp-block-image desktophide \">\n<figure class=\"aligncenter size-full\" data-aos=\"zoom-in\" data-aos-duration=\"1000\"><img loading=\"lazy\" decoding=\"async\" width=\"59\" height=\"61\" src=\"http:\/\/efaktura.nl\/wp-content\/uploads\/expenses-arrow-top-left.png\" alt=\"Strza\u0142ka do g\u00f3ry\" class=\"wp-image-9677\"\/><\/figure>\n<\/div>\n\n\n<p class=\"has-text-align-center odreczny has-big-font-size wp-block-paragraph\">eFaktura.nl voor de helft van de prijs voor iedereen die zich via jouw uitnodiging aansluit.<\/p>\n<\/div>\n<\/div>\n\n\n\n<div class=\"wp-block-buttons is-content-justification-center is-layout-flex wp-container-core-buttons-is-layout-fe48e5de wp-block-buttons-is-layout-flex\">\n<div class=\"wp-block-button\"><a class=\"wp-block-button__link wp-element-button\" href=\"https:\/\/app.efaktura.nl\/#\/affiliateDashboard\">AANBEVELEN EN BESPAREN<\/a><\/div>\n<\/div>\n<\/div><\/div>\n\n\n\n<div class=\"wp-block-group w1100 af has-background\" style=\"background-color:#f2f2f2\"><div class=\"wp-block-group__inner-container is-layout-constrained wp-block-group-is-layout-constrained\">\n<h2 class=\"wp-block-heading has-text-align-center\">Hoe werkt het <strong>Aanbevelingsprogramma van eFaktura.nl<\/strong>?<\/h2>\n\n\n\n<div style=\"height:35px\" aria-hidden=\"true\" class=\"wp-block-spacer\"><\/div>\n\n\n\n<div class=\"wp-block-columns is-layout-flex wp-container-core-columns-is-layout-8f761849 wp-block-columns-is-layout-flex\">\n<div class=\"wp-block-column is-vertically-aligned-center center is-layout-flow wp-block-column-is-layout-flow\" style=\"--col-width:40%;flex-basis:40%\"><div class=\"wp-block-image\">\n<figure class=\"aligncenter size-full\" data-aos=\"zoom-in\" data-aos-duration=\"1000\"><img loading=\"lazy\" decoding=\"async\" width=\"990\" height=\"715\" src=\"https:\/\/efaktura.nl\/wp-content\/uploads\/afiliacja1.png\" alt=\"Za\u0142\u00f3\u017c konto w aplikacji eFaktura\" class=\"wp-image-23299\" style=\"object-fit:cover\" srcset=\"https:\/\/efaktura.nl\/wp-content\/uploads\/afiliacja1.png 990w, https:\/\/efaktura.nl\/wp-content\/uploads\/afiliacja1-300x217.png 300w, https:\/\/efaktura.nl\/wp-content\/uploads\/afiliacja1-768x555.png 768w, https:\/\/efaktura.nl\/wp-content\/uploads\/afiliacja1-692x500.png 692w\" sizes=\"auto, (max-width: 990px) 100vw, 990px\" \/><\/figure>\n<\/div><\/div>\n\n\n\n<div class=\"wp-block-column is-vertically-aligned-center center is-layout-flow wp-block-column-is-layout-flow\">\n<p class=\"duza wp-block-paragraph\">1<\/p>\n\n\n\n<h3 class=\"wp-block-heading\">MAAK EEN ACCOUNT aan bij eFaktura.nl<\/h3>\n\n\n\n<p class=\"wp-block-paragraph\">Het programma is bedoeld voor actieve gebruikers van eFaktura.nl.<\/p>\n<\/div>\n<\/div>\n\n\n\n<div class=\"wp-block-columns are-vertically-aligned-center is-layout-flex wp-container-core-columns-is-layout-8f761849 wp-block-columns-is-layout-flex\">\n<div class=\"wp-block-column is-vertically-aligned-center center is-layout-flow wp-block-column-is-layout-flow\" style=\"--col-width:40%;flex-basis:40%\"><div class=\"wp-block-image\">\n<figure class=\"aligncenter size-full\" data-aos=\"zoom-in\" data-aos-duration=\"1000\"><img loading=\"lazy\" decoding=\"async\" width=\"990\" height=\"715\" src=\"https:\/\/efaktura.nl\/wp-content\/uploads\/afiliacja2.png\" alt=\"Przeka\u017c zaproszenie do eFaktura\" class=\"wp-image-23287\" style=\"object-fit:cover\" srcset=\"https:\/\/efaktura.nl\/wp-content\/uploads\/afiliacja2.png 990w, https:\/\/efaktura.nl\/wp-content\/uploads\/afiliacja2-300x217.png 300w, https:\/\/efaktura.nl\/wp-content\/uploads\/afiliacja2-768x555.png 768w, https:\/\/efaktura.nl\/wp-content\/uploads\/afiliacja2-692x500.png 692w\" sizes=\"auto, (max-width: 990px) 100vw, 990px\" \/><\/figure>\n<\/div><\/div>\n\n\n\n<div class=\"wp-block-column is-vertically-aligned-center center is-layout-flow wp-block-column-is-layout-flow\">\n<p class=\"duza wp-block-paragraph\">2<\/p>\n\n\n\n<h3 class=\"wp-block-heading\">DEEL DE UITNODIGING OP EENVOUDIGE WIJZE<\/h3>\n\n\n\n<p class=\"wp-block-paragraph\">In het programma vind je onder het tabblad BESPAREN een <strong>QR-code en een link voor een vriend\u00a0 om een account te registreren<\/strong>\u00a0 \u2013 deel het zoals jij wilt.<\/p>\n<\/div>\n<\/div>\n\n\n\n<div class=\"wp-block-columns are-vertically-aligned-center is-layout-flex wp-container-core-columns-is-layout-8f761849 wp-block-columns-is-layout-flex\">\n<div class=\"wp-block-column is-vertically-aligned-center center is-layout-flow wp-block-column-is-layout-flow\" style=\"--col-width:40%;flex-basis:40%\"><div class=\"wp-block-image\">\n<figure class=\"aligncenter size-full\" data-aos=\"zoom-in\" data-aos-duration=\"1000\"><img loading=\"lazy\" decoding=\"async\" width=\"990\" height=\"715\" src=\"https:\/\/efaktura.nl\/wp-content\/uploads\/afiliacja3.png\" alt=\"Testuj aplikacj\u0119 do wystawiania faktur\" class=\"wp-image-23293\" style=\"object-fit:cover\" srcset=\"https:\/\/efaktura.nl\/wp-content\/uploads\/afiliacja3.png 990w, https:\/\/efaktura.nl\/wp-content\/uploads\/afiliacja3-300x217.png 300w, https:\/\/efaktura.nl\/wp-content\/uploads\/afiliacja3-768x555.png 768w, https:\/\/efaktura.nl\/wp-content\/uploads\/afiliacja3-692x500.png 692w\" sizes=\"auto, (max-width: 990px) 100vw, 990px\" \/><\/figure>\n<\/div><\/div>\n\n\n\n<div class=\"wp-block-column is-vertically-aligned-center center is-layout-flow wp-block-column-is-layout-flow\">\n<p class=\"duza wp-block-paragraph\">3<\/p>\n\n\n\n<h3 class=\"wp-block-heading\">EEN VRIEND MAAKT EEN ACCOUNT AAN EN TEST HET PROGRAMMA<\/h3>\n\n\n\n<p class=\"wp-block-paragraph\">Als ze bij eFaktura.nl blijven en binnen de 30 dagen een abonnement nemen, wordt er een bonus op jouw account geactiveerd \u2013 <strong>30 DAGEN GRATIS.<\/strong><\/p>\n<\/div>\n<\/div>\n\n\n\n<div class=\"wp-block-columns are-vertically-aligned-center is-layout-flex wp-container-core-columns-is-layout-8f761849 wp-block-columns-is-layout-flex\">\n<div class=\"wp-block-column is-vertically-aligned-center center is-layout-flow wp-block-column-is-layout-flow\" style=\"--col-width:40%;flex-basis:40%\"><div class=\"wp-block-image\">\n<figure class=\"aligncenter size-full\" data-aos=\"zoom-in\" data-aos-duration=\"1000\"><img loading=\"lazy\" decoding=\"async\" width=\"990\" height=\"715\" src=\"https:\/\/efaktura.nl\/wp-content\/uploads\/afiliacja4.png\" alt=\"Tu ka\u017cdy zyskuje\" class=\"wp-image-23275\" style=\"object-fit:cover\" srcset=\"https:\/\/efaktura.nl\/wp-content\/uploads\/afiliacja4.png 990w, https:\/\/efaktura.nl\/wp-content\/uploads\/afiliacja4-300x217.png 300w, https:\/\/efaktura.nl\/wp-content\/uploads\/afiliacja4-768x555.png 768w, https:\/\/efaktura.nl\/wp-content\/uploads\/afiliacja4-692x500.png 692w\" sizes=\"auto, (max-width: 990px) 100vw, 990px\" \/><\/figure>\n<\/div><\/div>\n\n\n\n<div class=\"wp-block-column is-vertically-aligned-center center is-layout-flow wp-block-column-is-layout-flow\">\n<p class=\"duza wp-block-paragraph\">4<\/p>\n\n\n\n<h3 class=\"wp-block-heading\">IEDEREEN WINT!<\/h3>\n\n\n\n<p class=\"wp-block-paragraph\">In de volgende factureringsperiode zullen we jouw account niet belasten. Jouw vriend krijgt <strong>50% KORTING VOOR EEN HALF JAAR<\/strong> op het geselecteerde abonnement bij eFaktura.nl.<\/p>\n<\/div>\n<\/div>\n\n\n\n<div class=\"wp-block-columns are-vertically-aligned-center is-layout-flex wp-container-core-columns-is-layout-8f761849 wp-block-columns-is-layout-flex\">\n<div class=\"wp-block-column is-vertically-aligned-center center is-layout-flow wp-block-column-is-layout-flow\" style=\"--col-width:40%;flex-basis:40%\"><div class=\"wp-block-image\">\n<figure class=\"aligncenter size-full\" data-aos=\"zoom-in\" data-aos-duration=\"1000\"><img loading=\"lazy\" decoding=\"async\" width=\"990\" height=\"715\" src=\"https:\/\/efaktura.nl\/wp-content\/uploads\/afiliacja5.png\" alt=\"Pomno\u017cymy Twoje zni\u017cki\" class=\"wp-image-23281\" style=\"object-fit:cover\" srcset=\"https:\/\/efaktura.nl\/wp-content\/uploads\/afiliacja5.png 990w, https:\/\/efaktura.nl\/wp-content\/uploads\/afiliacja5-300x217.png 300w, https:\/\/efaktura.nl\/wp-content\/uploads\/afiliacja5-768x555.png 768w, https:\/\/efaktura.nl\/wp-content\/uploads\/afiliacja5-692x500.png 692w\" sizes=\"auto, (max-width: 990px) 100vw, 990px\" \/><\/figure>\n<\/div><\/div>\n\n\n\n<div class=\"wp-block-column is-vertically-aligned-center center is-layout-flow wp-block-column-is-layout-flow\">\n<p class=\"duza wp-block-paragraph\">5<\/p>\n\n\n\n<h3 class=\"wp-block-heading\">HOUD JE VAN BESPAREN? WIJ VERMENIGVULDIGEN JOUW KORTINGEN!<\/h3>\n\n\n\n<p class=\"wp-block-paragraph\">Beveel het programma aan bij veel vrienden om meer gratis maanden te verzamelen. eFaktura.nl aanbevelen \u2013 zie hoe eenvoudig het is.<\/p>\n<\/div>\n<\/div>\n<\/div><\/div>\n\n\n\n<div class=\"wp-block-group w1100\"><div class=\"wp-block-group__inner-container is-layout-constrained wp-block-group-is-layout-constrained\">\n<h2 class=\"wp-block-heading has-text-align-center\"><strong>Waarom is het de moeite waard om je bij ons aan te sluiten?<\/strong><\/h2>\n\n\n\n<div style=\"height:25px\" aria-hidden=\"true\" class=\"wp-block-spacer\"><\/div>\n\n\n\n<ul class=\"strzalki srodek wp-block-list\">\n<li>Verdien 30 gratis dagen voor elke succesvolle aanbeveling.<\/li>\n\n\n\n<li>Geef je vriend de kans om zich bij eFaktura.nl aan te sluiten voor de helft van de prijs.<\/li>\n\n\n\n<li>Stel professionele documenten op volgens fiscale richtlijnen.<\/li>\n\n\n\n<li>Bespaar tijd door verbinding te maken met het boekhoudkantoor.<\/li>\n<\/ul>\n\n\n\n<div style=\"height:25px\" aria-hidden=\"true\" class=\"wp-block-spacer\"><\/div>\n\n\n\n<div class=\"wp-block-buttons is-content-justification-center is-layout-flex wp-container-core-buttons-is-layout-fe48e5de wp-block-buttons-is-layout-flex\">\n<div class=\"wp-block-button\"><a class=\"wp-block-button__link wp-element-button\" href=\"https:\/\/app.efaktura.nl\/#\/affiliateDashboard\">IK WIL ME AANSLUITEN<\/a><\/div>\n<\/div>\n<\/div><\/div>\n\n\n\n<div class=\"wp-block-group w1100 has-background\" style=\"background-color:#f2f2f2\"><div class=\"wp-block-group__inner-container is-layout-constrained wp-block-group-is-layout-constrained\">\n<h2 class=\"wp-block-heading\"><strong>FAQ<\/strong><\/h2>\n\n\n\n<div style=\"height:25px\" aria-hidden=\"true\" class=\"wp-block-spacer\"><\/div>\n\n\n\n<div class=\"schema-faq wp-block-yoast-faq-block\"><div class=\"schema-faq-section\" id=\"faq-question-1698219385716\"><strong class=\"schema-faq-question\">Hoe wordt de korting gerealiseerd?<\/strong> <p class=\"schema-faq-answer\">Als je vriend bij ons blijft en een abonnement neemt, zullen we jou in de volgende facturering maand niet belasten.<\/p> <\/div> <div class=\"schema-faq-section\" id=\"faq-question-1698219464440\"><strong class=\"schema-faq-question\">Hoe kan ik bijhouden hoeveel mensen mijn aanbeveling hebben gebruikt?<\/strong> <p class=\"schema-faq-answer\">Log in op het programma en kijk naar het affiliate paneel. Daar vind je alle informatie over de status van de uitnodigingen die je hebt verstuurd en de ontvangen kortingen.<\/p> <\/div> <div class=\"schema-faq-section\" id=\"faq-question-1698219476644\"><strong class=\"schema-faq-question\">Wat is het maximale aantal kortingen dat ik kan ontvangen?<\/strong> <p class=\"schema-faq-answer\">Er zijn geen limieten voor de kortingen. Hoe meer vrienden je uitnodigt, hoe meer je wint.<\/p> <\/div> <\/div>\n\n\n\n<p class=\"wp-block-paragraph\">Voorwaarden van het affiliate programma<\/p>\n<\/div><\/div>\n","protected":false},"excerpt":{"rendered":"<p>Sluit je aan bij het Aanbevelingsprogramma van eFaktura.nl en bespaar! Vind je het leuk hoe eFaktura.nl de bedrijfsadministratie vereenvoudigt? Beveel het aan bij je vrienden en begin met&#8230;<\/p>\n","protected":false},"author":7,"featured_media":0,"parent":0,"menu_order":0,"comment_status":"closed","ping_status":"closed","template":"","meta":{"_acf_changed":false,"_crdt_document":"","inline_featured_image":false,"footnotes":""},"class_list":["post-26135","page","type-page","status-publish","hentry"],"acf":[],"yoast_head":"<!-- This site is optimized with the Yoast SEO plugin v27.4 - https:\/\/yoast.com\/product\/yoast-seo-wordpress\/ -->\n<title>App anbevelen en besparen - eFaktura.nl<\/title>\n<meta name=\"robots\" content=\"index, follow, max-snippet:-1, max-image-preview:large, max-video-preview:-1\" \/>\n<link rel=\"canonical\" href=\"https:\/\/efaktura.nl\/nl\/app-anbevelen-en-besparen\/\" \/>\n<meta property=\"og:locale\" content=\"nl_NL\" \/>\n<meta property=\"og:type\" content=\"article\" \/>\n<meta property=\"og:title\" content=\"App anbevelen en besparen - eFaktura.nl\" \/>\n<meta property=\"og:description\" content=\"Sluit je aan bij het Aanbevelingsprogramma van eFaktura.nl en bespaar! Vind je het leuk hoe eFaktura.nl de bedrijfsadministratie vereenvoudigt? Beveel het aan bij je vrienden en begin met...\" \/>\n<meta property=\"og:url\" content=\"https:\/\/efaktura.nl\/nl\/app-anbevelen-en-besparen\/\" \/>\n<meta property=\"og:site_name\" content=\"eFaktura.nl\" \/>\n<meta property=\"article:publisher\" content=\"https:\/\/www.facebook.com\/efaktura.nl\" \/>\n<meta property=\"article:modified_time\" content=\"2024-04-18T09:28:26+00:00\" \/>\n<meta property=\"og:image\" content=\"http:\/\/efaktura.nl\/wp-content\/uploads\/expenses-arrow-bottom-right.png\" \/>\n<meta name=\"twitter:card\" content=\"summary_large_image\" \/>\n<script type=\"application\/ld+json\" class=\"yoast-schema-graph\">{\"@context\":\"https:\\\/\\\/schema.org\",\"@graph\":[{\"@type\":[\"WebPage\",\"FAQPage\"],\"@id\":\"https:\\\/\\\/efaktura.nl\\\/nl\\\/app-anbevelen-en-besparen\\\/\",\"url\":\"https:\\\/\\\/efaktura.nl\\\/nl\\\/app-anbevelen-en-besparen\\\/\",\"name\":\"App anbevelen en besparen - eFaktura.nl\",\"isPartOf\":{\"@id\":\"https:\\\/\\\/efaktura.nl\\\/nl\\\/#website\"},\"primaryImageOfPage\":{\"@id\":\"https:\\\/\\\/efaktura.nl\\\/nl\\\/app-anbevelen-en-besparen\\\/#primaryimage\"},\"image\":{\"@id\":\"https:\\\/\\\/efaktura.nl\\\/nl\\\/app-anbevelen-en-besparen\\\/#primaryimage\"},\"thumbnailUrl\":\"http:\\\/\\\/efaktura.nl\\\/wp-content\\\/uploads\\\/expenses-arrow-bottom-right.png\",\"datePublished\":\"2024-04-18T09:28:24+00:00\",\"dateModified\":\"2024-04-18T09:28:26+00:00\",\"breadcrumb\":{\"@id\":\"https:\\\/\\\/efaktura.nl\\\/nl\\\/app-anbevelen-en-besparen\\\/#breadcrumb\"},\"mainEntity\":[{\"@id\":\"https:\\\/\\\/efaktura.nl\\\/nl\\\/app-anbevelen-en-besparen\\\/#faq-question-1698219385716\"},{\"@id\":\"https:\\\/\\\/efaktura.nl\\\/nl\\\/app-anbevelen-en-besparen\\\/#faq-question-1698219464440\"},{\"@id\":\"https:\\\/\\\/efaktura.nl\\\/nl\\\/app-anbevelen-en-besparen\\\/#faq-question-1698219476644\"}],\"inLanguage\":\"nl-NL\",\"potentialAction\":[{\"@type\":\"ReadAction\",\"target\":[\"https:\\\/\\\/efaktura.nl\\\/nl\\\/app-anbevelen-en-besparen\\\/\"]}]},{\"@type\":\"ImageObject\",\"inLanguage\":\"nl-NL\",\"@id\":\"https:\\\/\\\/efaktura.nl\\\/nl\\\/app-anbevelen-en-besparen\\\/#primaryimage\",\"url\":\"http:\\\/\\\/efaktura.nl\\\/wp-content\\\/uploads\\\/expenses-arrow-bottom-right.png\",\"contentUrl\":\"http:\\\/\\\/efaktura.nl\\\/wp-content\\\/uploads\\\/expenses-arrow-bottom-right.png\"},{\"@type\":\"BreadcrumbList\",\"@id\":\"https:\\\/\\\/efaktura.nl\\\/nl\\\/app-anbevelen-en-besparen\\\/#breadcrumb\",\"itemListElement\":[{\"@type\":\"ListItem\",\"position\":1,\"name\":\"Strona g\u0142\u00f3wna\",\"item\":\"https:\\\/\\\/efaktura.nl\\\/nl\\\/\"},{\"@type\":\"ListItem\",\"position\":2,\"name\":\"App anbevelen en besparen\"}]},{\"@type\":\"WebSite\",\"@id\":\"https:\\\/\\\/efaktura.nl\\\/nl\\\/#website\",\"url\":\"https:\\\/\\\/efaktura.nl\\\/nl\\\/\",\"name\":\"eFaktura.nl\",\"description\":\"\",\"publisher\":{\"@id\":\"https:\\\/\\\/efaktura.nl\\\/nl\\\/#organization\"},\"potentialAction\":[{\"@type\":\"SearchAction\",\"target\":{\"@type\":\"EntryPoint\",\"urlTemplate\":\"https:\\\/\\\/efaktura.nl\\\/nl\\\/?s={search_term_string}\"},\"query-input\":{\"@type\":\"PropertyValueSpecification\",\"valueRequired\":true,\"valueName\":\"search_term_string\"}}],\"inLanguage\":\"nl-NL\"},{\"@type\":\"Organization\",\"@id\":\"https:\\\/\\\/efaktura.nl\\\/nl\\\/#organization\",\"name\":\"eFaktura\",\"url\":\"https:\\\/\\\/efaktura.nl\\\/nl\\\/\",\"logo\":{\"@type\":\"ImageObject\",\"inLanguage\":\"nl-NL\",\"@id\":\"https:\\\/\\\/efaktura.nl\\\/nl\\\/#\\\/schema\\\/logo\\\/image\\\/\",\"url\":\"https:\\\/\\\/efaktura.nl\\\/wp-content\\\/uploads\\\/logo-efaktura-25.svg\",\"contentUrl\":\"https:\\\/\\\/efaktura.nl\\\/wp-content\\\/uploads\\\/logo-efaktura-25.svg\",\"width\":264,\"height\":31,\"caption\":\"eFaktura\"},\"image\":{\"@id\":\"https:\\\/\\\/efaktura.nl\\\/nl\\\/#\\\/schema\\\/logo\\\/image\\\/\"},\"sameAs\":[\"https:\\\/\\\/www.facebook.com\\\/efaktura.nl\",\"https:\\\/\\\/www.instagram.com\\\/efaktura.eu\\\/\",\"https:\\\/\\\/www.youtube.com\\\/channel\\\/UCpx6sOnTCmDMkAG2QEyW9PA\"]},{\"@type\":\"Question\",\"@id\":\"https:\\\/\\\/efaktura.nl\\\/nl\\\/app-anbevelen-en-besparen\\\/#faq-question-1698219385716\",\"position\":1,\"url\":\"https:\\\/\\\/efaktura.nl\\\/nl\\\/app-anbevelen-en-besparen\\\/#faq-question-1698219385716\",\"name\":\"Hoe wordt de korting gerealiseerd?\",\"answerCount\":1,\"acceptedAnswer\":{\"@type\":\"Answer\",\"text\":\"Als je vriend bij ons blijft en een abonnement neemt, zullen we jou in de volgende facturering maand niet belasten.\",\"inLanguage\":\"nl-NL\"},\"inLanguage\":\"nl-NL\"},{\"@type\":\"Question\",\"@id\":\"https:\\\/\\\/efaktura.nl\\\/nl\\\/app-anbevelen-en-besparen\\\/#faq-question-1698219464440\",\"position\":2,\"url\":\"https:\\\/\\\/efaktura.nl\\\/nl\\\/app-anbevelen-en-besparen\\\/#faq-question-1698219464440\",\"name\":\"Hoe kan ik bijhouden hoeveel mensen mijn aanbeveling hebben gebruikt?\",\"answerCount\":1,\"acceptedAnswer\":{\"@type\":\"Answer\",\"text\":\"Log in op het programma en kijk naar het affiliate paneel. Daar vind je alle informatie over de status van de uitnodigingen die je hebt verstuurd en de ontvangen kortingen.\",\"inLanguage\":\"nl-NL\"},\"inLanguage\":\"nl-NL\"},{\"@type\":\"Question\",\"@id\":\"https:\\\/\\\/efaktura.nl\\\/nl\\\/app-anbevelen-en-besparen\\\/#faq-question-1698219476644\",\"position\":3,\"url\":\"https:\\\/\\\/efaktura.nl\\\/nl\\\/app-anbevelen-en-besparen\\\/#faq-question-1698219476644\",\"name\":\"Wat is het maximale aantal kortingen dat ik kan ontvangen?\",\"answerCount\":1,\"acceptedAnswer\":{\"@type\":\"Answer\",\"text\":\"Er zijn geen limieten voor de kortingen. Hoe meer vrienden je uitnodigt, hoe meer je wint.\",\"inLanguage\":\"nl-NL\"},\"inLanguage\":\"nl-NL\"}]}<\/script>\n<!-- \/ Yoast SEO plugin. -->","yoast_head_json":{"title":"App anbevelen en besparen - eFaktura.nl","robots":{"index":"index","follow":"follow","max-snippet":"max-snippet:-1","max-image-preview":"max-image-preview:large","max-video-preview":"max-video-preview:-1"},"canonical":"https:\/\/efaktura.nl\/nl\/app-anbevelen-en-besparen\/","og_locale":"nl_NL","og_type":"article","og_title":"App anbevelen en besparen - eFaktura.nl","og_description":"Sluit je aan bij het Aanbevelingsprogramma van eFaktura.nl en bespaar! Vind je het leuk hoe eFaktura.nl de bedrijfsadministratie vereenvoudigt? Beveel het aan bij je vrienden en begin met...","og_url":"https:\/\/efaktura.nl\/nl\/app-anbevelen-en-besparen\/","og_site_name":"eFaktura.nl","article_publisher":"https:\/\/www.facebook.com\/efaktura.nl","article_modified_time":"2024-04-18T09:28:26+00:00","og_image":[{"url":"http:\/\/efaktura.nl\/wp-content\/uploads\/expenses-arrow-bottom-right.png","type":"","width":"","height":""}],"twitter_card":"summary_large_image","schema":{"@context":"https:\/\/schema.org","@graph":[{"@type":["WebPage","FAQPage"],"@id":"https:\/\/efaktura.nl\/nl\/app-anbevelen-en-besparen\/","url":"https:\/\/efaktura.nl\/nl\/app-anbevelen-en-besparen\/","name":"App anbevelen en besparen - eFaktura.nl","isPartOf":{"@id":"https:\/\/efaktura.nl\/nl\/#website"},"primaryImageOfPage":{"@id":"https:\/\/efaktura.nl\/nl\/app-anbevelen-en-besparen\/#primaryimage"},"image":{"@id":"https:\/\/efaktura.nl\/nl\/app-anbevelen-en-besparen\/#primaryimage"},"thumbnailUrl":"http:\/\/efaktura.nl\/wp-content\/uploads\/expenses-arrow-bottom-right.png","datePublished":"2024-04-18T09:28:24+00:00","dateModified":"2024-04-18T09:28:26+00:00","breadcrumb":{"@id":"https:\/\/efaktura.nl\/nl\/app-anbevelen-en-besparen\/#breadcrumb"},"mainEntity":[{"@id":"https:\/\/efaktura.nl\/nl\/app-anbevelen-en-besparen\/#faq-question-1698219385716"},{"@id":"https:\/\/efaktura.nl\/nl\/app-anbevelen-en-besparen\/#faq-question-1698219464440"},{"@id":"https:\/\/efaktura.nl\/nl\/app-anbevelen-en-besparen\/#faq-question-1698219476644"}],"inLanguage":"nl-NL","potentialAction":[{"@type":"ReadAction","target":["https:\/\/efaktura.nl\/nl\/app-anbevelen-en-besparen\/"]}]},{"@type":"ImageObject","inLanguage":"nl-NL","@id":"https:\/\/efaktura.nl\/nl\/app-anbevelen-en-besparen\/#primaryimage","url":"http:\/\/efaktura.nl\/wp-content\/uploads\/expenses-arrow-bottom-right.png","contentUrl":"http:\/\/efaktura.nl\/wp-content\/uploads\/expenses-arrow-bottom-right.png"},{"@type":"BreadcrumbList","@id":"https:\/\/efaktura.nl\/nl\/app-anbevelen-en-besparen\/#breadcrumb","itemListElement":[{"@type":"ListItem","position":1,"name":"Strona g\u0142\u00f3wna","item":"https:\/\/efaktura.nl\/nl\/"},{"@type":"ListItem","position":2,"name":"App anbevelen en besparen"}]},{"@type":"WebSite","@id":"https:\/\/efaktura.nl\/nl\/#website","url":"https:\/\/efaktura.nl\/nl\/","name":"eFaktura.nl","description":"","publisher":{"@id":"https:\/\/efaktura.nl\/nl\/#organization"},"potentialAction":[{"@type":"SearchAction","target":{"@type":"EntryPoint","urlTemplate":"https:\/\/efaktura.nl\/nl\/?s={search_term_string}"},"query-input":{"@type":"PropertyValueSpecification","valueRequired":true,"valueName":"search_term_string"}}],"inLanguage":"nl-NL"},{"@type":"Organization","@id":"https:\/\/efaktura.nl\/nl\/#organization","name":"eFaktura","url":"https:\/\/efaktura.nl\/nl\/","logo":{"@type":"ImageObject","inLanguage":"nl-NL","@id":"https:\/\/efaktura.nl\/nl\/#\/schema\/logo\/image\/","url":"https:\/\/efaktura.nl\/wp-content\/uploads\/logo-efaktura-25.svg","contentUrl":"https:\/\/efaktura.nl\/wp-content\/uploads\/logo-efaktura-25.svg","width":264,"height":31,"caption":"eFaktura"},"image":{"@id":"https:\/\/efaktura.nl\/nl\/#\/schema\/logo\/image\/"},"sameAs":["https:\/\/www.facebook.com\/efaktura.nl","https:\/\/www.instagram.com\/efaktura.eu\/","https:\/\/www.youtube.com\/channel\/UCpx6sOnTCmDMkAG2QEyW9PA"]},{"@type":"Question","@id":"https:\/\/efaktura.nl\/nl\/app-anbevelen-en-besparen\/#faq-question-1698219385716","position":1,"url":"https:\/\/efaktura.nl\/nl\/app-anbevelen-en-besparen\/#faq-question-1698219385716","name":"Hoe wordt de korting gerealiseerd?","answerCount":1,"acceptedAnswer":{"@type":"Answer","text":"Als je vriend bij ons blijft en een abonnement neemt, zullen we jou in de volgende facturering maand niet belasten.","inLanguage":"nl-NL"},"inLanguage":"nl-NL"},{"@type":"Question","@id":"https:\/\/efaktura.nl\/nl\/app-anbevelen-en-besparen\/#faq-question-1698219464440","position":2,"url":"https:\/\/efaktura.nl\/nl\/app-anbevelen-en-besparen\/#faq-question-1698219464440","name":"Hoe kan ik bijhouden hoeveel mensen mijn aanbeveling hebben gebruikt?","answerCount":1,"acceptedAnswer":{"@type":"Answer","text":"Log in op het programma en kijk naar het affiliate paneel. Daar vind je alle informatie over de status van de uitnodigingen die je hebt verstuurd en de ontvangen kortingen.","inLanguage":"nl-NL"},"inLanguage":"nl-NL"},{"@type":"Question","@id":"https:\/\/efaktura.nl\/nl\/app-anbevelen-en-besparen\/#faq-question-1698219476644","position":3,"url":"https:\/\/efaktura.nl\/nl\/app-anbevelen-en-besparen\/#faq-question-1698219476644","name":"Wat is het maximale aantal kortingen dat ik kan ontvangen?","answerCount":1,"acceptedAnswer":{"@type":"Answer","text":"Er zijn geen limieten voor de kortingen. Hoe meer vrienden je uitnodigt, hoe meer je wint.","inLanguage":"nl-NL"},"inLanguage":"nl-NL"}]}},"_links":{"self":[{"href":"https:\/\/efaktura.nl\/nl\/wp-json\/wp\/v2\/pages\/26135","targetHints":{"allow":["GET"]}}],"collection":[{"href":"https:\/\/efaktura.nl\/nl\/wp-json\/wp\/v2\/pages"}],"about":[{"href":"https:\/\/efaktura.nl\/nl\/wp-json\/wp\/v2\/types\/page"}],"author":[{"embeddable":true,"href":"https:\/\/efaktura.nl\/nl\/wp-json\/wp\/v2\/users\/7"}],"replies":[{"embeddable":true,"href":"https:\/\/efaktura.nl\/nl\/wp-json\/wp\/v2\/comments?post=26135"}],"version-history":[{"count":0,"href":"https:\/\/efaktura.nl\/nl\/wp-json\/wp\/v2\/pages\/26135\/revisions"}],"wp:attachment":[{"href":"https:\/\/efaktura.nl\/nl\/wp-json\/wp\/v2\/media?parent=26135"}],"curies":[{"name":"wp","href":"https:\/\/api.w.org\/{rel}","templated":true}]}}