{"id":14996,"date":"2022-05-24T23:49:33","date_gmt":"2022-05-24T21:49:33","guid":{"rendered":"https:\/\/beta.efaktura.nl\/?page_id=14996"},"modified":"2025-09-25T11:36:34","modified_gmt":"2025-09-25T09:36:34","slug":"zaproszenie","status":"publish","type":"page","link":"https:\/\/efaktura.nl\/pl\/zaproszenie\/","title":{"rendered":"Zaproszenie"},"content":{"rendered":"<p>Szanowny Kliencie,<\/p>\n<p><span style=\"font-weight: 400;\">\u017ceby jeszcze bardziej usprawni\u0107 administracj\u0119 Twojej firmy nawi\u0105zali\u015bmy wsp\u00f3\u0142prac\u0119 z <\/span><b>eFaktura.nl <\/b><span style=\"font-weight: 400;\">i<\/span> <span style=\"font-weight: 400;\">specjalnie dla naszych klient\u00f3w aktywowali\u015bmy konto w systemie <\/span><b>eFaktura Accountant<\/b><span style=\"font-weight: 400;\">.\u00a0<\/span><\/p>\n<p><span style=\"font-weight: 400;\">Pozwoli to nam na szybki dost\u0119p do Twoich faktur i dokument\u00f3w kosztowych &#8211; mo\u017cemy je za Ciebie pobiera\u0107 i na bie\u017c\u0105co ksi\u0119gowa\u0107. Usprawni to nasz\u0105 prac\u0119, ale r\u00f3wnie\u017c Twoj\u0105!<\/span><\/p>\n<p><span style=\"font-weight: 400;\">Posiadaj\u0105c konto w <\/span><b>eFaktura.nl <\/b><span style=\"font-weight: 400;\">nie musisz ju\u017c przesy\u0142a\u0107 dokument\u00f3w ksi\u0119gowych mailem lub dostarcza\u0107 ich do naszego biura w formie papierowej, <\/span><span style=\"font-weight: 400;\">a kolejne rozliczenie kwartalne b\u0119dzie dla nas o wiele prostsze.<\/span><\/p>\n<h3 style=\"text-align: center;\"><strong>Faktury, jakich potrzebuje Twoja firma<\/strong><\/h3>\n<h3 style=\"text-align: center;\"><span style=\"color: #775ba7;\"><strong>przez 3 miesi\u0105ce za darmo!<\/strong><\/span><\/h3>\n<p><b>eFaktura.nl<\/b><span style=\"font-weight: 400;\"> ma szereg funkcji, kt\u00f3re uproszcz\u0105 Ci prowadzenie administracji Twojej firmy. O<\/span><span style=\"font-weight: 400;\">pr\u00f3cz wystawiania faktur mo\u017cesz tworzy\u0107 oferty dla klient\u00f3w, prowadzi\u0107 ewidencj\u0119 kilometr\u00f3w i godzin pracy, czy rejestrowa\u0107 koszty firmowe. Program spe\u0142nia wszystkie wymogi Belastingdienst.\u00a0\u00a0<\/span><\/p>\n<p><span style=\"font-weight: 400;\">Klienci naszego biura otrzymuj\u0105 <\/span><b>3 darmowe miesi\u0105ce w pakiecie PRO*<\/b><span style=\"font-weight: 400;\">. Mo\u017cesz\u00a0 swobodnie zapozna\u0107 si\u0119 ze wszystkimi funkcjami programu.<\/span><\/p>\n<p>Zapraszamy do za\u0142o\u017cenia ju\u017c teraz konta w eFaktura.nl :<\/p>\n<p>*W osobnym mailu otrzymasz od nas zaproszenie z linkiem do udost\u0119pnienia swoich danych ksi\u0119gowemu. Dzi\u0119ki temu otrzymasz 3 darmowe miesi\u0105ce w pakiecie PRO.<\/p>\n<p>*Akcja dotyczy tylko nowych rejestracji w eFaktura.nl<\/p>\n","protected":false},"excerpt":{"rendered":"<p>Szanowny Kliencie, \u017ceby jeszcze bardziej usprawni\u0107 administracj\u0119 Twojej firmy nawi\u0105zali\u015bmy wsp\u00f3\u0142prac\u0119 z eFaktura.nl i specjalnie dla naszych klient\u00f3w aktywowali\u015bmy konto w systemie eFaktura Accountant.\u00a0 Pozwoli to nam na&#8230;<\/p>\n","protected":false},"author":2,"featured_media":0,"parent":0,"menu_order":0,"comment_status":"closed","ping_status":"closed","template":"","meta":{"_acf_changed":false,"_crdt_document":"","inline_featured_image":false,"footnotes":""},"class_list":["post-14996","page","type-page","status-publish","hentry"],"acf":[],"yoast_head":"<!-- This site is optimized with the Yoast SEO plugin v27.4 - https:\/\/yoast.com\/product\/yoast-seo-wordpress\/ -->\n<title>Zaproszenie - eFaktura.nl<\/title>\n<meta name=\"description\" content=\"Do\u0142\u0105cz do eFaktura Accountant.\" \/>\n<meta name=\"robots\" content=\"index, follow, max-snippet:-1, max-image-preview:large, max-video-preview:-1\" \/>\n<link rel=\"canonical\" href=\"https:\/\/efaktura.nl\/pl\/zaproszenie\/\" \/>\n<meta property=\"og:locale\" content=\"pl_PL\" \/>\n<meta property=\"og:type\" content=\"article\" \/>\n<meta property=\"og:title\" content=\"Zaproszenie - eFaktura.nl\" \/>\n<meta property=\"og:description\" content=\"Do\u0142\u0105cz do eFaktura Accountant.\" \/>\n<meta property=\"og:url\" content=\"https:\/\/efaktura.nl\/pl\/zaproszenie\/\" \/>\n<meta property=\"og:site_name\" content=\"eFaktura.nl\" \/>\n<meta property=\"article:publisher\" content=\"https:\/\/www.facebook.com\/efaktura.nl\" \/>\n<meta property=\"article:modified_time\" content=\"2025-09-25T09:36:34+00:00\" \/>\n<meta name=\"twitter:card\" content=\"summary_large_image\" \/>\n<script type=\"application\/ld+json\" class=\"yoast-schema-graph\">{\"@context\":\"https:\\\/\\\/schema.org\",\"@graph\":[{\"@type\":\"WebPage\",\"@id\":\"https:\\\/\\\/efaktura.nl\\\/pl\\\/zaproszenie\\\/\",\"url\":\"https:\\\/\\\/efaktura.nl\\\/pl\\\/zaproszenie\\\/\",\"name\":\"Zaproszenie - eFaktura.nl\",\"isPartOf\":{\"@id\":\"https:\\\/\\\/efaktura.nl\\\/pl\\\/#website\"},\"datePublished\":\"2022-05-24T21:49:33+00:00\",\"dateModified\":\"2025-09-25T09:36:34+00:00\",\"description\":\"Do\u0142\u0105cz do eFaktura Accountant.\",\"breadcrumb\":{\"@id\":\"https:\\\/\\\/efaktura.nl\\\/pl\\\/zaproszenie\\\/#breadcrumb\"},\"inLanguage\":\"pl-PL\",\"potentialAction\":[{\"@type\":\"ReadAction\",\"target\":[\"https:\\\/\\\/efaktura.nl\\\/pl\\\/zaproszenie\\\/\"]}]},{\"@type\":\"BreadcrumbList\",\"@id\":\"https:\\\/\\\/efaktura.nl\\\/pl\\\/zaproszenie\\\/#breadcrumb\",\"itemListElement\":[{\"@type\":\"ListItem\",\"position\":1,\"name\":\"Strona g\u0142\u00f3wna\",\"item\":\"https:\\\/\\\/efaktura.nl\\\/pl\\\/\"},{\"@type\":\"ListItem\",\"position\":2,\"name\":\"Zaproszenie\"}]},{\"@type\":\"WebSite\",\"@id\":\"https:\\\/\\\/efaktura.nl\\\/pl\\\/#website\",\"url\":\"https:\\\/\\\/efaktura.nl\\\/pl\\\/\",\"name\":\"eFaktura.nl\",\"description\":\"\",\"publisher\":{\"@id\":\"https:\\\/\\\/efaktura.nl\\\/pl\\\/#organization\"},\"potentialAction\":[{\"@type\":\"SearchAction\",\"target\":{\"@type\":\"EntryPoint\",\"urlTemplate\":\"https:\\\/\\\/efaktura.nl\\\/pl\\\/?s={search_term_string}\"},\"query-input\":{\"@type\":\"PropertyValueSpecification\",\"valueRequired\":true,\"valueName\":\"search_term_string\"}}],\"inLanguage\":\"pl-PL\"},{\"@type\":\"Organization\",\"@id\":\"https:\\\/\\\/efaktura.nl\\\/pl\\\/#organization\",\"name\":\"eFaktura\",\"url\":\"https:\\\/\\\/efaktura.nl\\\/pl\\\/\",\"logo\":{\"@type\":\"ImageObject\",\"inLanguage\":\"pl-PL\",\"@id\":\"https:\\\/\\\/efaktura.nl\\\/pl\\\/#\\\/schema\\\/logo\\\/image\\\/\",\"url\":\"https:\\\/\\\/efaktura.nl\\\/wp-content\\\/uploads\\\/logo-efaktura-25.svg\",\"contentUrl\":\"https:\\\/\\\/efaktura.nl\\\/wp-content\\\/uploads\\\/logo-efaktura-25.svg\",\"width\":264,\"height\":31,\"caption\":\"eFaktura\"},\"image\":{\"@id\":\"https:\\\/\\\/efaktura.nl\\\/pl\\\/#\\\/schema\\\/logo\\\/image\\\/\"},\"sameAs\":[\"https:\\\/\\\/www.facebook.com\\\/efaktura.nl\",\"https:\\\/\\\/www.instagram.com\\\/efaktura.eu\\\/\",\"https:\\\/\\\/www.youtube.com\\\/channel\\\/UCpx6sOnTCmDMkAG2QEyW9PA\"]}]}<\/script>\n<!-- \/ Yoast SEO plugin. -->","yoast_head_json":{"title":"Zaproszenie - eFaktura.nl","description":"Do\u0142\u0105cz do eFaktura Accountant.","robots":{"index":"index","follow":"follow","max-snippet":"max-snippet:-1","max-image-preview":"max-image-preview:large","max-video-preview":"max-video-preview:-1"},"canonical":"https:\/\/efaktura.nl\/pl\/zaproszenie\/","og_locale":"pl_PL","og_type":"article","og_title":"Zaproszenie - eFaktura.nl","og_description":"Do\u0142\u0105cz do eFaktura Accountant.","og_url":"https:\/\/efaktura.nl\/pl\/zaproszenie\/","og_site_name":"eFaktura.nl","article_publisher":"https:\/\/www.facebook.com\/efaktura.nl","article_modified_time":"2025-09-25T09:36:34+00:00","twitter_card":"summary_large_image","schema":{"@context":"https:\/\/schema.org","@graph":[{"@type":"WebPage","@id":"https:\/\/efaktura.nl\/pl\/zaproszenie\/","url":"https:\/\/efaktura.nl\/pl\/zaproszenie\/","name":"Zaproszenie - eFaktura.nl","isPartOf":{"@id":"https:\/\/efaktura.nl\/pl\/#website"},"datePublished":"2022-05-24T21:49:33+00:00","dateModified":"2025-09-25T09:36:34+00:00","description":"Do\u0142\u0105cz do eFaktura Accountant.","breadcrumb":{"@id":"https:\/\/efaktura.nl\/pl\/zaproszenie\/#breadcrumb"},"inLanguage":"pl-PL","potentialAction":[{"@type":"ReadAction","target":["https:\/\/efaktura.nl\/pl\/zaproszenie\/"]}]},{"@type":"BreadcrumbList","@id":"https:\/\/efaktura.nl\/pl\/zaproszenie\/#breadcrumb","itemListElement":[{"@type":"ListItem","position":1,"name":"Strona g\u0142\u00f3wna","item":"https:\/\/efaktura.nl\/pl\/"},{"@type":"ListItem","position":2,"name":"Zaproszenie"}]},{"@type":"WebSite","@id":"https:\/\/efaktura.nl\/pl\/#website","url":"https:\/\/efaktura.nl\/pl\/","name":"eFaktura.nl","description":"","publisher":{"@id":"https:\/\/efaktura.nl\/pl\/#organization"},"potentialAction":[{"@type":"SearchAction","target":{"@type":"EntryPoint","urlTemplate":"https:\/\/efaktura.nl\/pl\/?s={search_term_string}"},"query-input":{"@type":"PropertyValueSpecification","valueRequired":true,"valueName":"search_term_string"}}],"inLanguage":"pl-PL"},{"@type":"Organization","@id":"https:\/\/efaktura.nl\/pl\/#organization","name":"eFaktura","url":"https:\/\/efaktura.nl\/pl\/","logo":{"@type":"ImageObject","inLanguage":"pl-PL","@id":"https:\/\/efaktura.nl\/pl\/#\/schema\/logo\/image\/","url":"https:\/\/efaktura.nl\/wp-content\/uploads\/logo-efaktura-25.svg","contentUrl":"https:\/\/efaktura.nl\/wp-content\/uploads\/logo-efaktura-25.svg","width":264,"height":31,"caption":"eFaktura"},"image":{"@id":"https:\/\/efaktura.nl\/pl\/#\/schema\/logo\/image\/"},"sameAs":["https:\/\/www.facebook.com\/efaktura.nl","https:\/\/www.instagram.com\/efaktura.eu\/","https:\/\/www.youtube.com\/channel\/UCpx6sOnTCmDMkAG2QEyW9PA"]}]}},"_links":{"self":[{"href":"https:\/\/efaktura.nl\/pl\/wp-json\/wp\/v2\/pages\/14996","targetHints":{"allow":["GET"]}}],"collection":[{"href":"https:\/\/efaktura.nl\/pl\/wp-json\/wp\/v2\/pages"}],"about":[{"href":"https:\/\/efaktura.nl\/pl\/wp-json\/wp\/v2\/types\/page"}],"author":[{"embeddable":true,"href":"https:\/\/efaktura.nl\/pl\/wp-json\/wp\/v2\/users\/2"}],"replies":[{"embeddable":true,"href":"https:\/\/efaktura.nl\/pl\/wp-json\/wp\/v2\/comments?post=14996"}],"version-history":[{"count":1,"href":"https:\/\/efaktura.nl\/pl\/wp-json\/wp\/v2\/pages\/14996\/revisions"}],"predecessor-version":[{"id":38385,"href":"https:\/\/efaktura.nl\/pl\/wp-json\/wp\/v2\/pages\/14996\/revisions\/38385"}],"wp:attachment":[{"href":"https:\/\/efaktura.nl\/pl\/wp-json\/wp\/v2\/media?parent=14996"}],"curies":[{"name":"wp","href":"https:\/\/api.w.org\/{rel}","templated":true}]}}