{"id":16937,"date":"2022-06-27T15:36:52","date_gmt":"2022-06-27T13:36:52","guid":{"rendered":"http:\/\/efaktura.nl\/?page_id=16937"},"modified":"2025-09-25T11:35:04","modified_gmt":"2025-09-25T09:35:04","slug":"regulamin-konkursu-na-instagramie-efaktura","status":"publish","type":"page","link":"https:\/\/efaktura.nl\/pl\/regulamin-konkursu-na-instagramie-efaktura\/","title":{"rendered":"Regulamin Konkursu na Instagramie eFaktura"},"content":{"rendered":"<p><strong>Regulamin konkursu na Instagramie eFaktura &#8211; &#8220;skarpetki&#8221;.<\/strong><span style=\"font-weight: 400;\"><\/span><\/p>\n<p><span style=\"font-weight: 400;\">1. Organizatorem konkursu jest eFaktura.nl<\/span><\/p>\n<p><span style=\"font-weight: 400;\">2. Warunkiem wzi\u0119cia udzia\u0142u w konkursie jest dodanie w serwisie Instagram zdj\u0119cia z u\u017cyciem skarpetek (relacja b\u0105d\u017a post), oznaczenie na zdj\u0119ciu profilu eFaktura.nl oraz polubienie profilu eFaktura.nl na Instagramie.\u00a0<\/span><\/p>\n<p><span style=\"font-weight: 400;\">W konkursie mo\u017ce wzi\u0105\u0107 ka\u017cda osoba pe\u0142noletnia posiadaj\u0105ca profil w serwisie Instagram.<\/span><\/p>\n<p><span style=\"font-weight: 400;\">3. W konkursie zostan\u0105 wy\u0142onieni trzej laureaci, kt\u00f3rzy jako nagrod\u0119 otrzymaj\u0105 dwie pary skarpetek z logo eFaktura (w rozmiarze damskim i m\u0119skim). Spo\u015br\u00f3d laureat\u00f3w jeden otrzyma g\u0142\u00f3wn\u0105 nagrod\u0119 w postaci g\u0142o\u015bnika JBL Charge 5 lub, w razie braku w sklepach, podobny w cenie maksymalnie 160 Euro. <br \/><\/span><span style=\"font-weight: 400;\">Wyb\u00f3r laureat\u00f3w jest subiektywn\u0105 decyzj\u0105 Organizatora.<\/span><\/p>\n<p><span style=\"font-weight: 400;\">4. Laureat, \u017ceby m\u00f3c otrzyma\u0107 nagrod\u0119, zobowi\u0105zuje si\u0119 do przekazania w tym celu Organizatorowi swojego adresu do korespondencji.<\/span><\/p>\n<p><span style=\"font-weight: 400;\">5. Konkurs trwa od 27.06.2022 do 08.07.2022 do godziny 23.59.<\/span><\/p>\n<p><span style=\"font-weight: 400;\">Wyniki konkursu zostan\u0105 podane 11.07.2022 w komentarzu pod postem konkursowym na profilu eFaktura.nl na Instagramie.\u00a0<\/span><\/p>\n<p><span style=\"font-weight: 400;\">6. Organizator zastrzega sobie prawo do zmiany zasad Konkursu w trakcie jego trwania. Informacja o zmianach b\u0119dzie zamieszczona na profilu Organizatora na Instagramie.<\/span><\/p>\n<p><span style=\"font-weight: 400;\">7. Konkurs nie jest w \u017caden spos\u00f3b sponsorowany, popierany ani przeprowadzany przez serwis Instagram ani z nim zwi\u0105zany. Serwis Instagram nie bierze odpowiedzialno\u015bci za ewentualne roszczenia uczestnik\u00f3w.<\/span><\/p>\n","protected":false},"excerpt":{"rendered":"<p>Regulamin konkursu na Instagramie eFaktura &#8211; &#8220;skarpetki&#8221;. 1. Organizatorem konkursu jest eFaktura.nl 2. Warunkiem wzi\u0119cia udzia\u0142u w konkursie jest dodanie w serwisie Instagram zdj\u0119cia z u\u017cyciem skarpetek (relacja&#8230;<\/p>\n","protected":false},"author":3,"featured_media":0,"parent":0,"menu_order":0,"comment_status":"closed","ping_status":"closed","template":"","meta":{"_acf_changed":false,"_crdt_document":"","inline_featured_image":false,"footnotes":""},"class_list":["post-16937","page","type-page","status-publish","hentry"],"acf":[],"yoast_head":"<!-- This site is optimized with the Yoast SEO plugin v27.4 - https:\/\/yoast.com\/product\/yoast-seo-wordpress\/ -->\n<title>Regulamin Konkursu na Instagramie eFaktura - eFaktura.nl<\/title>\n<meta name=\"description\" content=\"We\u017a udzia\u0142 w konkursie z eFaktura. Poka\u017c nam, jak zadajesz szyku w skarpetkach, w sezonie letnim. Do wygrania super wakacyjna nagroda.\" \/>\n<meta name=\"robots\" content=\"index, follow, max-snippet:-1, max-image-preview:large, max-video-preview:-1\" \/>\n<link rel=\"canonical\" href=\"https:\/\/efaktura.nl\/pl\/regulamin-konkursu-na-instagramie-efaktura\/\" \/>\n<meta property=\"og:locale\" content=\"pl_PL\" \/>\n<meta property=\"og:type\" content=\"article\" \/>\n<meta property=\"og:title\" content=\"Regulamin Konkursu na Instagramie eFaktura - eFaktura.nl\" \/>\n<meta property=\"og:description\" content=\"We\u017a udzia\u0142 w konkursie z eFaktura. Poka\u017c nam, jak zadajesz szyku w skarpetkach, w sezonie letnim. Do wygrania super wakacyjna nagroda.\" \/>\n<meta property=\"og:url\" content=\"https:\/\/efaktura.nl\/pl\/regulamin-konkursu-na-instagramie-efaktura\/\" \/>\n<meta property=\"og:site_name\" content=\"eFaktura.nl\" \/>\n<meta property=\"article:publisher\" content=\"https:\/\/www.facebook.com\/efaktura.nl\" \/>\n<meta property=\"article:modified_time\" content=\"2025-09-25T09:35:04+00:00\" \/>\n<meta name=\"twitter:card\" content=\"summary_large_image\" \/>\n<script type=\"application\/ld+json\" class=\"yoast-schema-graph\">{\"@context\":\"https:\\\/\\\/schema.org\",\"@graph\":[{\"@type\":\"WebPage\",\"@id\":\"https:\\\/\\\/efaktura.nl\\\/pl\\\/regulamin-konkursu-na-instagramie-efaktura\\\/\",\"url\":\"https:\\\/\\\/efaktura.nl\\\/pl\\\/regulamin-konkursu-na-instagramie-efaktura\\\/\",\"name\":\"Regulamin Konkursu na Instagramie eFaktura - eFaktura.nl\",\"isPartOf\":{\"@id\":\"https:\\\/\\\/efaktura.nl\\\/pl\\\/#website\"},\"datePublished\":\"2022-06-27T13:36:52+00:00\",\"dateModified\":\"2025-09-25T09:35:04+00:00\",\"description\":\"We\u017a udzia\u0142 w konkursie z eFaktura. Poka\u017c nam, jak zadajesz szyku w skarpetkach, w sezonie letnim. Do wygrania super wakacyjna nagroda.\",\"breadcrumb\":{\"@id\":\"https:\\\/\\\/efaktura.nl\\\/pl\\\/regulamin-konkursu-na-instagramie-efaktura\\\/#breadcrumb\"},\"inLanguage\":\"pl-PL\",\"potentialAction\":[{\"@type\":\"ReadAction\",\"target\":[\"https:\\\/\\\/efaktura.nl\\\/pl\\\/regulamin-konkursu-na-instagramie-efaktura\\\/\"]}]},{\"@type\":\"BreadcrumbList\",\"@id\":\"https:\\\/\\\/efaktura.nl\\\/pl\\\/regulamin-konkursu-na-instagramie-efaktura\\\/#breadcrumb\",\"itemListElement\":[{\"@type\":\"ListItem\",\"position\":1,\"name\":\"Strona g\u0142\u00f3wna\",\"item\":\"https:\\\/\\\/efaktura.nl\\\/pl\\\/new-home\\\/\"},{\"@type\":\"ListItem\",\"position\":2,\"name\":\"Regulamin Konkursu na Instagramie eFaktura\"}]},{\"@type\":\"WebSite\",\"@id\":\"https:\\\/\\\/efaktura.nl\\\/pl\\\/#website\",\"url\":\"https:\\\/\\\/efaktura.nl\\\/pl\\\/\",\"name\":\"eFaktura.nl\",\"description\":\"\",\"publisher\":{\"@id\":\"https:\\\/\\\/efaktura.nl\\\/pl\\\/#organization\"},\"potentialAction\":[{\"@type\":\"SearchAction\",\"target\":{\"@type\":\"EntryPoint\",\"urlTemplate\":\"https:\\\/\\\/efaktura.nl\\\/pl\\\/?s={search_term_string}\"},\"query-input\":{\"@type\":\"PropertyValueSpecification\",\"valueRequired\":true,\"valueName\":\"search_term_string\"}}],\"inLanguage\":\"pl-PL\"},{\"@type\":\"Organization\",\"@id\":\"https:\\\/\\\/efaktura.nl\\\/pl\\\/#organization\",\"name\":\"eFaktura\",\"url\":\"https:\\\/\\\/efaktura.nl\\\/pl\\\/\",\"logo\":{\"@type\":\"ImageObject\",\"inLanguage\":\"pl-PL\",\"@id\":\"https:\\\/\\\/efaktura.nl\\\/pl\\\/#\\\/schema\\\/logo\\\/image\\\/\",\"url\":\"https:\\\/\\\/efaktura.nl\\\/wp-content\\\/uploads\\\/logo-efaktura-25.svg\",\"contentUrl\":\"https:\\\/\\\/efaktura.nl\\\/wp-content\\\/uploads\\\/logo-efaktura-25.svg\",\"width\":264,\"height\":31,\"caption\":\"eFaktura\"},\"image\":{\"@id\":\"https:\\\/\\\/efaktura.nl\\\/pl\\\/#\\\/schema\\\/logo\\\/image\\\/\"},\"sameAs\":[\"https:\\\/\\\/www.facebook.com\\\/efaktura.nl\",\"https:\\\/\\\/www.instagram.com\\\/efaktura.eu\\\/\",\"https:\\\/\\\/www.youtube.com\\\/channel\\\/UCpx6sOnTCmDMkAG2QEyW9PA\"]}]}<\/script>\n<!-- \/ Yoast SEO plugin. -->","yoast_head_json":{"title":"Regulamin Konkursu na Instagramie eFaktura - eFaktura.nl","description":"We\u017a udzia\u0142 w konkursie z eFaktura. Poka\u017c nam, jak zadajesz szyku w skarpetkach, w sezonie letnim. Do wygrania super wakacyjna nagroda.","robots":{"index":"index","follow":"follow","max-snippet":"max-snippet:-1","max-image-preview":"max-image-preview:large","max-video-preview":"max-video-preview:-1"},"canonical":"https:\/\/efaktura.nl\/pl\/regulamin-konkursu-na-instagramie-efaktura\/","og_locale":"pl_PL","og_type":"article","og_title":"Regulamin Konkursu na Instagramie eFaktura - eFaktura.nl","og_description":"We\u017a udzia\u0142 w konkursie z eFaktura. Poka\u017c nam, jak zadajesz szyku w skarpetkach, w sezonie letnim. Do wygrania super wakacyjna nagroda.","og_url":"https:\/\/efaktura.nl\/pl\/regulamin-konkursu-na-instagramie-efaktura\/","og_site_name":"eFaktura.nl","article_publisher":"https:\/\/www.facebook.com\/efaktura.nl","article_modified_time":"2025-09-25T09:35:04+00:00","twitter_card":"summary_large_image","schema":{"@context":"https:\/\/schema.org","@graph":[{"@type":"WebPage","@id":"https:\/\/efaktura.nl\/pl\/regulamin-konkursu-na-instagramie-efaktura\/","url":"https:\/\/efaktura.nl\/pl\/regulamin-konkursu-na-instagramie-efaktura\/","name":"Regulamin Konkursu na Instagramie eFaktura - eFaktura.nl","isPartOf":{"@id":"https:\/\/efaktura.nl\/pl\/#website"},"datePublished":"2022-06-27T13:36:52+00:00","dateModified":"2025-09-25T09:35:04+00:00","description":"We\u017a udzia\u0142 w konkursie z eFaktura. Poka\u017c nam, jak zadajesz szyku w skarpetkach, w sezonie letnim. Do wygrania super wakacyjna nagroda.","breadcrumb":{"@id":"https:\/\/efaktura.nl\/pl\/regulamin-konkursu-na-instagramie-efaktura\/#breadcrumb"},"inLanguage":"pl-PL","potentialAction":[{"@type":"ReadAction","target":["https:\/\/efaktura.nl\/pl\/regulamin-konkursu-na-instagramie-efaktura\/"]}]},{"@type":"BreadcrumbList","@id":"https:\/\/efaktura.nl\/pl\/regulamin-konkursu-na-instagramie-efaktura\/#breadcrumb","itemListElement":[{"@type":"ListItem","position":1,"name":"Strona g\u0142\u00f3wna","item":"https:\/\/efaktura.nl\/pl\/new-home\/"},{"@type":"ListItem","position":2,"name":"Regulamin Konkursu na Instagramie eFaktura"}]},{"@type":"WebSite","@id":"https:\/\/efaktura.nl\/pl\/#website","url":"https:\/\/efaktura.nl\/pl\/","name":"eFaktura.nl","description":"","publisher":{"@id":"https:\/\/efaktura.nl\/pl\/#organization"},"potentialAction":[{"@type":"SearchAction","target":{"@type":"EntryPoint","urlTemplate":"https:\/\/efaktura.nl\/pl\/?s={search_term_string}"},"query-input":{"@type":"PropertyValueSpecification","valueRequired":true,"valueName":"search_term_string"}}],"inLanguage":"pl-PL"},{"@type":"Organization","@id":"https:\/\/efaktura.nl\/pl\/#organization","name":"eFaktura","url":"https:\/\/efaktura.nl\/pl\/","logo":{"@type":"ImageObject","inLanguage":"pl-PL","@id":"https:\/\/efaktura.nl\/pl\/#\/schema\/logo\/image\/","url":"https:\/\/efaktura.nl\/wp-content\/uploads\/logo-efaktura-25.svg","contentUrl":"https:\/\/efaktura.nl\/wp-content\/uploads\/logo-efaktura-25.svg","width":264,"height":31,"caption":"eFaktura"},"image":{"@id":"https:\/\/efaktura.nl\/pl\/#\/schema\/logo\/image\/"},"sameAs":["https:\/\/www.facebook.com\/efaktura.nl","https:\/\/www.instagram.com\/efaktura.eu\/","https:\/\/www.youtube.com\/channel\/UCpx6sOnTCmDMkAG2QEyW9PA"]}]}},"_links":{"self":[{"href":"https:\/\/efaktura.nl\/pl\/wp-json\/wp\/v2\/pages\/16937","targetHints":{"allow":["GET"]}}],"collection":[{"href":"https:\/\/efaktura.nl\/pl\/wp-json\/wp\/v2\/pages"}],"about":[{"href":"https:\/\/efaktura.nl\/pl\/wp-json\/wp\/v2\/types\/page"}],"author":[{"embeddable":true,"href":"https:\/\/efaktura.nl\/pl\/wp-json\/wp\/v2\/users\/3"}],"replies":[{"embeddable":true,"href":"https:\/\/efaktura.nl\/pl\/wp-json\/wp\/v2\/comments?post=16937"}],"version-history":[{"count":1,"href":"https:\/\/efaktura.nl\/pl\/wp-json\/wp\/v2\/pages\/16937\/revisions"}],"predecessor-version":[{"id":38383,"href":"https:\/\/efaktura.nl\/pl\/wp-json\/wp\/v2\/pages\/16937\/revisions\/38383"}],"wp:attachment":[{"href":"https:\/\/efaktura.nl\/pl\/wp-json\/wp\/v2\/media?parent=16937"}],"curies":[{"name":"wp","href":"https:\/\/api.w.org\/{rel}","templated":true}]}}