{"id":32733,"date":"2025-03-28T21:15:00","date_gmt":"2025-03-28T20:15:00","guid":{"rendered":"https:\/\/efaktura.nl\/?page_id=32733"},"modified":"2025-12-02T13:32:15","modified_gmt":"2025-12-02T12:32:15","slug":"kalkulatory","status":"publish","type":"page","link":"https:\/\/efaktura.nl\/pl\/kalkulatory\/","title":{"rendered":"Kalkulatory"},"content":{"rendered":"\n<div class=\"wp-block-group\"><div class=\"wp-block-group__inner-container is-layout-constrained wp-block-group-is-layout-constrained\">\n<h1 class=\"wp-block-heading has-text-align-center\">Nie masz g\u0142owy do matematyki?<br>Skorzystaj z naszych kalkulator\u00f3w.<\/h1>\n\n\n\n<p class=\"has-text-align-center wstep wp-block-paragraph\">Im wi\u0119cej wiesz, tym lepiej zarz\u0105dzasz finansami firmy!<\/p>\n\n\n\n<div style=\"height:25px\" aria-hidden=\"true\" class=\"wp-block-spacer\"><\/div>\n\n\n<div class=\"wp-block-image \">\n<figure class=\"aligncenter size-full\"><img loading=\"lazy\" decoding=\"async\" width=\"534\" height=\"195\" src=\"http:\/\/efaktura.nl\/wp-content\/uploads\/calculator.png\" alt=\"Kalkulatory\" class=\"wp-image-10256\" srcset=\"https:\/\/efaktura.nl\/wp-content\/uploads\/calculator.png 534w, https:\/\/efaktura.nl\/wp-content\/uploads\/calculator-300x110.png 300w, https:\/\/efaktura.nl\/wp-content\/uploads\/calculator-480x175.png 480w\" sizes=\"auto, (max-width: 534px) 100vw, 534px\" \/><\/figure>\n<\/div>\n\n\n<div style=\"height:25px\" aria-hidden=\"true\" class=\"wp-block-spacer\"><\/div>\n\n\n\n<div class=\"wp-block-columns ticss-1ec4a062 is-layout-flex wp-container-core-columns-is-layout-8f761849 wp-block-columns-is-layout-flex\">\n<div style=\"--col-width:;\" class=\"wp-block-column is-layout-flow wp-block-column-is-layout-flow\">\n<div class=\"wp-block-columns are-vertically-aligned-center is-not-stacked-on-mobile kbn is-layout-flex wp-container-core-columns-is-layout-8f761849 wp-block-columns-is-layout-flex\">\n<div class=\"wp-block-column is-vertically-aligned-center has-background is-layout-flow wp-block-column-is-layout-flow\" style=\"--col-width:100px;background-color:#d8ede6;padding-top:var(--wp--preset--spacing--30);padding-right:var(--wp--preset--spacing--30);padding-bottom:var(--wp--preset--spacing--30);padding-left:var(--wp--preset--spacing--30);flex-basis:100px\"><div class=\"wp-block-image ticss-d514a430\">\n<figure class=\"aligncenter size-full\"><img loading=\"lazy\" decoding=\"async\" width=\"42\" height=\"51\" src=\"https:\/\/efaktura.nl\/wp-content\/uploads\/calc-b-n.png\" alt=\"Kalkulator brutto\/netto\" class=\"wp-image-13236\"\/><\/figure>\n<\/div><\/div>\n\n\n\n<div class=\"wp-block-column is-vertically-aligned-center is-layout-flow wp-block-column-is-layout-flow\" style=\"--col-width:66.66%;flex-basis:66.66%\">\n<h2 class=\"wp-block-heading ticss-70ba60a5 has-text-color has-link-color wp-elements-882b62d0ecc13241bd81101952e23a37\" style=\"color:#6499aa\">Kalkulator<br>BRUTTO \/ NETTO<\/h2>\n\n\n\n<p class=\"ticss-b13f634b wp-block-paragraph\"><a href=\"https:\/\/efaktura.nl\/pl\/kalkulatory\/kalkulator-brutto-netto\/\">linkhttps:\/\/efaktura.nl\/pl\/kalkulatory\/kalkulator-brutto-netto\/<\/a><\/p>\n<\/div>\n<\/div>\n\n\n\n<p class=\"has-text-align-center wp-block-paragraph\">Jeste\u015b przedsi\u0119biorc\u0105? Ustalaj\u0105c cen\u0119 Twoich towar\u00f3w czy us\u0142ug musisz uwzgl\u0119dni\u0107 warto\u015b\u0107 podatku VAT.<\/p>\n\n\n\n<div class=\"wp-block-buttons is-content-justification-center is-layout-flex wp-container-core-buttons-is-layout-fe48e5de wp-block-buttons-is-layout-flex\">\n<div class=\"wp-block-button\"><a class=\"wp-block-button__link wp-element-button\" href=\"https:\/\/efaktura.nl\/pl\/kalkulatory\/kalkulator-brutto-netto\/\">OBLICZ<\/a><\/div>\n<\/div>\n<\/div>\n\n\n\n<div class=\"wp-block-column is-layout-flow wp-block-column-is-layout-flow\" style=\"--col-width:;padding-right:0\">\n<div class=\"wp-block-columns is-not-stacked-on-mobile kzz is-layout-flex wp-container-core-columns-is-layout-8f761849 wp-block-columns-is-layout-flex\">\n<div class=\"wp-block-column is-vertically-aligned-center has-background is-layout-flow wp-block-column-is-layout-flow\" style=\"--col-width:100px;background-color:#475e7d;padding-top:var(--wp--preset--spacing--30);padding-right:var(--wp--preset--spacing--30);padding-bottom:var(--wp--preset--spacing--30);padding-left:var(--wp--preset--spacing--30);flex-basis:100px\"><div class=\"wp-block-image ticss-d514a430\">\n<figure class=\"aligncenter size-full\"><img loading=\"lazy\" decoding=\"async\" width=\"42\" height=\"51\" src=\"https:\/\/efaktura.nl\/wp-content\/uploads\/calc-1.png\" alt=\"Kalkulator zarobk\u00f3w\" class=\"wp-image-13202\" style=\"object-fit:cover\"\/><\/figure>\n<\/div><\/div>\n\n\n\n<div class=\"wp-block-column is-vertically-aligned-center is-layout-flow wp-block-column-is-layout-flow\" style=\"--col-width:66.66%;flex-basis:66.66%\">\n<h2 class=\"wp-block-heading has-text-align-left ticss-dfa8717a has-text-color has-link-color wp-elements-7486b14b0b24dd0a802c4c56f49c8e82\" style=\"color:#475e7d\">Kalkulator zarobk\u00f3w ZZP<\/h2>\n\n\n\n<p class=\"ticss-f5761c79 wp-block-paragraph\"><a href=\"https:\/\/efaktura.nl\/pl\/kalkulatory\/kalkulator-zarobkow-w-holandii-dla-zzp\/\">https:\/\/efaktura.nl\/pl\/kalkulatory\/kalkulator-zarobkow-w-holandii-dla-zzp\/<\/a><\/p>\n<\/div>\n<\/div>\n\n\n\n<p class=\"has-text-align-center wp-block-paragraph\">Prowadzisz firm\u0119 w Holandii, albo planujesz j\u0105 za\u0142o\u017cy\u0107? Ten kalkulator pomo\u017ce Ci przewidzie\u0107 zarobki.<\/p>\n\n\n\n<div class=\"wp-block-buttons is-content-justification-center is-layout-flex wp-container-core-buttons-is-layout-fe48e5de wp-block-buttons-is-layout-flex\">\n<div class=\"wp-block-button\"><a class=\"wp-block-button__link wp-element-button\" href=\"https:\/\/efaktura.nl\/pl\/kalkulatory\/kalkulator-zarobkow-w-holandii-dla-zzp\/\">OBLICZ<\/a><\/div>\n<\/div>\n<\/div>\n\n\n\n<div style=\"--col-width:;\" class=\"wp-block-column is-layout-flow wp-block-column-is-layout-flow\">\n<div class=\"wp-block-columns are-vertically-aligned-center is-not-stacked-on-mobile ksgz is-layout-flex wp-container-core-columns-is-layout-8f761849 wp-block-columns-is-layout-flex\">\n<div class=\"wp-block-column is-vertically-aligned-center has-background is-layout-flow wp-block-column-is-layout-flow\" style=\"--col-width:100px;background-color:#9980bb;padding-top:var(--wp--preset--spacing--30);padding-right:var(--wp--preset--spacing--30);padding-bottom:var(--wp--preset--spacing--30);padding-left:var(--wp--preset--spacing--30);flex-basis:100px\"><div class=\"wp-block-image ticss-d514a430\">\n<figure class=\"aligncenter size-full\"><img loading=\"lazy\" decoding=\"async\" width=\"42\" height=\"51\" src=\"https:\/\/efaktura.nl\/wp-content\/uploads\/calc-1.png\" alt=\"Kalkulator stawki\" class=\"wp-image-13202\"\/><\/figure>\n<\/div><\/div>\n\n\n\n<div class=\"wp-block-column is-vertically-aligned-center is-layout-flow wp-block-column-is-layout-flow\" style=\"--col-width:66.66%;flex-basis:66.66%\">\n<h2 class=\"wp-block-heading ticss-6e38440b has-text-color has-link-color wp-elements-7730e847240d017246e2203dad7c81c9\" style=\"color:#9980bb\">Kalkulator stawki godzinowej ZZP<\/h2>\n\n\n\n<p class=\"ticss-6e582ab8 wp-block-paragraph\"><a href=\"https:\/\/efaktura.nl\/pl\/kalkulatory\/kalkulator-stawki-godzinowej-zzp\/\">https:\/\/efaktura.nl\/pl\/kalkulatory\/kalkulator-stawki-godzinowej-zzp\/<\/a><\/p>\n<\/div>\n<\/div>\n\n\n\n<p class=\"has-text-align-center wp-block-paragraph\">Czy 20 Euro na godzin\u0119 brutto wystarczy by utrzyma\u0107 firm\u0119?<br>Policz swoj\u0105 stawk\u0119 godzinow\u0105.<\/p>\n\n\n\n<div class=\"wp-block-buttons is-content-justification-center is-layout-flex wp-container-core-buttons-is-layout-fe48e5de wp-block-buttons-is-layout-flex\">\n<div class=\"wp-block-button\"><a class=\"wp-block-button__link wp-element-button\" href=\"https:\/\/efaktura.nl\/pl\/kalkulatory\/kalkulator-stawki-godzinowej-zzp\/\">OBLICZ<\/a><\/div>\n<\/div>\n<\/div>\n<\/div>\n<\/div><\/div>\n\n\n\n<div class=\"wp-block-group has-background\" style=\"background-color:#f2f2f2\"><div class=\"wp-block-group__inner-container is-layout-constrained wp-block-group-is-layout-constrained\">\n<h2 class=\"wp-block-heading has-text-align-center\">Za\u0142\u00f3\u017c darmowe konto i przez <span class=\"mark\">30 dni<\/span><br>testuj swobodnie wszystkie<br>mo\u017cliwo\u015bci systemu.<\/h2>\n\n\n\n<p class=\"has-text-align-center wstep wp-block-paragraph\">Po okresie pr\u00f3bnym wybierz pakiet najlepiej pasuj\u0105cy do Twojej firmy.<br>Masz w\u0105tpliwo\u015bci?<\/p>\n\n\n\n<div style=\"height:30px\" aria-hidden=\"true\" class=\"wp-block-spacer\"><\/div>\n\n\n\n<div class=\"wp-block-buttons is-vertical is-content-justification-center is-layout-flex wp-container-core-buttons-is-layout-569b4b61 wp-block-buttons-is-layout-flex\">\n<div class=\"wp-block-button\"><a class=\"wp-block-button__link wp-element-button\" href=\"https:\/\/app.efaktura.nl\/?lang=pl#\/register\" target=\"_blank\" rel=\"nofollow noopener\">Zak\u0142adam darmowe konto<\/a><\/div>\n<\/div>\n<\/div><\/div>\n","protected":false},"excerpt":{"rendered":"<p>Nie masz g\u0142owy do matematyki?Skorzystaj z naszych kalkulator\u00f3w. Im wi\u0119cej wiesz, tym lepiej zarz\u0105dzasz finansami firmy! KalkulatorBRUTTO \/ NETTO linkhttps:\/\/efaktura.nl\/pl\/kalkulatory\/kalkulator-brutto-netto\/ Jeste\u015b przedsi\u0119biorc\u0105? Ustalaj\u0105c cen\u0119 Twoich towar\u00f3w czy us\u0142ug&#8230;<\/p>\n","protected":false},"author":7,"featured_media":10256,"parent":0,"menu_order":0,"comment_status":"closed","ping_status":"closed","template":"","meta":{"_acf_changed":false,"_crdt_document":"","inline_featured_image":false,"footnotes":""},"class_list":["post-32733","page","type-page","status-publish","has-post-thumbnail","hentry"],"acf":[],"yoast_head":"<!-- This site is optimized with the Yoast SEO plugin v26.3 - https:\/\/yoast.com\/wordpress\/plugins\/seo\/ -->\n<title>Kalkulatory on-line dla firm - eFaktura.nl<\/title>\n<meta name=\"description\" content=\"Wypr\u00f3buj nasze kalkulatory i oblicz kwot\u0119 brutto\/netto, koszty, wynagrodzenie ZZP, czy stawk\u0119 godzinow\u0105 w Holandii, Belgii i Niemczech.\" \/>\n<meta name=\"robots\" content=\"index, follow, max-snippet:-1, max-image-preview:large, max-video-preview:-1\" \/>\n<link rel=\"canonical\" href=\"https:\/\/efaktura.nl\/pl\/kalkulatory\/\" \/>\n<meta property=\"og:locale\" content=\"pl_PL\" \/>\n<meta property=\"og:type\" content=\"article\" \/>\n<meta property=\"og:title\" content=\"Kalkulatory on-line dla firm - eFaktura.nl\" \/>\n<meta property=\"og:description\" content=\"Wypr\u00f3buj nasze kalkulatory i oblicz kwot\u0119 brutto\/netto, koszty, wynagrodzenie ZZP, czy stawk\u0119 godzinow\u0105 w Holandii, Belgii i Niemczech.\" \/>\n<meta property=\"og:url\" content=\"https:\/\/efaktura.nl\/pl\/kalkulatory\/\" \/>\n<meta property=\"og:site_name\" content=\"eFaktura.nl\" \/>\n<meta property=\"article:publisher\" content=\"https:\/\/www.facebook.com\/efaktura.nl\" \/>\n<meta property=\"article:modified_time\" content=\"2025-12-02T12:32:15+00:00\" \/>\n<meta property=\"og:image\" content=\"https:\/\/efaktura.nl\/wp-content\/uploads\/Projekt-bez-nazwy8.jpg\" \/>\n\t<meta property=\"og:image:width\" content=\"900\" \/>\n\t<meta property=\"og:image:height\" content=\"600\" \/>\n\t<meta property=\"og:image:type\" content=\"image\/jpeg\" \/>\n<meta name=\"twitter:card\" content=\"summary_large_image\" \/>\n<script type=\"application\/ld+json\" class=\"yoast-schema-graph\">{\"@context\":\"https:\/\/schema.org\",\"@graph\":[{\"@type\":\"WebPage\",\"@id\":\"https:\/\/efaktura.nl\/pl\/kalkulatory\/\",\"url\":\"https:\/\/efaktura.nl\/pl\/kalkulatory\/\",\"name\":\"Kalkulatory on-line dla firm - eFaktura.nl\",\"isPartOf\":{\"@id\":\"https:\/\/efaktura.nl\/pl\/#website\"},\"primaryImageOfPage\":{\"@id\":\"https:\/\/efaktura.nl\/pl\/kalkulatory\/#primaryimage\"},\"image\":{\"@id\":\"https:\/\/efaktura.nl\/pl\/kalkulatory\/#primaryimage\"},\"thumbnailUrl\":\"https:\/\/efaktura.nl\/wp-content\/uploads\/calculator.png\",\"datePublished\":\"2025-03-28T20:15:00+00:00\",\"dateModified\":\"2025-12-02T12:32:15+00:00\",\"description\":\"Wypr\u00f3buj nasze kalkulatory i oblicz kwot\u0119 brutto\/netto, koszty, wynagrodzenie ZZP, czy stawk\u0119 godzinow\u0105 w Holandii, Belgii i Niemczech.\",\"breadcrumb\":{\"@id\":\"https:\/\/efaktura.nl\/pl\/kalkulatory\/#breadcrumb\"},\"inLanguage\":\"pl-PL\",\"potentialAction\":[{\"@type\":\"ReadAction\",\"target\":[\"https:\/\/efaktura.nl\/pl\/kalkulatory\/\"]}]},{\"@type\":\"ImageObject\",\"inLanguage\":\"pl-PL\",\"@id\":\"https:\/\/efaktura.nl\/pl\/kalkulatory\/#primaryimage\",\"url\":\"https:\/\/efaktura.nl\/wp-content\/uploads\/calculator.png\",\"contentUrl\":\"https:\/\/efaktura.nl\/wp-content\/uploads\/calculator.png\",\"width\":534,\"height\":195},{\"@type\":\"BreadcrumbList\",\"@id\":\"https:\/\/efaktura.nl\/pl\/kalkulatory\/#breadcrumb\",\"itemListElement\":[{\"@type\":\"ListItem\",\"position\":1,\"name\":\"Strona g\u0142\u00f3wna\",\"item\":\"https:\/\/efaktura.nl\/pl\/\"},{\"@type\":\"ListItem\",\"position\":2,\"name\":\"Kalkulatory\"}]},{\"@type\":\"WebSite\",\"@id\":\"https:\/\/efaktura.nl\/pl\/#website\",\"url\":\"https:\/\/efaktura.nl\/pl\/\",\"name\":\"eFaktura.nl\",\"description\":\"\",\"publisher\":{\"@id\":\"https:\/\/efaktura.nl\/pl\/#organization\"},\"potentialAction\":[{\"@type\":\"SearchAction\",\"target\":{\"@type\":\"EntryPoint\",\"urlTemplate\":\"https:\/\/efaktura.nl\/pl\/?s={search_term_string}\"},\"query-input\":{\"@type\":\"PropertyValueSpecification\",\"valueRequired\":true,\"valueName\":\"search_term_string\"}}],\"inLanguage\":\"pl-PL\"},{\"@type\":\"Organization\",\"@id\":\"https:\/\/efaktura.nl\/pl\/#organization\",\"name\":\"eFaktura\",\"url\":\"https:\/\/efaktura.nl\/pl\/\",\"logo\":{\"@type\":\"ImageObject\",\"inLanguage\":\"pl-PL\",\"@id\":\"https:\/\/efaktura.nl\/pl\/#\/schema\/logo\/image\/\",\"url\":\"https:\/\/efaktura.nl\/wp-content\/uploads\/logo-efaktura-25.svg\",\"contentUrl\":\"https:\/\/efaktura.nl\/wp-content\/uploads\/logo-efaktura-25.svg\",\"width\":264,\"height\":31,\"caption\":\"eFaktura\"},\"image\":{\"@id\":\"https:\/\/efaktura.nl\/pl\/#\/schema\/logo\/image\/\"},\"sameAs\":[\"https:\/\/www.facebook.com\/efaktura.nl\",\"https:\/\/www.instagram.com\/efaktura.eu\/\",\"https:\/\/www.youtube.com\/channel\/UCpx6sOnTCmDMkAG2QEyW9PA\"]}]}<\/script>\n<!-- \/ Yoast SEO plugin. -->","yoast_head_json":{"title":"Kalkulatory on-line dla firm - eFaktura.nl","description":"Wypr\u00f3buj nasze kalkulatory i oblicz kwot\u0119 brutto\/netto, koszty, wynagrodzenie ZZP, czy stawk\u0119 godzinow\u0105 w Holandii, Belgii i Niemczech.","robots":{"index":"index","follow":"follow","max-snippet":"max-snippet:-1","max-image-preview":"max-image-preview:large","max-video-preview":"max-video-preview:-1"},"canonical":"https:\/\/efaktura.nl\/pl\/kalkulatory\/","og_locale":"pl_PL","og_type":"article","og_title":"Kalkulatory on-line dla firm - eFaktura.nl","og_description":"Wypr\u00f3buj nasze kalkulatory i oblicz kwot\u0119 brutto\/netto, koszty, wynagrodzenie ZZP, czy stawk\u0119 godzinow\u0105 w Holandii, Belgii i Niemczech.","og_url":"https:\/\/efaktura.nl\/pl\/kalkulatory\/","og_site_name":"eFaktura.nl","article_publisher":"https:\/\/www.facebook.com\/efaktura.nl","article_modified_time":"2025-12-02T12:32:15+00:00","og_image":[{"width":900,"height":600,"url":"https:\/\/efaktura.nl\/wp-content\/uploads\/Projekt-bez-nazwy8.jpg","type":"image\/jpeg"}],"twitter_card":"summary_large_image","schema":{"@context":"https:\/\/schema.org","@graph":[{"@type":"WebPage","@id":"https:\/\/efaktura.nl\/pl\/kalkulatory\/","url":"https:\/\/efaktura.nl\/pl\/kalkulatory\/","name":"Kalkulatory on-line dla firm - eFaktura.nl","isPartOf":{"@id":"https:\/\/efaktura.nl\/pl\/#website"},"primaryImageOfPage":{"@id":"https:\/\/efaktura.nl\/pl\/kalkulatory\/#primaryimage"},"image":{"@id":"https:\/\/efaktura.nl\/pl\/kalkulatory\/#primaryimage"},"thumbnailUrl":"https:\/\/efaktura.nl\/wp-content\/uploads\/calculator.png","datePublished":"2025-03-28T20:15:00+00:00","dateModified":"2025-12-02T12:32:15+00:00","description":"Wypr\u00f3buj nasze kalkulatory i oblicz kwot\u0119 brutto\/netto, koszty, wynagrodzenie ZZP, czy stawk\u0119 godzinow\u0105 w Holandii, Belgii i Niemczech.","breadcrumb":{"@id":"https:\/\/efaktura.nl\/pl\/kalkulatory\/#breadcrumb"},"inLanguage":"pl-PL","potentialAction":[{"@type":"ReadAction","target":["https:\/\/efaktura.nl\/pl\/kalkulatory\/"]}]},{"@type":"ImageObject","inLanguage":"pl-PL","@id":"https:\/\/efaktura.nl\/pl\/kalkulatory\/#primaryimage","url":"https:\/\/efaktura.nl\/wp-content\/uploads\/calculator.png","contentUrl":"https:\/\/efaktura.nl\/wp-content\/uploads\/calculator.png","width":534,"height":195},{"@type":"BreadcrumbList","@id":"https:\/\/efaktura.nl\/pl\/kalkulatory\/#breadcrumb","itemListElement":[{"@type":"ListItem","position":1,"name":"Strona g\u0142\u00f3wna","item":"https:\/\/efaktura.nl\/pl\/"},{"@type":"ListItem","position":2,"name":"Kalkulatory"}]},{"@type":"WebSite","@id":"https:\/\/efaktura.nl\/pl\/#website","url":"https:\/\/efaktura.nl\/pl\/","name":"eFaktura.nl","description":"","publisher":{"@id":"https:\/\/efaktura.nl\/pl\/#organization"},"potentialAction":[{"@type":"SearchAction","target":{"@type":"EntryPoint","urlTemplate":"https:\/\/efaktura.nl\/pl\/?s={search_term_string}"},"query-input":{"@type":"PropertyValueSpecification","valueRequired":true,"valueName":"search_term_string"}}],"inLanguage":"pl-PL"},{"@type":"Organization","@id":"https:\/\/efaktura.nl\/pl\/#organization","name":"eFaktura","url":"https:\/\/efaktura.nl\/pl\/","logo":{"@type":"ImageObject","inLanguage":"pl-PL","@id":"https:\/\/efaktura.nl\/pl\/#\/schema\/logo\/image\/","url":"https:\/\/efaktura.nl\/wp-content\/uploads\/logo-efaktura-25.svg","contentUrl":"https:\/\/efaktura.nl\/wp-content\/uploads\/logo-efaktura-25.svg","width":264,"height":31,"caption":"eFaktura"},"image":{"@id":"https:\/\/efaktura.nl\/pl\/#\/schema\/logo\/image\/"},"sameAs":["https:\/\/www.facebook.com\/efaktura.nl","https:\/\/www.instagram.com\/efaktura.eu\/","https:\/\/www.youtube.com\/channel\/UCpx6sOnTCmDMkAG2QEyW9PA"]}]}},"_links":{"self":[{"href":"https:\/\/efaktura.nl\/pl\/wp-json\/wp\/v2\/pages\/32733","targetHints":{"allow":["GET"]}}],"collection":[{"href":"https:\/\/efaktura.nl\/pl\/wp-json\/wp\/v2\/pages"}],"about":[{"href":"https:\/\/efaktura.nl\/pl\/wp-json\/wp\/v2\/types\/page"}],"author":[{"embeddable":true,"href":"https:\/\/efaktura.nl\/pl\/wp-json\/wp\/v2\/users\/7"}],"replies":[{"embeddable":true,"href":"https:\/\/efaktura.nl\/pl\/wp-json\/wp\/v2\/comments?post=32733"}],"version-history":[{"count":219,"href":"https:\/\/efaktura.nl\/pl\/wp-json\/wp\/v2\/pages\/32733\/revisions"}],"predecessor-version":[{"id":40104,"href":"https:\/\/efaktura.nl\/pl\/wp-json\/wp\/v2\/pages\/32733\/revisions\/40104"}],"wp:featuredmedia":[{"embeddable":true,"href":"https:\/\/efaktura.nl\/pl\/wp-json\/wp\/v2\/media\/10256"}],"wp:attachment":[{"href":"https:\/\/efaktura.nl\/pl\/wp-json\/wp\/v2\/media?parent=32733"}],"curies":[{"name":"wp","href":"https:\/\/api.w.org\/{rel}","templated":true}]}}