{"id":9505,"date":"2022-01-08T12:58:01","date_gmt":"2022-01-08T11:58:01","guid":{"rendered":"https:\/\/beta.efaktura.nl\/?page_id=9505"},"modified":"2023-11-02T10:02:36","modified_gmt":"2023-11-02T09:02:36","slug":"bezpieczenstwo-danych","status":"publish","type":"page","link":"https:\/\/efaktura.nl\/pl\/bezpieczenstwo-danych\/","title":{"rendered":"Bezpiecze\u0144stwo danych"},"content":{"rendered":"\n<div class=\"wp-block-group w1100\"><div class=\"wp-block-group__inner-container is-layout-constrained wp-block-group-is-layout-constrained\">\n<h1 class=\"wp-block-heading has-text-align-center\">Dowiedz si\u0119, jak dbamy o bezpiecze\u0144stwo Twoich dokument\u00f3w.<\/h1>\n\n\n\n<p class=\"has-text-align-center wstep wp-block-paragraph\">U nas technologia dba o Tw\u00f3j spok\u00f3j.<\/p>\n\n\n\n<div style=\"height:30px\" aria-hidden=\"true\" class=\"wp-block-spacer\"><\/div>\n\n\n<div class=\"wp-block-image\">\n<figure class=\"aligncenter size-full\"><img loading=\"lazy\" decoding=\"async\" width=\"552\" height=\"156\" src=\"https:\/\/efaktura.nl\/wp-content\/uploads\/cloud.png\" alt=\"Baza danych w chmurze i szyfrowane po\u0142\u0105czenie\" class=\"wp-image-10774\" srcset=\"https:\/\/efaktura.nl\/wp-content\/uploads\/cloud.png 552w, https:\/\/efaktura.nl\/wp-content\/uploads\/cloud-300x85.png 300w, https:\/\/efaktura.nl\/wp-content\/uploads\/cloud-480x136.png 480w\" sizes=\"auto, (max-width: 552px) 100vw, 552px\" \/><\/figure>\n<\/div>\n\n\n<p class=\"has-text-align-center odreczny wp-block-paragraph\">Baza danych w chmurze<br>i szyfrowane po\u0142\u0105czenie<\/p>\n\n\n\n<div style=\"height:30px\" aria-hidden=\"true\" class=\"wp-block-spacer\"><\/div>\n\n\n\n<h2 class=\"wp-block-heading has-medium-font-size\">Co to jest chmura i co, je\u015bli strac\u0119 telefon?<\/h2>\n\n\n\n<p class=\"wp-block-paragraph\">eFaktura to system online, czyli w chmurze. Stabilno\u015b\u0107 systemu opiera si\u0119 o Internet i sie\u0107 serwer\u00f3w zabezpieczaj\u0105cych i przechowuj\u0105cych dane. Oznacza to, \u017ce dzia\u0142amy niezale\u017cnie od urz\u0105dze\u0144, z kt\u00f3rych korzystasz \u2013 nie miej obaw, \u017ce zawiedzie Ci\u0119 dysk komputera, czy pami\u0119\u0107 telefonu.<\/p>\n\n\n\n<p class=\"wp-block-paragraph\">Po\u0142\u0105czenie pomi\u0119dzy Twoim urz\u0105dzeniem, a naszym serwerem dzia\u0142a tak samo, jak po\u0142\u0105czenie z aplikacj\u0105 bankow\u0105. Nikt nie mo\u017ce zobaczy\u0107, jakie dane wpisujesz, bez wzgl\u0119du na to czy jeste\u015b w swoim domu, na budowie, czy korzystasz z darmowego WIFI w hotelu.<\/p>\n\n\n\n<p class=\"wp-block-paragraph\">Has\u0142o, kt\u00f3re wybra\u0142e\u015b przy rejestracji w eFaktura daje dost\u0119p do konta tylko Tobie.<\/p>\n<\/div><\/div>\n\n\n\n<div class=\"wp-block-group w1100\"><div class=\"wp-block-group__inner-container is-layout-constrained wp-block-group-is-layout-constrained\"><div class=\"wp-block-image\">\n<figure class=\"aligncenter size-full\"><img loading=\"lazy\" decoding=\"async\" width=\"522\" height=\"169\" src=\"https:\/\/efaktura.nl\/wp-content\/uploads\/backup.png\" alt=\"\" class=\"wp-image-10771\" srcset=\"https:\/\/efaktura.nl\/wp-content\/uploads\/backup.png 522w, https:\/\/efaktura.nl\/wp-content\/uploads\/backup-300x97.png 300w, https:\/\/efaktura.nl\/wp-content\/uploads\/backup-480x155.png 480w\" sizes=\"auto, (max-width: 522px) 100vw, 522px\" \/><\/figure>\n<\/div>\n\n\n<p class=\"has-text-align-center odreczny wp-block-paragraph\">Kopie bezpiecze\u0144stwa<\/p>\n\n\n\n<div style=\"height:30px\" aria-hidden=\"true\" class=\"wp-block-spacer\"><\/div>\n\n\n\n<h2 class=\"wp-block-heading has-medium-font-size\">A je\u015bli Internet padnie? Gdzie faktycznie s\u0105 moje faktury?<\/h2>\n\n\n\n<p class=\"wp-block-paragraph\">Dane systemu eFaktura przechowywane s\u0105 jednocze\u015bnie w dw\u00f3ch miejscach na \u015bwiecie, \u017ceby wykluczy\u0107 ryzyko utraty danych. Korzystamy z serwer\u00f3w amazon.com, kt\u00f3re gwarantuj\u0105 najwy\u017csz\u0105 stabilno\u015b\u0107. Oznacza to, \u017ce Twoje faktury b\u0119d\u0105 zawsze dost\u0119pne, niezale\u017cnie od pory dnia.<\/p>\n\n\n\n<p class=\"wp-block-paragraph\">Kopie zapasowe danych aktualizuj\u0105 si\u0119 automatycznie i na bie\u017c\u0105co, czyli w czasie rzeczywistym. Oznacza to, \u017ce w razie awarii mamy dost\u0119p do stanu systemu sprzed 5 minut.<\/p>\n<\/div><\/div>\n\n\n\n<div class=\"wp-block-group w1100\"><div class=\"wp-block-group__inner-container is-layout-constrained wp-block-group-is-layout-constrained\"><div class=\"wp-block-image\">\n<figure class=\"aligncenter size-full\"><img loading=\"lazy\" decoding=\"async\" width=\"522\" height=\"168\" src=\"https:\/\/efaktura.nl\/wp-content\/uploads\/policy.png\" alt=\"Polityka bezpiecze\u0144stwa\" class=\"wp-image-10777\" srcset=\"https:\/\/efaktura.nl\/wp-content\/uploads\/policy.png 522w, https:\/\/efaktura.nl\/wp-content\/uploads\/policy-300x97.png 300w, https:\/\/efaktura.nl\/wp-content\/uploads\/policy-480x154.png 480w\" sizes=\"auto, (max-width: 522px) 100vw, 522px\" \/><\/figure>\n<\/div>\n\n\n<p class=\"has-text-align-center odreczny wp-block-paragraph\">Polityka bezpiecze\u0144stwa<\/p>\n\n\n\n<div style=\"height:30px\" aria-hidden=\"true\" class=\"wp-block-spacer\"><\/div>\n\n\n\n<h2 class=\"wp-block-heading has-medium-font-size\">Czy moje dane mog\u0105 dosta\u0107 si\u0119 w niepowo\u0142ane r\u0119ce?<\/h2>\n\n\n\n<p class=\"wp-block-paragraph\">Twoje dane s\u0105 wykorzystywanie tylko do kontaktu, rozwi\u0105zywania problem\u00f3w i ksi\u0119gowania p\u0142atno\u015bci. eFaktura nie sprzedaje bazy danych swoich klient\u00f3w innym podmiotom gospodarczym. Ka\u017cda pracownik eFaktura jest zobowi\u0105zany do szacunku i poufno\u015bci wzgl\u0119dem danych, kt\u00f3re przekazujesz.<\/p>\n\n\n\n<p class=\"wp-block-paragraph\">Twoje dane b\u0119dziemy przechowywali bezpiecznie 10 lat (wi\u0119kszo\u015b\u0107 urz\u0119d\u00f3w skarbowych wymaga od przedsi\u0119biorc\u00f3w 7 lat archiwizacji dokument\u00f3w ksi\u0119gowych, a maksymalnie 10). B\u0119d\u0105 dla Ciebie zawsze dost\u0119pne, w jednym miejscu.<\/p>\n\n\n\n<p class=\"wp-block-paragraph\">Je\u015bli z jakiego\u015b powodu chcia\u0142by\u015b je jednak usun\u0105\u0107, mo\u017cemy to dla Ciebie zrobi\u0107.<\/p>\n<\/div><\/div>\n\n\n\n<div class=\"wp-block-group w110\"><div class=\"wp-block-group__inner-container is-layout-constrained wp-block-group-is-layout-constrained\">\n<p class=\"has-text-align-center wp-block-paragraph\"><strong>Chcesz dowiedzie\u0107 si\u0119 wi\u0119cej?<\/strong><br>Przeczytaj nasz\u0105 <a href=\"https:\/\/efaktura.nl\/Privacy-statement-december-2020.pdf\">Polityk\u0119 Prywatno\u015bci<\/a> oraz <a href=\"https:\/\/efaktura.nl\/terms.pdf\">Regulamin<\/a>.<br>Masz w\u0105tpliwo\u015bci? Napisz: <a href=\"mailto:pomoc@efaktura.nl\">pomoc@efaktura.nl<\/a><\/p>\n\n\n\n<div class=\"wp-block-buttons is-content-justification-center is-layout-flex wp-container-core-buttons-is-layout-fe48e5de wp-block-buttons-is-layout-flex\">\n<div class=\"wp-block-button\"><a class=\"wp-block-button__link wp-element-button\" href=\"https:\/\/app.efaktura.nl\/?lang=pl#\/register\">CHC\u0118 SPR\u00d3BOWA\u0106 ZA DARMO<\/a><\/div>\n<\/div>\n<\/div><\/div>\n","protected":false},"excerpt":{"rendered":"<p>Jak i gdzie przechowywane s\u0105 Twoje dane? Zobacz, jak zadbali\u015bmy o bezpiecze\u0144stwo Twoich danych w eFaktura.<\/p>\n","protected":false},"author":2,"featured_media":0,"parent":0,"menu_order":0,"comment_status":"closed","ping_status":"closed","template":"","meta":{"_acf_changed":false,"_crdt_document":"","inline_featured_image":false,"footnotes":""},"class_list":["post-9505","page","type-page","status-publish","hentry"],"acf":[],"yoast_head":"<!-- This site is optimized with the Yoast SEO plugin v27.4 - https:\/\/yoast.com\/product\/yoast-seo-wordpress\/ -->\n<title>Bezpiecze\u0144stwo danych - eFaktura.nl<\/title>\n<meta name=\"description\" content=\"Korzystamy z najlepszych system\u00f3w zabezpiecze\u0144, \u017ceby zapewni\u0107 najwy\u017cszy standard bezpiecze\u0144stwa danych u\u017cytkownik\u00f3w eFaktura.\" \/>\n<meta name=\"robots\" content=\"index, follow, max-snippet:-1, max-image-preview:large, max-video-preview:-1\" \/>\n<link rel=\"canonical\" href=\"https:\/\/efaktura.nl\/pl\/bezpieczenstwo-danych\/\" \/>\n<meta property=\"og:locale\" content=\"pl_PL\" \/>\n<meta property=\"og:type\" content=\"article\" \/>\n<meta property=\"og:title\" content=\"Bezpiecze\u0144stwo danych - eFaktura.nl\" \/>\n<meta property=\"og:description\" content=\"Korzystamy z najlepszych system\u00f3w zabezpiecze\u0144, \u017ceby zapewni\u0107 najwy\u017cszy standard bezpiecze\u0144stwa danych u\u017cytkownik\u00f3w eFaktura.\" \/>\n<meta property=\"og:url\" content=\"https:\/\/efaktura.nl\/pl\/bezpieczenstwo-danych\/\" \/>\n<meta property=\"og:site_name\" content=\"eFaktura.nl\" \/>\n<meta property=\"article:publisher\" content=\"https:\/\/www.facebook.com\/efaktura.nl\" \/>\n<meta property=\"article:modified_time\" content=\"2023-11-02T09:02:36+00:00\" \/>\n<meta property=\"og:image\" content=\"https:\/\/efaktura.nl\/wp-content\/uploads\/Projekt-bez-nazwy3.jpg\" \/>\n\t<meta property=\"og:image:width\" content=\"900\" \/>\n\t<meta property=\"og:image:height\" content=\"600\" \/>\n\t<meta property=\"og:image:type\" content=\"image\/jpeg\" \/>\n<meta name=\"twitter:card\" content=\"summary_large_image\" \/>\n<meta name=\"twitter:image\" content=\"https:\/\/efaktura.nl\/wp-content\/uploads\/Projekt-bez-nazwy3.jpg\" \/>\n<script type=\"application\/ld+json\" class=\"yoast-schema-graph\">{\"@context\":\"https:\\\/\\\/schema.org\",\"@graph\":[{\"@type\":\"WebPage\",\"@id\":\"https:\\\/\\\/efaktura.nl\\\/pl\\\/bezpieczenstwo-danych\\\/\",\"url\":\"https:\\\/\\\/efaktura.nl\\\/pl\\\/bezpieczenstwo-danych\\\/\",\"name\":\"Bezpiecze\u0144stwo danych - eFaktura.nl\",\"isPartOf\":{\"@id\":\"https:\\\/\\\/efaktura.nl\\\/pl\\\/#website\"},\"primaryImageOfPage\":{\"@id\":\"https:\\\/\\\/efaktura.nl\\\/pl\\\/bezpieczenstwo-danych\\\/#primaryimage\"},\"image\":{\"@id\":\"https:\\\/\\\/efaktura.nl\\\/pl\\\/bezpieczenstwo-danych\\\/#primaryimage\"},\"thumbnailUrl\":\"https:\\\/\\\/efaktura.nl\\\/wp-content\\\/uploads\\\/cloud.png\",\"datePublished\":\"2022-01-08T11:58:01+00:00\",\"dateModified\":\"2023-11-02T09:02:36+00:00\",\"description\":\"Korzystamy z najlepszych system\u00f3w zabezpiecze\u0144, \u017ceby zapewni\u0107 najwy\u017cszy standard bezpiecze\u0144stwa danych u\u017cytkownik\u00f3w eFaktura.\",\"breadcrumb\":{\"@id\":\"https:\\\/\\\/efaktura.nl\\\/pl\\\/bezpieczenstwo-danych\\\/#breadcrumb\"},\"inLanguage\":\"pl-PL\",\"potentialAction\":[{\"@type\":\"ReadAction\",\"target\":[\"https:\\\/\\\/efaktura.nl\\\/pl\\\/bezpieczenstwo-danych\\\/\"]}]},{\"@type\":\"ImageObject\",\"inLanguage\":\"pl-PL\",\"@id\":\"https:\\\/\\\/efaktura.nl\\\/pl\\\/bezpieczenstwo-danych\\\/#primaryimage\",\"url\":\"https:\\\/\\\/efaktura.nl\\\/wp-content\\\/uploads\\\/cloud.png\",\"contentUrl\":\"https:\\\/\\\/efaktura.nl\\\/wp-content\\\/uploads\\\/cloud.png\"},{\"@type\":\"BreadcrumbList\",\"@id\":\"https:\\\/\\\/efaktura.nl\\\/pl\\\/bezpieczenstwo-danych\\\/#breadcrumb\",\"itemListElement\":[{\"@type\":\"ListItem\",\"position\":1,\"name\":\"Strona g\u0142\u00f3wna\",\"item\":\"https:\\\/\\\/efaktura.nl\\\/pl\\\/new-home\\\/\"},{\"@type\":\"ListItem\",\"position\":2,\"name\":\"Bezpiecze\u0144stwo danych\"}]},{\"@type\":\"WebSite\",\"@id\":\"https:\\\/\\\/efaktura.nl\\\/pl\\\/#website\",\"url\":\"https:\\\/\\\/efaktura.nl\\\/pl\\\/\",\"name\":\"eFaktura.nl\",\"description\":\"\",\"publisher\":{\"@id\":\"https:\\\/\\\/efaktura.nl\\\/pl\\\/#organization\"},\"potentialAction\":[{\"@type\":\"SearchAction\",\"target\":{\"@type\":\"EntryPoint\",\"urlTemplate\":\"https:\\\/\\\/efaktura.nl\\\/pl\\\/?s={search_term_string}\"},\"query-input\":{\"@type\":\"PropertyValueSpecification\",\"valueRequired\":true,\"valueName\":\"search_term_string\"}}],\"inLanguage\":\"pl-PL\"},{\"@type\":\"Organization\",\"@id\":\"https:\\\/\\\/efaktura.nl\\\/pl\\\/#organization\",\"name\":\"eFaktura\",\"url\":\"https:\\\/\\\/efaktura.nl\\\/pl\\\/\",\"logo\":{\"@type\":\"ImageObject\",\"inLanguage\":\"pl-PL\",\"@id\":\"https:\\\/\\\/efaktura.nl\\\/pl\\\/#\\\/schema\\\/logo\\\/image\\\/\",\"url\":\"https:\\\/\\\/efaktura.nl\\\/wp-content\\\/uploads\\\/logo-efaktura-25.svg\",\"contentUrl\":\"https:\\\/\\\/efaktura.nl\\\/wp-content\\\/uploads\\\/logo-efaktura-25.svg\",\"width\":264,\"height\":31,\"caption\":\"eFaktura\"},\"image\":{\"@id\":\"https:\\\/\\\/efaktura.nl\\\/pl\\\/#\\\/schema\\\/logo\\\/image\\\/\"},\"sameAs\":[\"https:\\\/\\\/www.facebook.com\\\/efaktura.nl\",\"https:\\\/\\\/www.instagram.com\\\/efaktura.eu\\\/\",\"https:\\\/\\\/www.youtube.com\\\/channel\\\/UCpx6sOnTCmDMkAG2QEyW9PA\"]}]}<\/script>\n<!-- \/ Yoast SEO plugin. -->","yoast_head_json":{"title":"Bezpiecze\u0144stwo danych - eFaktura.nl","description":"Korzystamy z najlepszych system\u00f3w zabezpiecze\u0144, \u017ceby zapewni\u0107 najwy\u017cszy standard bezpiecze\u0144stwa danych u\u017cytkownik\u00f3w eFaktura.","robots":{"index":"index","follow":"follow","max-snippet":"max-snippet:-1","max-image-preview":"max-image-preview:large","max-video-preview":"max-video-preview:-1"},"canonical":"https:\/\/efaktura.nl\/pl\/bezpieczenstwo-danych\/","og_locale":"pl_PL","og_type":"article","og_title":"Bezpiecze\u0144stwo danych - eFaktura.nl","og_description":"Korzystamy z najlepszych system\u00f3w zabezpiecze\u0144, \u017ceby zapewni\u0107 najwy\u017cszy standard bezpiecze\u0144stwa danych u\u017cytkownik\u00f3w eFaktura.","og_url":"https:\/\/efaktura.nl\/pl\/bezpieczenstwo-danych\/","og_site_name":"eFaktura.nl","article_publisher":"https:\/\/www.facebook.com\/efaktura.nl","article_modified_time":"2023-11-02T09:02:36+00:00","og_image":[{"width":900,"height":600,"url":"https:\/\/efaktura.nl\/wp-content\/uploads\/Projekt-bez-nazwy3.jpg","type":"image\/jpeg"}],"twitter_card":"summary_large_image","twitter_image":"https:\/\/efaktura.nl\/wp-content\/uploads\/Projekt-bez-nazwy3.jpg","schema":{"@context":"https:\/\/schema.org","@graph":[{"@type":"WebPage","@id":"https:\/\/efaktura.nl\/pl\/bezpieczenstwo-danych\/","url":"https:\/\/efaktura.nl\/pl\/bezpieczenstwo-danych\/","name":"Bezpiecze\u0144stwo danych - eFaktura.nl","isPartOf":{"@id":"https:\/\/efaktura.nl\/pl\/#website"},"primaryImageOfPage":{"@id":"https:\/\/efaktura.nl\/pl\/bezpieczenstwo-danych\/#primaryimage"},"image":{"@id":"https:\/\/efaktura.nl\/pl\/bezpieczenstwo-danych\/#primaryimage"},"thumbnailUrl":"https:\/\/efaktura.nl\/wp-content\/uploads\/cloud.png","datePublished":"2022-01-08T11:58:01+00:00","dateModified":"2023-11-02T09:02:36+00:00","description":"Korzystamy z najlepszych system\u00f3w zabezpiecze\u0144, \u017ceby zapewni\u0107 najwy\u017cszy standard bezpiecze\u0144stwa danych u\u017cytkownik\u00f3w eFaktura.","breadcrumb":{"@id":"https:\/\/efaktura.nl\/pl\/bezpieczenstwo-danych\/#breadcrumb"},"inLanguage":"pl-PL","potentialAction":[{"@type":"ReadAction","target":["https:\/\/efaktura.nl\/pl\/bezpieczenstwo-danych\/"]}]},{"@type":"ImageObject","inLanguage":"pl-PL","@id":"https:\/\/efaktura.nl\/pl\/bezpieczenstwo-danych\/#primaryimage","url":"https:\/\/efaktura.nl\/wp-content\/uploads\/cloud.png","contentUrl":"https:\/\/efaktura.nl\/wp-content\/uploads\/cloud.png"},{"@type":"BreadcrumbList","@id":"https:\/\/efaktura.nl\/pl\/bezpieczenstwo-danych\/#breadcrumb","itemListElement":[{"@type":"ListItem","position":1,"name":"Strona g\u0142\u00f3wna","item":"https:\/\/efaktura.nl\/pl\/new-home\/"},{"@type":"ListItem","position":2,"name":"Bezpiecze\u0144stwo danych"}]},{"@type":"WebSite","@id":"https:\/\/efaktura.nl\/pl\/#website","url":"https:\/\/efaktura.nl\/pl\/","name":"eFaktura.nl","description":"","publisher":{"@id":"https:\/\/efaktura.nl\/pl\/#organization"},"potentialAction":[{"@type":"SearchAction","target":{"@type":"EntryPoint","urlTemplate":"https:\/\/efaktura.nl\/pl\/?s={search_term_string}"},"query-input":{"@type":"PropertyValueSpecification","valueRequired":true,"valueName":"search_term_string"}}],"inLanguage":"pl-PL"},{"@type":"Organization","@id":"https:\/\/efaktura.nl\/pl\/#organization","name":"eFaktura","url":"https:\/\/efaktura.nl\/pl\/","logo":{"@type":"ImageObject","inLanguage":"pl-PL","@id":"https:\/\/efaktura.nl\/pl\/#\/schema\/logo\/image\/","url":"https:\/\/efaktura.nl\/wp-content\/uploads\/logo-efaktura-25.svg","contentUrl":"https:\/\/efaktura.nl\/wp-content\/uploads\/logo-efaktura-25.svg","width":264,"height":31,"caption":"eFaktura"},"image":{"@id":"https:\/\/efaktura.nl\/pl\/#\/schema\/logo\/image\/"},"sameAs":["https:\/\/www.facebook.com\/efaktura.nl","https:\/\/www.instagram.com\/efaktura.eu\/","https:\/\/www.youtube.com\/channel\/UCpx6sOnTCmDMkAG2QEyW9PA"]}]}},"_links":{"self":[{"href":"https:\/\/efaktura.nl\/pl\/wp-json\/wp\/v2\/pages\/9505","targetHints":{"allow":["GET"]}}],"collection":[{"href":"https:\/\/efaktura.nl\/pl\/wp-json\/wp\/v2\/pages"}],"about":[{"href":"https:\/\/efaktura.nl\/pl\/wp-json\/wp\/v2\/types\/page"}],"author":[{"embeddable":true,"href":"https:\/\/efaktura.nl\/pl\/wp-json\/wp\/v2\/users\/2"}],"replies":[{"embeddable":true,"href":"https:\/\/efaktura.nl\/pl\/wp-json\/wp\/v2\/comments?post=9505"}],"version-history":[{"count":0,"href":"https:\/\/efaktura.nl\/pl\/wp-json\/wp\/v2\/pages\/9505\/revisions"}],"wp:attachment":[{"href":"https:\/\/efaktura.nl\/pl\/wp-json\/wp\/v2\/media?parent=9505"}],"curies":[{"name":"wp","href":"https:\/\/api.w.org\/{rel}","templated":true}]}}